{"id":1492,"date":"2023-06-04T21:42:46","date_gmt":"2023-06-04T21:42:46","guid":{"rendered":"https:\/\/gjuteriteknik.se\/?page_id=1492"},"modified":"2025-10-15T15:56:51","modified_gmt":"2025-10-15T15:56:51","slug":"zinkschule","status":"publish","type":"page","link":"https:\/\/gjuteriteknik.se\/de\/zinkschule\/","title":{"rendered":"Zinkschule"},"content":{"rendered":"<p>[vc_row equal_height=&#8220;yes&#8220; bg_position=&#8220;center center&#8220; bg_attachment=&#8220;fixed&#8220; enable_loading_bg=&#8220;yes&#8220; css=&#8220;.vc_custom_1686262932386{background-image: url(https:\/\/gjuteriteknik.se\/wp-content\/uploads\/2023\/06\/GT-Academy-new-bg2.jpg?id=533) !important;background-position: center !important;background-repeat: no-repeat !important;background-size: cover !important;}&#8220;][vc_column enable_content_animation=&#8220;yes&#8220; ca_init_scale_x=&#8220;1&#8243; ca_init_scale_y=&#8220;1&#8243; ca_init_opacity=&#8220;0&#8243; ca_an_scale_x=&#8220;1&#8243; ca_an_scale_y=&#8220;1&#8243; ca_an_opacity=&#8220;1&#8243; offset=&#8220;vc_col-md-12&#8243; ca_duration=&#8220;1600&#8243; ca_start_delay=&#8220;600&#8243; ca_delay=&#8220;160&#8243; ca_init_translate_y=&#8220;50&#8243; responsive_css=&#8220;padding_top_medium:300px|padding_bottom_medium:300px&#8220; css=&#8220;.vc_custom_1685661752422{padding-top: 140px !important;padding-bottom: 140px !important;}&#8220;][\/vc_column][\/vc_row][vc_row equal_height=&#8220;yes&#8220; content_placement=&#8220;middle&#8220; responsive_css=&#8220;margin_top_large:60px&#8220; css=&#8220;.vc_custom_1687033977473{margin-top: 30px !important;}&#8220;][vc_column]<style>.ld_fancy_heading_69fc714462382 .lqd-highlight-inner{height:0.275em!important;bottom:0px!important;}<\/style><div class=\"ld-fancy-heading ld_fancy_heading_69fc714462382\">\n\t<h1 class=\"ld-fh-element lqd-highlight-underline lqd-highlight-grow-left text-decoration-default\"   >  Unsere zinkschule \u2013 Klicken sie f\u00fcr die reservierung<\/h1><\/div>[\/vc_column][vc_column width=&#8220;1\/4&#8243; css=&#8220;.vc_custom_1736413237307{margin-bottom: 30px !important;padding-top: 50px !important;padding-bottom: 50px !important;background-image: url(https:\/\/gjuteriteknik.se\/wp-content\/uploads\/2023\/06\/gtacademnydatum.jpg?id=1451) !important;background-position: center !important;background-repeat: no-repeat !important;background-size: cover !important;}&#8220; responsive_css=&#8220;margin_bottom_medium:20px|padding_top_medium:50px|padding_bottom_medium:50px&#8220; offset=&#8220;vc_col-xs-6&#8243;]<style>.ld_fancy_heading_69fc714462a29 p{color:rgb(255, 255, 255);}.ld_fancy_heading_69fc714462a29 p {font-size:48px; } @media (min-width: 992px) { .ld_fancy_heading_69fc714462a29 p {font-size:68px; }  } .ld_fancy_heading_69fc714462a29 p {padding-top:20px !important;  } @media (min-width: 992px) { .ld_fancy_heading_69fc714462a29 p {padding-top:20px !important;  }  } .ld_fancy_heading_69fc714462a29 .lqd-highlight-inner{height:0.275em!important;bottom:0px!important;}.ld_fancy_heading_69fc714462a29 p {font-size:48px; } @media (min-width: 992px) { .ld_fancy_heading_69fc714462a29 p {font-size:68px; }  } .ld_fancy_heading_69fc714462a29 p {padding-top:20px !important;  } @media (min-width: 992px) { .ld_fancy_heading_69fc714462a29 p {padding-top:20px !important;  }  } <\/style><div class=\"ld-fancy-heading text-center ld_fancy_heading_69fc714462a29\">\n\t<p class=\"ld-fh-element lqd-highlight-underline lqd-highlight-grow-left text-decoration-default\"   >  <strong>18\/11-25<\/strong><\/p><\/div>[\/vc_column][vc_column width=&#8220;1\/4&#8243; css=&#8220;.vc_custom_1760543705025{margin-bottom: 30px !important;padding-top: 50px !important;padding-bottom: 50px !important;background-image: url(https:\/\/gjuteriteknik.se\/wp-content\/uploads\/2023\/06\/gtacademnydatum.jpg?id=1451) !important;background-position: center !important;background-repeat: no-repeat !important;background-size: cover !important;}&#8220; offset=&#8220;vc_col-xs-6&#8243; responsive_css=&#8220;margin_bottom_medium:20px|padding_top_medium:50px|padding_bottom_medium:50px&#8220;]<style>.ld_fancy_heading_69fc714462ec9 p{color:rgb(255, 255, 255);}.ld_fancy_heading_69fc714462ec9 p {font-size:48px; } @media (min-width: 992px) { .ld_fancy_heading_69fc714462ec9 p {font-size:68px; }  } .ld_fancy_heading_69fc714462ec9 p {padding-top:20px !important;  } @media (min-width: 992px) { .ld_fancy_heading_69fc714462ec9 p {padding-top:20px !important;  }  } .ld_fancy_heading_69fc714462ec9 .lqd-highlight-inner{height:0.275em!important;bottom:0px!important;}.ld_fancy_heading_69fc714462ec9 p {font-size:48px; } @media (min-width: 992px) { .ld_fancy_heading_69fc714462ec9 p {font-size:68px; }  } .ld_fancy_heading_69fc714462ec9 p {padding-top:20px !important;  } @media (min-width: 992px) { .ld_fancy_heading_69fc714462ec9 p {padding-top:20px !important;  }  } <\/style><div class=\"ld-fancy-heading text-center ld_fancy_heading_69fc714462ec9\">\n\t<p class=\"ld-fh-element lqd-highlight-underline lqd-highlight-grow-left text-decoration-default\"   >  <strong>24\/2-26<\/strong><\/p><\/div>[\/vc_column][vc_column width=&#8220;1\/4&#8243; css=&#8220;.vc_custom_1686957403226{margin-bottom: 30px !important;padding-top: 50px !important;padding-bottom: 50px !important;background-image: url(https:\/\/gjuteriteknik.se\/wp-content\/uploads\/2023\/06\/gtacademnydatum.jpg?id=1449) !important;background-position: center !important;background-repeat: no-repeat !important;background-size: cover !important;}&#8220; offset=&#8220;vc_col-xs-6&#8243; responsive_css=&#8220;margin_bottom_medium:20px|padding_top_medium:50px|padding_bottom_medium:50px&#8220;]<style>.ld_fancy_heading_69fc7144630c1 p{color:rgb(255, 255, 255);}.ld_fancy_heading_69fc7144630c1 p {font-size:48px; } @media (min-width: 992px) { .ld_fancy_heading_69fc7144630c1 p {font-size:68px; }  } .ld_fancy_heading_69fc7144630c1 p {padding-top:20px !important;  } @media (min-width: 992px) { .ld_fancy_heading_69fc7144630c1 p {padding-top:20px !important;  }  } .ld_fancy_heading_69fc7144630c1 .lqd-highlight-inner{height:0.275em!important;bottom:0px!important;}.ld_fancy_heading_69fc7144630c1 p {font-size:48px; } @media (min-width: 992px) { .ld_fancy_heading_69fc7144630c1 p {font-size:68px; }  } .ld_fancy_heading_69fc7144630c1 p {padding-top:20px !important;  } @media (min-width: 992px) { .ld_fancy_heading_69fc7144630c1 p {padding-top:20px !important;  }  } <\/style><div class=\"ld-fancy-heading text-center ld_fancy_heading_69fc7144630c1\">\n\t<p class=\"ld-fh-element lqd-highlight-underline lqd-highlight-grow-left text-decoration-default\"   >  <strong>26\/5-26<\/strong><\/p><\/div>[\/vc_column][vc_column width=&#8220;1\/4&#8243; css=&#8220;.vc_custom_1760543683761{margin-bottom: 30px !important;padding-top: 50px !important;padding-bottom: 50px !important;background-image: url(https:\/\/gjuteriteknik.se\/wp-content\/uploads\/2025\/04\/gtacademnydatum_sustainability.jpg?id=2657) !important;background-position: center !important;background-repeat: no-repeat !important;background-size: cover !important;}&#8220; offset=&#8220;vc_col-xs-6&#8243; responsive_css=&#8220;margin_bottom_medium:20px|padding_top_medium:50px|padding_bottom_medium:50px&#8220;]<style>.ld_fancy_heading_69fc71446320a p{color:rgb(255, 255, 255);}.ld_fancy_heading_69fc71446320a p {font-size:48px; } @media (min-width: 992px) { .ld_fancy_heading_69fc71446320a p {font-size:68px; }  } .ld_fancy_heading_69fc71446320a p {padding-top:20px !important;  } @media (min-width: 992px) { .ld_fancy_heading_69fc71446320a p {padding-top:20px !important;  }  } .ld_fancy_heading_69fc71446320a .lqd-highlight-inner{height:0.275em!important;bottom:0px!important;}.ld_fancy_heading_69fc71446320a p {font-size:48px; } @media (min-width: 992px) { .ld_fancy_heading_69fc71446320a p {font-size:68px; }  } .ld_fancy_heading_69fc71446320a p {padding-top:20px !important;  } @media (min-width: 992px) { .ld_fancy_heading_69fc71446320a p {padding-top:20px !important;  }  } <\/style><div class=\"ld-fancy-heading text-center ld_fancy_heading_69fc71446320a\">\n\t<p class=\"ld-fh-element lqd-highlight-underline lqd-highlight-grow-left text-decoration-default\"   >  <strong>25\/8-26<\/strong><\/p><\/div>[\/vc_column][\/vc_row][vc_row full_width=&#8220;stretch_row&#8220; gap=&#8220;0&#8243; content_placement=&#8220;middle&#8220; css=&#8220;.vc_custom_1686259981146{padding-top: 20px !important;padding-bottom: 20px !important;}&#8220; row_hide=&#8220;hidden-xs hidden-sm&#8220;][vc_column][vc_separator][\/vc_column][\/vc_row][vc_row content_placement=&#8220;middle&#8220; responsive_css=&#8220;margin_bottom_large:60px&#8220; css=&#8220;.vc_custom_1685915193206{margin-bottom: 30px !important;}&#8220;][vc_column width=&#8220;1\/2&#8243;]<style>.ld_fancy_heading_69fc714463335 .lqd-highlight-inner{height:0.275em!important;bottom:0px!important;}<\/style><div class=\"ld-fancy-heading ld_fancy_heading_69fc714463335\">\n\t<h1 class=\"ld-fh-element lqd-highlight-underline lqd-highlight-grow-left text-decoration-default\"   >  GT Academy \u2013 Unsere Zinkschule<\/h1><\/div><style>.ld_fancy_heading_69fc714463449 .lqd-highlight-inner{height:0.275em!important;bottom:0px!important;}<\/style><div class=\"ld-fancy-heading ld_fancy_heading_69fc714463449\">\n\t<p class=\"ld-fh-element lqd-highlight-underline lqd-highlight-grow-left text-decoration-default\"   >  Unsere Schulungseinrichtung hei\u00dft GT Academy: hier k\u00f6nnen Sie alles \u00fcber die Entwicklung von kosteneffizienten Zinkdruckgussl\u00f6sungen lernen. Eine perfekte M\u00f6glichkeit f\u00fcr Ihre Projektleiter, Konstrukteure und Eink\u00e4ufer, tiefere Kenntnisse \u00fcber die M\u00f6glichkeiten mit dem Material Zink zu bekommen. Bitte wenden Sie sich an <a href=\"mailto:jonas.abrahamsson@gjuteriteknik.se\">jonas.abrahamsson@gjuteriteknik.se<\/a> f\u00fcr weitere Informationen.<\/p><\/div><a href=\"https:\/\/gtacademy.gjuteriteknik.se\/\" class=\"btn btn-default btn-xlg semi-round btn-bordered border-thin btn-has-label ld_button_69fc7144635ac vc_custom_1707483575880\" >\n\t<span>\n\t\n\t\t\t\t\t<span class=\"btn-txt\" data-text=\"GT Academy Online\" >GT Academy Online<\/span>\n\t\t\n\t\t\t\t\t<\/span>\n<\/a>\n[\/vc_column][vc_column width=&#8220;1\/2&#8243;][vc_single_image image=&#8220;527&#8243; style=&#8220;vc_box_shadow_border&#8220;][\/vc_column][\/vc_row]<\/p>\n","protected":false},"excerpt":{"rendered":"<p>[vc_row equal_height=&#8220;yes&#8220; bg_position=&#8220;center center&#8220; bg_attachment=&#8220;fixed&#8220; enable_loading_bg=&#8220;yes&#8220; css=&#8220;.vc_custom_1686262932386{background-image: url(https:\/\/gjuteriteknik.se\/wp-content\/uploads\/2023\/06\/GT-Academy-new-bg2.jpg?id=533) !important;background-position: center !important;background-repeat: no-repeat !important;background-size: cover !important;}&#8220;][vc_column enable_content_animation=&#8220;yes&#8220; ca_init_scale_x=&#8220;1&#8243; ca_init_scale_y=&#8220;1&#8243; ca_init_opacity=&#8220;0&#8243; ca_an_scale_x=&#8220;1&#8243; ca_an_scale_y=&#8220;1&#8243; ca_an_opacity=&#8220;1&#8243; offset=&#8220;vc_col-md-12&#8243; ca_duration=&#8220;1600&#8243; ca_start_delay=&#8220;600&#8243; ca_delay=&#8220;160&#8243; ca_init_translate_y=&#8220;50&#8243; responsive_css=&#8220;padding_top_medium:300px|padding_bottom_medium:300px&#8220; css=&#8220;.vc_custom_1685661752422{padding-top: 140px !important;padding-bottom: 140px !important;}&#8220;][\/vc_column][\/vc_row][vc_row equal_height=&#8220;yes&#8220; content_placement=&#8220;middle&#8220; responsive_css=&#8220;margin_top_large:60px&#8220; css=&#8220;.vc_custom_1687033977473{margin-top: 30px !important;}&#8220;][vc_column][\/vc_column][vc_column width=&#8220;1\/4&#8243; css=&#8220;.vc_custom_1736413237307{margin-bottom: 30px !important;padding-top: 50px !important;padding-bottom: 50px !important;background-image: url(https:\/\/gjuteriteknik.se\/wp-content\/uploads\/2023\/06\/gtacademnydatum.jpg?id=1451) !important;background-position: center !important;background-repeat: no-repeat !important;background-size: cover !important;}&#8220; [&hellip;]<\/p>\n","protected":false},"author":1,"featured_media":1212,"parent":0,"menu_order":0,"comment_status":"closed","ping_status":"closed","template":"","meta":{"iawp_total_views":95,"footnotes":""},"class_list":["post-1492","page","type-page","status-publish","has-post-thumbnail","hentry"],"yoast_head":"<!-- This site is optimized with the Yoast SEO plugin v26.7 - https:\/\/yoast.com\/wordpress\/plugins\/seo\/ -->\n<title>Zinkschule - Gjuteriteknik AB<\/title>\n<meta name=\"robots\" content=\"index, follow, max-snippet:-1, max-image-preview:large, max-video-preview:-1\" \/>\n<link rel=\"canonical\" href=\"https:\/\/gjuteriteknik.se\/gt-academy\/\" \/>\n<meta property=\"og:locale\" content=\"de_DE\" \/>\n<meta property=\"og:type\" content=\"article\" \/>\n<meta property=\"og:title\" content=\"Zinkschule - Gjuteriteknik AB\" \/>\n<meta property=\"og:description\" content=\"[vc_row equal_height=&#8220;yes&#8220; bg_position=&#8220;center center&#8220; bg_attachment=&#8220;fixed&#8220; enable_loading_bg=&#8220;yes&#8220; css=&#8220;.vc_custom_1686262932386{background-image: url(https:\/\/gjuteriteknik.se\/wp-content\/uploads\/2023\/06\/GT-Academy-new-bg2.jpg?id=533) !important;background-position: center !important;background-repeat: no-repeat !important;background-size: cover !important;}&#8220;][vc_column enable_content_animation=&#8220;yes&#8220; ca_init_scale_x=&#8220;1&#8243; ca_init_scale_y=&#8220;1&#8243; ca_init_opacity=&#8220;0&#8243; ca_an_scale_x=&#8220;1&#8243; ca_an_scale_y=&#8220;1&#8243; ca_an_opacity=&#8220;1&#8243; offset=&#8220;vc_col-md-12&#8243; ca_duration=&#8220;1600&#8243; ca_start_delay=&#8220;600&#8243; ca_delay=&#8220;160&#8243; ca_init_translate_y=&#8220;50&#8243; responsive_css=&#8220;padding_top_medium:300px|padding_bottom_medium:300px&#8220; css=&#8220;.vc_custom_1685661752422{padding-top: 140px !important;padding-bottom: 140px !important;}&#8220;][\/vc_column][\/vc_row][vc_row equal_height=&#8220;yes&#8220; content_placement=&#8220;middle&#8220; responsive_css=&#8220;margin_top_large:60px&#8220; css=&#8220;.vc_custom_1687033977473{margin-top: 30px !important;}&#8220;][vc_column][\/vc_column][vc_column width=&#8220;1\/4&#8243; css=&#8220;.vc_custom_1736413237307{margin-bottom: 30px !important;padding-top: 50px !important;padding-bottom: 50px !important;background-image: url(https:\/\/gjuteriteknik.se\/wp-content\/uploads\/2023\/06\/gtacademnydatum.jpg?id=1451) !important;background-position: center !important;background-repeat: no-repeat !important;background-size: cover !important;}&#8220; [&hellip;]\" \/>\n<meta property=\"og:url\" content=\"https:\/\/gjuteriteknik.se\/gt-academy\/\" \/>\n<meta property=\"og:site_name\" content=\"Gjuteriteknik AB\" \/>\n<meta property=\"article:publisher\" content=\"https:\/\/www.facebook.com\/gjuteriteknik\/\" \/>\n<meta property=\"article:modified_time\" content=\"2025-10-15T15:56:51+00:00\" \/>\n<meta property=\"og:image\" content=\"https:\/\/gjuteriteknik.se\/wp-content\/uploads\/2023\/06\/gtacademy.jpg\" \/>\n\t<meta property=\"og:image:width\" content=\"1928\" \/>\n\t<meta property=\"og:image:height\" content=\"650\" \/>\n\t<meta property=\"og:image:type\" content=\"image\/jpeg\" \/>\n<meta name=\"twitter:card\" content=\"summary_large_image\" \/>\n<meta name=\"twitter:label1\" content=\"Gesch\u00e4tzte Lesezeit\" \/>\n\t<meta name=\"twitter:data1\" content=\"2\u00a0Minuten\" \/>\n<script type=\"application\/ld+json\" class=\"yoast-schema-graph\">{\"@context\":\"https:\/\/schema.org\",\"@graph\":[{\"@type\":\"WebPage\",\"@id\":\"https:\/\/gjuteriteknik.se\/gt-academy\/\",\"url\":\"https:\/\/gjuteriteknik.se\/gt-academy\/\",\"name\":\"Zinkschule - Gjuteriteknik AB\",\"isPartOf\":{\"@id\":\"https:\/\/gjuteriteknik.se\/#website\"},\"primaryImageOfPage\":{\"@id\":\"https:\/\/gjuteriteknik.se\/gt-academy\/#primaryimage\"},\"image\":{\"@id\":\"https:\/\/gjuteriteknik.se\/gt-academy\/#primaryimage\"},\"thumbnailUrl\":\"https:\/\/gjuteriteknik.se\/wp-content\/uploads\/2023\/06\/gtacademy.jpg\",\"datePublished\":\"2023-06-04T21:42:46+00:00\",\"dateModified\":\"2025-10-15T15:56:51+00:00\",\"breadcrumb\":{\"@id\":\"https:\/\/gjuteriteknik.se\/gt-academy\/#breadcrumb\"},\"inLanguage\":\"de\",\"potentialAction\":[{\"@type\":\"ReadAction\",\"target\":[\"https:\/\/gjuteriteknik.se\/gt-academy\/\"]}]},{\"@type\":\"ImageObject\",\"inLanguage\":\"de\",\"@id\":\"https:\/\/gjuteriteknik.se\/gt-academy\/#primaryimage\",\"url\":\"https:\/\/gjuteriteknik.se\/wp-content\/uploads\/2023\/06\/gtacademy.jpg\",\"contentUrl\":\"https:\/\/gjuteriteknik.se\/wp-content\/uploads\/2023\/06\/gtacademy.jpg\",\"width\":1928,\"height\":650},{\"@type\":\"BreadcrumbList\",\"@id\":\"https:\/\/gjuteriteknik.se\/gt-academy\/#breadcrumb\",\"itemListElement\":[{\"@type\":\"ListItem\",\"position\":1,\"name\":\"Hem\",\"item\":\"https:\/\/gjuteriteknik.se\/\"},{\"@type\":\"ListItem\",\"position\":2,\"name\":\"Zinkschule\"}]},{\"@type\":\"WebSite\",\"@id\":\"https:\/\/gjuteriteknik.se\/#website\",\"url\":\"https:\/\/gjuteriteknik.se\/\",\"name\":\"Gjuteriteknik\",\"description\":\"Specialister inom pressgjutning av zink\",\"publisher\":{\"@id\":\"https:\/\/gjuteriteknik.se\/#organization\"},\"potentialAction\":[{\"@type\":\"SearchAction\",\"target\":{\"@type\":\"EntryPoint\",\"urlTemplate\":\"https:\/\/gjuteriteknik.se\/?s={search_term_string}\"},\"query-input\":{\"@type\":\"PropertyValueSpecification\",\"valueRequired\":true,\"valueName\":\"search_term_string\"}}],\"inLanguage\":\"de\"},{\"@type\":\"Organization\",\"@id\":\"https:\/\/gjuteriteknik.se\/#organization\",\"name\":\"Gjuteriteknik\",\"url\":\"https:\/\/gjuteriteknik.se\/\",\"logo\":{\"@type\":\"ImageObject\",\"inLanguage\":\"de\",\"@id\":\"https:\/\/gjuteriteknik.se\/#\/schema\/logo\/image\/\",\"url\":\"https:\/\/gjuteriteknik.se\/wp-content\/uploads\/2023\/08\/gtlogo.jpg\",\"contentUrl\":\"https:\/\/gjuteriteknik.se\/wp-content\/uploads\/2023\/08\/gtlogo.jpg\",\"width\":514,\"height\":515,\"caption\":\"Gjuteriteknik\"},\"image\":{\"@id\":\"https:\/\/gjuteriteknik.se\/#\/schema\/logo\/image\/\"},\"sameAs\":[\"https:\/\/www.facebook.com\/gjuteriteknik\/\"]}]}<\/script>\n<!-- \/ Yoast SEO plugin. -->","yoast_head_json":{"title":"Zinkschule - Gjuteriteknik AB","robots":{"index":"index","follow":"follow","max-snippet":"max-snippet:-1","max-image-preview":"max-image-preview:large","max-video-preview":"max-video-preview:-1"},"canonical":"https:\/\/gjuteriteknik.se\/gt-academy\/","og_locale":"de_DE","og_type":"article","og_title":"Zinkschule - Gjuteriteknik AB","og_description":"[vc_row equal_height=&#8220;yes&#8220; bg_position=&#8220;center center&#8220; bg_attachment=&#8220;fixed&#8220; enable_loading_bg=&#8220;yes&#8220; css=&#8220;.vc_custom_1686262932386{background-image: url(https:\/\/gjuteriteknik.se\/wp-content\/uploads\/2023\/06\/GT-Academy-new-bg2.jpg?id=533) !important;background-position: center !important;background-repeat: no-repeat !important;background-size: cover !important;}&#8220;][vc_column enable_content_animation=&#8220;yes&#8220; ca_init_scale_x=&#8220;1&#8243; ca_init_scale_y=&#8220;1&#8243; ca_init_opacity=&#8220;0&#8243; ca_an_scale_x=&#8220;1&#8243; ca_an_scale_y=&#8220;1&#8243; ca_an_opacity=&#8220;1&#8243; offset=&#8220;vc_col-md-12&#8243; ca_duration=&#8220;1600&#8243; ca_start_delay=&#8220;600&#8243; ca_delay=&#8220;160&#8243; ca_init_translate_y=&#8220;50&#8243; responsive_css=&#8220;padding_top_medium:300px|padding_bottom_medium:300px&#8220; css=&#8220;.vc_custom_1685661752422{padding-top: 140px !important;padding-bottom: 140px !important;}&#8220;][\/vc_column][\/vc_row][vc_row equal_height=&#8220;yes&#8220; content_placement=&#8220;middle&#8220; responsive_css=&#8220;margin_top_large:60px&#8220; css=&#8220;.vc_custom_1687033977473{margin-top: 30px !important;}&#8220;][vc_column][\/vc_column][vc_column width=&#8220;1\/4&#8243; css=&#8220;.vc_custom_1736413237307{margin-bottom: 30px !important;padding-top: 50px !important;padding-bottom: 50px !important;background-image: url(https:\/\/gjuteriteknik.se\/wp-content\/uploads\/2023\/06\/gtacademnydatum.jpg?id=1451) !important;background-position: center !important;background-repeat: no-repeat !important;background-size: cover !important;}&#8220; [&hellip;]","og_url":"https:\/\/gjuteriteknik.se\/gt-academy\/","og_site_name":"Gjuteriteknik AB","article_publisher":"https:\/\/www.facebook.com\/gjuteriteknik\/","article_modified_time":"2025-10-15T15:56:51+00:00","og_image":[{"width":1928,"height":650,"url":"https:\/\/gjuteriteknik.se\/wp-content\/uploads\/2023\/06\/gtacademy.jpg","type":"image\/jpeg"}],"twitter_card":"summary_large_image","twitter_misc":{"Gesch\u00e4tzte Lesezeit":"2\u00a0Minuten"},"schema":{"@context":"https:\/\/schema.org","@graph":[{"@type":"WebPage","@id":"https:\/\/gjuteriteknik.se\/gt-academy\/","url":"https:\/\/gjuteriteknik.se\/gt-academy\/","name":"Zinkschule - Gjuteriteknik AB","isPartOf":{"@id":"https:\/\/gjuteriteknik.se\/#website"},"primaryImageOfPage":{"@id":"https:\/\/gjuteriteknik.se\/gt-academy\/#primaryimage"},"image":{"@id":"https:\/\/gjuteriteknik.se\/gt-academy\/#primaryimage"},"thumbnailUrl":"https:\/\/gjuteriteknik.se\/wp-content\/uploads\/2023\/06\/gtacademy.jpg","datePublished":"2023-06-04T21:42:46+00:00","dateModified":"2025-10-15T15:56:51+00:00","breadcrumb":{"@id":"https:\/\/gjuteriteknik.se\/gt-academy\/#breadcrumb"},"inLanguage":"de","potentialAction":[{"@type":"ReadAction","target":["https:\/\/gjuteriteknik.se\/gt-academy\/"]}]},{"@type":"ImageObject","inLanguage":"de","@id":"https:\/\/gjuteriteknik.se\/gt-academy\/#primaryimage","url":"https:\/\/gjuteriteknik.se\/wp-content\/uploads\/2023\/06\/gtacademy.jpg","contentUrl":"https:\/\/gjuteriteknik.se\/wp-content\/uploads\/2023\/06\/gtacademy.jpg","width":1928,"height":650},{"@type":"BreadcrumbList","@id":"https:\/\/gjuteriteknik.se\/gt-academy\/#breadcrumb","itemListElement":[{"@type":"ListItem","position":1,"name":"Hem","item":"https:\/\/gjuteriteknik.se\/"},{"@type":"ListItem","position":2,"name":"Zinkschule"}]},{"@type":"WebSite","@id":"https:\/\/gjuteriteknik.se\/#website","url":"https:\/\/gjuteriteknik.se\/","name":"Gjuteriteknik","description":"Specialister inom pressgjutning av zink","publisher":{"@id":"https:\/\/gjuteriteknik.se\/#organization"},"potentialAction":[{"@type":"SearchAction","target":{"@type":"EntryPoint","urlTemplate":"https:\/\/gjuteriteknik.se\/?s={search_term_string}"},"query-input":{"@type":"PropertyValueSpecification","valueRequired":true,"valueName":"search_term_string"}}],"inLanguage":"de"},{"@type":"Organization","@id":"https:\/\/gjuteriteknik.se\/#organization","name":"Gjuteriteknik","url":"https:\/\/gjuteriteknik.se\/","logo":{"@type":"ImageObject","inLanguage":"de","@id":"https:\/\/gjuteriteknik.se\/#\/schema\/logo\/image\/","url":"https:\/\/gjuteriteknik.se\/wp-content\/uploads\/2023\/08\/gtlogo.jpg","contentUrl":"https:\/\/gjuteriteknik.se\/wp-content\/uploads\/2023\/08\/gtlogo.jpg","width":514,"height":515,"caption":"Gjuteriteknik"},"image":{"@id":"https:\/\/gjuteriteknik.se\/#\/schema\/logo\/image\/"},"sameAs":["https:\/\/www.facebook.com\/gjuteriteknik\/"]}]}},"_links":{"self":[{"href":"https:\/\/gjuteriteknik.se\/de\/wp-json\/wp\/v2\/pages\/1492","targetHints":{"allow":["GET"]}}],"collection":[{"href":"https:\/\/gjuteriteknik.se\/de\/wp-json\/wp\/v2\/pages"}],"about":[{"href":"https:\/\/gjuteriteknik.se\/de\/wp-json\/wp\/v2\/types\/page"}],"author":[{"embeddable":true,"href":"https:\/\/gjuteriteknik.se\/de\/wp-json\/wp\/v2\/users\/1"}],"replies":[{"embeddable":true,"href":"https:\/\/gjuteriteknik.se\/de\/wp-json\/wp\/v2\/comments?post=1492"}],"version-history":[{"count":6,"href":"https:\/\/gjuteriteknik.se\/de\/wp-json\/wp\/v2\/pages\/1492\/revisions"}],"predecessor-version":[{"id":2758,"href":"https:\/\/gjuteriteknik.se\/de\/wp-json\/wp\/v2\/pages\/1492\/revisions\/2758"}],"wp:featuredmedia":[{"embeddable":true,"href":"https:\/\/gjuteriteknik.se\/de\/wp-json\/wp\/v2\/media\/1212"}],"wp:attachment":[{"href":"https:\/\/gjuteriteknik.se\/de\/wp-json\/wp\/v2\/media?parent=1492"}],"curies":[{"name":"wp","href":"https:\/\/api.w.org\/{rel}","templated":true}]}}