{"id":1550,"date":"2023-06-03T21:56:01","date_gmt":"2023-06-03T21:56:01","guid":{"rendered":"https:\/\/gjuteriteknik.se\/?page_id=1550"},"modified":"2023-06-19T21:29:23","modified_gmt":"2023-06-19T21:29:23","slug":"zinkdruckguss","status":"publish","type":"page","link":"https:\/\/gjuteriteknik.se\/de\/zinkdruckguss\/","title":{"rendered":"Zinkdruckguss"},"content":{"rendered":"<p>[vc_row equal_height=&#8220;yes&#8220; bg_position=&#8220;center top&#8220; bg_attachment=&#8220;fixed&#8220; enable_loading_bg=&#8220;yes&#8220; css=&#8220;.vc_custom_1686262985159{background-image: url(https:\/\/gjuteriteknik.se\/wp-content\/uploads\/2023\/06\/gjutning_main.jpg?id=497) !important;background-position: center !important;background-repeat: no-repeat !important;background-size: cover !important;}&#8220;][vc_column enable_content_animation=&#8220;yes&#8220; ca_init_scale_x=&#8220;1&#8243; ca_init_scale_y=&#8220;1&#8243; ca_init_opacity=&#8220;0&#8243; ca_an_scale_x=&#8220;1&#8243; ca_an_scale_y=&#8220;1&#8243; ca_an_opacity=&#8220;1&#8243; offset=&#8220;vc_col-md-12&#8243; ca_duration=&#8220;1600&#8243; ca_start_delay=&#8220;600&#8243; ca_delay=&#8220;160&#8243; ca_init_translate_y=&#8220;50&#8243; responsive_css=&#8220;padding_top_medium:300px|padding_bottom_medium:300px&#8220; css=&#8220;.vc_custom_1685661738291{padding-top: 140px !important;padding-bottom: 140px !important;}&#8220;][\/vc_column][\/vc_row][vc_row content_placement=&#8220;middle&#8220; responsive_css=&#8220;margin_top_large:60px&#8220; css=&#8220;.vc_custom_1685659638776{margin-top: 30px !important;}&#8220;][vc_column width=&#8220;1\/2&#8243;]<style>.ld_fancy_heading_69e3a1040a291 .lqd-highlight-inner{height:0.275em!important;bottom:0px!important;}<\/style><div class=\"ld-fancy-heading ld_fancy_heading_69e3a1040a291\">\n\t<h1 class=\"ld-fh-element lqd-highlight-underline lqd-highlight-grow-left text-decoration-default\"   >  Zinkdruckguss<\/h1><\/div><style>.ld_fancy_heading_69e3a1040a4c3 .lqd-highlight-inner{height:0.275em!important;bottom:0px!important;}<\/style><div class=\"ld-fancy-heading ld_fancy_heading_69e3a1040a4c3\">\n\t<p class=\"ld-fh-element lqd-highlight-underline lqd-highlight-grow-left text-decoration-default\"   >  Druckguss ist ein Herstellungsverfahren, das f\u00fcr verschiedene Materialien verwendet wird. Druckguss kann f\u00fcr Zink, Aluminium und Magnesium verwendet werden. Gjuteriteknik ist jedoch Spezialist f\u00fcr Zinkdruckguss. Als Herstellungsverfahren erinnert Druckguss etwas an Kunststoffspritzguss. Genau wie beim Spritzguss verwenden wir eine Form, in die das Material gespritzt wird. Beim Druckguss handelt es sich aber um ein geschmolzenes Metall, das in die Form gespritzt wird.<\/p><\/div>[\/vc_column][vc_column width=&#8220;1\/2&#8243;][vc_video link=&#8220;https:\/\/www.youtube.com\/watch?v=QNhjvmXeQkk&amp;ab_channel=Gjuteriteknik&#8220; align=&#8220;center&#8220;][\/vc_column][\/vc_row][vc_row full_width=&#8220;stretch_row&#8220; gap=&#8220;0&#8243; css=&#8220;.vc_custom_1686260074389{padding-top: 20px !important;padding-bottom: 20px !important;}&#8220; row_hide=&#8220;hidden-xs hidden-sm&#8220;][vc_column][vc_separator][\/vc_column][\/vc_row][vc_row content_placement=&#8220;middle&#8220;][vc_column width=&#8220;1\/2&#8243;][vc_single_image image=&#8220;505&#8243; style=&#8220;vc_box_shadow_border&#8220;][\/vc_column][vc_column width=&#8220;1\/2&#8243; column_top_onmobile=&#8220;yes&#8220;]<style>.ld_fancy_heading_69e3a1040a646 .lqd-highlight-inner{height:0.275em!important;bottom:0px!important;}<\/style><div class=\"ld-fancy-heading ld_fancy_heading_69e3a1040a646\">\n\t<h1 class=\"ld-fh-element lqd-highlight-underline lqd-highlight-grow-left text-decoration-default\"   >  Kosteneffiziente tachnik<\/h1><\/div><style>.ld_fancy_heading_69e3a1040a79d .lqd-highlight-inner{height:0.275em!important;bottom:0px!important;}<\/style><div class=\"ld-fancy-heading ld_fancy_heading_69e3a1040a79d\">\n\t<p class=\"ld-fh-element lqd-highlight-underline lqd-highlight-grow-left text-decoration-default\"   >  Die Technik ist gut entwickelt und erm\u00f6glicht eine sehr effiziente Herstellung von Produkten \u2013 sehr schnell und mit genauen Ma\u00dfen und Toleranzen. Druckguss ist daher sehr gut f\u00fcr die Herstellung gro\u00dfer St\u00fcckzahlen geeignet. Produkte mit komplizierteren Geometrien k\u00f6nnen kosteneffizient im Druckgussverfahren hergestellt werden.<\/p><\/div>[\/vc_column][\/vc_row][vc_row full_width=&#8220;stretch_row&#8220; gap=&#8220;0&#8243; css=&#8220;.vc_custom_1686260074389{padding-top: 20px !important;padding-bottom: 20px !important;}&#8220; row_hide=&#8220;hidden-xs hidden-sm&#8220;][vc_column][vc_separator][\/vc_column][\/vc_row][vc_row content_placement=&#8220;middle&#8220; responsive_css=&#8220;margin_bottom_large:60px&#8220; css=&#8220;.vc_custom_1685665160391{margin-bottom: 30px !important;}&#8220;][vc_column width=&#8220;1\/2&#8243;]<style>.ld_fancy_heading_69e3a1040a8d8 .lqd-highlight-inner{height:0.275em!important;bottom:0px!important;}<\/style><div class=\"ld-fancy-heading ld_fancy_heading_69e3a1040a8d8\">\n\t<h1 class=\"ld-fh-element lqd-highlight-underline lqd-highlight-grow-left text-decoration-default\"   >  Zink im alltag<\/h1><\/div><style>.ld_fancy_heading_69e3a1040aa25 .lqd-highlight-inner{height:0.275em!important;bottom:0px!important;}<\/style><div class=\"ld-fancy-heading ld_fancy_heading_69e3a1040aa25\">\n\t<p class=\"ld-fh-element lqd-highlight-underline lqd-highlight-grow-left text-decoration-default\"   >  Zink wird als Material f\u00fcr viele allt\u00e4gliche Produkte verwendet, ohne dass allgemein dar\u00fcber nachgedacht wird, dass es sich um Zink handelt. Typische Produkte k\u00f6nnen dabei Handgriffe in Autos sein, es kann sich um den Griff eines Rasierers oder um den Stern ganz vorne an einem Mercedes handeln. Zink kann prinzipiell \u00fcberall verwendet werden, wo f\u00fcr das Produkt ein metallisches Feeling oder Festigkeit, lange Lebensdauer oder spezifische Eigenschaften des Metalls gefordert sind. Wenn die sch\u00fctzenden und abschirmenden Eigenschaften von Zink ben\u00f6tigt werden, wird Zink in der Elektronikindustrie h\u00e4ufig f\u00fcr Ummantelungen und Geh\u00e4use verwendet.<\/p><\/div>[\/vc_column][vc_column width=&#8220;1\/2&#8243;][vc_single_image image=&#8220;504&#8243; style=&#8220;vc_box_shadow_border&#8220;][\/vc_column][\/vc_row][vc_row full_width=&#8220;stretch_row&#8220; gap=&#8220;0&#8243; css=&#8220;.vc_custom_1686260074389{padding-top: 20px !important;padding-bottom: 20px !important;}&#8220; row_hide=&#8220;hidden-xs hidden-sm&#8220;][vc_column][vc_separator][\/vc_column][\/vc_row][vc_row content_placement=&#8220;middle&#8220;][vc_column width=&#8220;1\/2&#8243;][vc_single_image image=&#8220;503&#8243; style=&#8220;vc_box_shadow_border&#8220;][\/vc_column][vc_column width=&#8220;1\/2&#8243; column_top_onmobile=&#8220;yes&#8220;]<style>.ld_fancy_heading_69e3a1040ab63 .lqd-highlight-inner{height:0.275em!important;bottom:0px!important;}<\/style><div class=\"ld-fancy-heading ld_fancy_heading_69e3a1040ab63\">\n\t<h1 class=\"ld-fh-element lqd-highlight-underline lqd-highlight-grow-left text-decoration-default\"   >  Pimpen eines zinkteils<\/h1><\/div><style>.ld_fancy_heading_69e3a1040ac90 .lqd-highlight-inner{height:0.275em!important;bottom:0px!important;}<\/style><div class=\"ld-fancy-heading ld_fancy_heading_69e3a1040ac90\">\n\t<p class=\"ld-fh-element lqd-highlight-underline lqd-highlight-grow-left text-decoration-default\"   >  Die Farbe von Zink ist an sich mattgrau. F\u00fcr Teile, die innerhalb einer H\u00fclle oder an Stellen sitzen, bei denen das Aussehen keine gro\u00dfe Rolle spielt, wird normalerweise das rohe Zink verwendet. Wenn das Teil mehr zum Vorschein kommen soll, kann ihm ein anderer Glanz verliehen werden. Verschiedene Oberfl\u00e4chenbehandlungsverfahren f\u00fchren zu unterschiedlichem Aussehen. Da setzt nur die Fantasie Grenzen!<\/p><\/div>[\/vc_column][\/vc_row][vc_row full_width=&#8220;stretch_row&#8220; gap=&#8220;0&#8243; css=&#8220;.vc_custom_1686260074389{padding-top: 20px !important;padding-bottom: 20px !important;}&#8220; row_hide=&#8220;hidden-xs hidden-sm&#8220;][vc_column][vc_separator][\/vc_column][\/vc_row][vc_row content_placement=&#8220;middle&#8220; responsive_css=&#8220;margin_bottom_large:60px&#8220; css=&#8220;.vc_custom_1685829643396{margin-bottom: 30px !important;}&#8220;][vc_column width=&#8220;1\/2&#8243;]<style>.ld_fancy_heading_69e3a1040add4 .lqd-highlight-inner{height:0.275em!important;bottom:0px!important;}<\/style><div class=\"ld-fancy-heading ld_fancy_heading_69e3a1040add4\">\n\t<h1 class=\"ld-fh-element lqd-highlight-underline lqd-highlight-grow-left text-decoration-default\"   >  Umweltbewusste produktion<\/h1><\/div><style>.ld_fancy_heading_69e3a1040af05 .lqd-highlight-inner{height:0.275em!important;bottom:0px!important;}<\/style><div class=\"ld-fancy-heading ld_fancy_heading_69e3a1040af05\">\n\t<p class=\"ld-fh-element lqd-highlight-underline lqd-highlight-grow-left text-decoration-default\"   >  Die Produktion bei Gjuteriteknik erfolgt durch vollautomatische Prozesse. Hier geht kein Material verloren. Alles \u00fcbrig gebliebene Material wird wiederverwendet und zu neuen Produkten verarbeitet. Zink hat eine niedrige Schmelztemperatur. Dadurch hat es zum Beispiel einen gro\u00dfen Vorteil gegen\u00fcber Aluminium. Der Energieverbrauch wird geringer. Aber trotzdem handelt es sich um ein energieintensives Produktionsverfahren. Um eine saubere Energieversorgung sicherzustellen, hat Gjuteriteknik in Windkraft investiert und heute wird die Fabrik vollst\u00e4ndig mit Energie aus Windkraftanlagen versorgt.<\/p>\n<p>Wollen Sie mehr \u00fcber die Vorteile von Zinkdruckguss erfahren? <a href=\"https:\/\/gjuteriteknik.se\/de\/die-vorteile-von-zink\/\"><strong>Bitte hier klicken!<\/strong><\/a><\/p><\/div>[\/vc_column][vc_column width=&#8220;1\/2&#8243;][vc_single_image image=&#8220;502&#8243; style=&#8220;vc_box_shadow_border&#8220;][\/vc_column][\/vc_row]<\/p>\n","protected":false},"excerpt":{"rendered":"<p>[vc_row equal_height=&#8220;yes&#8220; bg_position=&#8220;center top&#8220; bg_attachment=&#8220;fixed&#8220; enable_loading_bg=&#8220;yes&#8220; css=&#8220;.vc_custom_1686262985159{background-image: url(https:\/\/gjuteriteknik.se\/wp-content\/uploads\/2023\/06\/gjutning_main.jpg?id=497) !important;background-position: center !important;background-repeat: no-repeat !important;background-size: cover !important;}&#8220;][vc_column enable_content_animation=&#8220;yes&#8220; ca_init_scale_x=&#8220;1&#8243; ca_init_scale_y=&#8220;1&#8243; ca_init_opacity=&#8220;0&#8243; ca_an_scale_x=&#8220;1&#8243; ca_an_scale_y=&#8220;1&#8243; ca_an_opacity=&#8220;1&#8243; offset=&#8220;vc_col-md-12&#8243; ca_duration=&#8220;1600&#8243; ca_start_delay=&#8220;600&#8243; ca_delay=&#8220;160&#8243; ca_init_translate_y=&#8220;50&#8243; responsive_css=&#8220;padding_top_medium:300px|padding_bottom_medium:300px&#8220; css=&#8220;.vc_custom_1685661738291{padding-top: 140px !important;padding-bottom: 140px !important;}&#8220;][\/vc_column][\/vc_row][vc_row content_placement=&#8220;middle&#8220; responsive_css=&#8220;margin_top_large:60px&#8220; css=&#8220;.vc_custom_1685659638776{margin-top: 30px !important;}&#8220;][vc_column width=&#8220;1\/2&#8243;][\/vc_column][vc_column width=&#8220;1\/2&#8243;][vc_video link=&#8220;https:\/\/www.youtube.com\/watch?v=QNhjvmXeQkk&amp;ab_channel=Gjuteriteknik&#8220; align=&#8220;center&#8220;][\/vc_column][\/vc_row][vc_row full_width=&#8220;stretch_row&#8220; gap=&#8220;0&#8243; css=&#8220;.vc_custom_1686260074389{padding-top: 20px !important;padding-bottom: 20px !important;}&#8220; row_hide=&#8220;hidden-xs hidden-sm&#8220;][vc_column][vc_separator][\/vc_column][\/vc_row][vc_row content_placement=&#8220;middle&#8220;][vc_column width=&#8220;1\/2&#8243;][vc_single_image image=&#8220;505&#8243; style=&#8220;vc_box_shadow_border&#8220;][\/vc_column][vc_column [&hellip;]<\/p>\n","protected":false},"author":1,"featured_media":1196,"parent":0,"menu_order":0,"comment_status":"closed","ping_status":"closed","template":"","meta":{"iawp_total_views":218,"footnotes":""},"class_list":["post-1550","page","type-page","status-publish","has-post-thumbnail","hentry"],"yoast_head":"<!-- This site is optimized with the Yoast SEO plugin v26.7 - https:\/\/yoast.com\/wordpress\/plugins\/seo\/ -->\n<title>Zinkdruckguss - Gjuteriteknik AB<\/title>\n<meta name=\"robots\" content=\"index, follow, max-snippet:-1, max-image-preview:large, max-video-preview:-1\" \/>\n<link rel=\"canonical\" href=\"https:\/\/gjuteriteknik.se\/de\/zinkdruckguss\/\" \/>\n<meta property=\"og:locale\" content=\"de_DE\" \/>\n<meta property=\"og:type\" content=\"article\" \/>\n<meta property=\"og:title\" content=\"Zinkdruckguss - Gjuteriteknik AB\" \/>\n<meta property=\"og:description\" content=\"[vc_row equal_height=&#8220;yes&#8220; bg_position=&#8220;center top&#8220; bg_attachment=&#8220;fixed&#8220; enable_loading_bg=&#8220;yes&#8220; css=&#8220;.vc_custom_1686262985159{background-image: url(https:\/\/gjuteriteknik.se\/wp-content\/uploads\/2023\/06\/gjutning_main.jpg?id=497) !important;background-position: center !important;background-repeat: no-repeat !important;background-size: cover !important;}&#8220;][vc_column enable_content_animation=&#8220;yes&#8220; ca_init_scale_x=&#8220;1&#8243; ca_init_scale_y=&#8220;1&#8243; ca_init_opacity=&#8220;0&#8243; ca_an_scale_x=&#8220;1&#8243; ca_an_scale_y=&#8220;1&#8243; ca_an_opacity=&#8220;1&#8243; offset=&#8220;vc_col-md-12&#8243; ca_duration=&#8220;1600&#8243; ca_start_delay=&#8220;600&#8243; ca_delay=&#8220;160&#8243; ca_init_translate_y=&#8220;50&#8243; responsive_css=&#8220;padding_top_medium:300px|padding_bottom_medium:300px&#8220; css=&#8220;.vc_custom_1685661738291{padding-top: 140px !important;padding-bottom: 140px !important;}&#8220;][\/vc_column][\/vc_row][vc_row content_placement=&#8220;middle&#8220; responsive_css=&#8220;margin_top_large:60px&#8220; css=&#8220;.vc_custom_1685659638776{margin-top: 30px !important;}&#8220;][vc_column width=&#8220;1\/2&#8243;][\/vc_column][vc_column width=&#8220;1\/2&#8243;][vc_video link=&#8220;https:\/\/www.youtube.com\/watch?v=QNhjvmXeQkk&amp;ab_channel=Gjuteriteknik&#8220; align=&#8220;center&#8220;][\/vc_column][\/vc_row][vc_row full_width=&#8220;stretch_row&#8220; gap=&#8220;0&#8243; css=&#8220;.vc_custom_1686260074389{padding-top: 20px !important;padding-bottom: 20px !important;}&#8220; row_hide=&#8220;hidden-xs hidden-sm&#8220;][vc_column][vc_separator][\/vc_column][\/vc_row][vc_row content_placement=&#8220;middle&#8220;][vc_column width=&#8220;1\/2&#8243;][vc_single_image image=&#8220;505&#8243; style=&#8220;vc_box_shadow_border&#8220;][\/vc_column][vc_column [&hellip;]\" \/>\n<meta property=\"og:url\" content=\"https:\/\/gjuteriteknik.se\/de\/zinkdruckguss\/\" \/>\n<meta property=\"og:site_name\" content=\"Gjuteriteknik AB\" \/>\n<meta property=\"article:publisher\" content=\"https:\/\/www.facebook.com\/gjuteriteknik\/\" \/>\n<meta property=\"article:modified_time\" content=\"2023-06-19T21:29:23+00:00\" \/>\n<meta name=\"twitter:card\" content=\"summary_large_image\" \/>\n<meta name=\"twitter:label1\" content=\"Gesch\u00e4tzte Lesezeit\" \/>\n\t<meta name=\"twitter:data1\" content=\"4\u00a0Minuten\" \/>\n<script type=\"application\/ld+json\" class=\"yoast-schema-graph\">{\"@context\":\"https:\/\/schema.org\",\"@graph\":[{\"@type\":\"WebPage\",\"@id\":\"https:\/\/gjuteriteknik.se\/de\/zinkdruckguss\/\",\"url\":\"https:\/\/gjuteriteknik.se\/de\/zinkdruckguss\/\",\"name\":\"Zinkdruckguss - Gjuteriteknik AB\",\"isPartOf\":{\"@id\":\"https:\/\/gjuteriteknik.se\/#website\"},\"primaryImageOfPage\":{\"@id\":\"https:\/\/gjuteriteknik.se\/de\/zinkdruckguss\/#primaryimage\"},\"image\":{\"@id\":\"https:\/\/gjuteriteknik.se\/de\/zinkdruckguss\/#primaryimage\"},\"thumbnailUrl\":\"https:\/\/gjuteriteknik.se\/wp-content\/uploads\/2023\/06\/pressgjutning_kostnadseffektivt-1.jpg\",\"datePublished\":\"2023-06-03T21:56:01+00:00\",\"dateModified\":\"2023-06-19T21:29:23+00:00\",\"breadcrumb\":{\"@id\":\"https:\/\/gjuteriteknik.se\/de\/zinkdruckguss\/#breadcrumb\"},\"inLanguage\":\"de\",\"potentialAction\":[{\"@type\":\"ReadAction\",\"target\":[\"https:\/\/gjuteriteknik.se\/de\/zinkdruckguss\/\"]}]},{\"@type\":\"ImageObject\",\"inLanguage\":\"de\",\"@id\":\"https:\/\/gjuteriteknik.se\/de\/zinkdruckguss\/#primaryimage\",\"url\":\"https:\/\/gjuteriteknik.se\/wp-content\/uploads\/2023\/06\/pressgjutning_kostnadseffektivt-1.jpg\",\"contentUrl\":\"https:\/\/gjuteriteknik.se\/wp-content\/uploads\/2023\/06\/pressgjutning_kostnadseffektivt-1.jpg\",\"width\":522,\"height\":338},{\"@type\":\"BreadcrumbList\",\"@id\":\"https:\/\/gjuteriteknik.se\/de\/zinkdruckguss\/#breadcrumb\",\"itemListElement\":[{\"@type\":\"ListItem\",\"position\":1,\"name\":\"Hem\",\"item\":\"https:\/\/gjuteriteknik.se\/\"},{\"@type\":\"ListItem\",\"position\":2,\"name\":\"Zinkdruckguss\"}]},{\"@type\":\"WebSite\",\"@id\":\"https:\/\/gjuteriteknik.se\/#website\",\"url\":\"https:\/\/gjuteriteknik.se\/\",\"name\":\"Gjuteriteknik\",\"description\":\"Specialister inom pressgjutning av zink\",\"publisher\":{\"@id\":\"https:\/\/gjuteriteknik.se\/#organization\"},\"potentialAction\":[{\"@type\":\"SearchAction\",\"target\":{\"@type\":\"EntryPoint\",\"urlTemplate\":\"https:\/\/gjuteriteknik.se\/?s={search_term_string}\"},\"query-input\":{\"@type\":\"PropertyValueSpecification\",\"valueRequired\":true,\"valueName\":\"search_term_string\"}}],\"inLanguage\":\"de\"},{\"@type\":\"Organization\",\"@id\":\"https:\/\/gjuteriteknik.se\/#organization\",\"name\":\"Gjuteriteknik\",\"url\":\"https:\/\/gjuteriteknik.se\/\",\"logo\":{\"@type\":\"ImageObject\",\"inLanguage\":\"de\",\"@id\":\"https:\/\/gjuteriteknik.se\/#\/schema\/logo\/image\/\",\"url\":\"https:\/\/gjuteriteknik.se\/wp-content\/uploads\/2023\/08\/gtlogo.jpg\",\"contentUrl\":\"https:\/\/gjuteriteknik.se\/wp-content\/uploads\/2023\/08\/gtlogo.jpg\",\"width\":514,\"height\":515,\"caption\":\"Gjuteriteknik\"},\"image\":{\"@id\":\"https:\/\/gjuteriteknik.se\/#\/schema\/logo\/image\/\"},\"sameAs\":[\"https:\/\/www.facebook.com\/gjuteriteknik\/\"]}]}<\/script>\n<!-- \/ Yoast SEO plugin. -->","yoast_head_json":{"title":"Zinkdruckguss - Gjuteriteknik AB","robots":{"index":"index","follow":"follow","max-snippet":"max-snippet:-1","max-image-preview":"max-image-preview:large","max-video-preview":"max-video-preview:-1"},"canonical":"https:\/\/gjuteriteknik.se\/de\/zinkdruckguss\/","og_locale":"de_DE","og_type":"article","og_title":"Zinkdruckguss - Gjuteriteknik AB","og_description":"[vc_row equal_height=&#8220;yes&#8220; bg_position=&#8220;center top&#8220; bg_attachment=&#8220;fixed&#8220; enable_loading_bg=&#8220;yes&#8220; css=&#8220;.vc_custom_1686262985159{background-image: url(https:\/\/gjuteriteknik.se\/wp-content\/uploads\/2023\/06\/gjutning_main.jpg?id=497) !important;background-position: center !important;background-repeat: no-repeat !important;background-size: cover !important;}&#8220;][vc_column enable_content_animation=&#8220;yes&#8220; ca_init_scale_x=&#8220;1&#8243; ca_init_scale_y=&#8220;1&#8243; ca_init_opacity=&#8220;0&#8243; ca_an_scale_x=&#8220;1&#8243; ca_an_scale_y=&#8220;1&#8243; ca_an_opacity=&#8220;1&#8243; offset=&#8220;vc_col-md-12&#8243; ca_duration=&#8220;1600&#8243; ca_start_delay=&#8220;600&#8243; ca_delay=&#8220;160&#8243; ca_init_translate_y=&#8220;50&#8243; responsive_css=&#8220;padding_top_medium:300px|padding_bottom_medium:300px&#8220; css=&#8220;.vc_custom_1685661738291{padding-top: 140px !important;padding-bottom: 140px !important;}&#8220;][\/vc_column][\/vc_row][vc_row content_placement=&#8220;middle&#8220; responsive_css=&#8220;margin_top_large:60px&#8220; css=&#8220;.vc_custom_1685659638776{margin-top: 30px !important;}&#8220;][vc_column width=&#8220;1\/2&#8243;][\/vc_column][vc_column width=&#8220;1\/2&#8243;][vc_video link=&#8220;https:\/\/www.youtube.com\/watch?v=QNhjvmXeQkk&amp;ab_channel=Gjuteriteknik&#8220; align=&#8220;center&#8220;][\/vc_column][\/vc_row][vc_row full_width=&#8220;stretch_row&#8220; gap=&#8220;0&#8243; css=&#8220;.vc_custom_1686260074389{padding-top: 20px !important;padding-bottom: 20px !important;}&#8220; row_hide=&#8220;hidden-xs hidden-sm&#8220;][vc_column][vc_separator][\/vc_column][\/vc_row][vc_row content_placement=&#8220;middle&#8220;][vc_column width=&#8220;1\/2&#8243;][vc_single_image image=&#8220;505&#8243; style=&#8220;vc_box_shadow_border&#8220;][\/vc_column][vc_column [&hellip;]","og_url":"https:\/\/gjuteriteknik.se\/de\/zinkdruckguss\/","og_site_name":"Gjuteriteknik AB","article_publisher":"https:\/\/www.facebook.com\/gjuteriteknik\/","article_modified_time":"2023-06-19T21:29:23+00:00","twitter_card":"summary_large_image","twitter_misc":{"Gesch\u00e4tzte Lesezeit":"4\u00a0Minuten"},"schema":{"@context":"https:\/\/schema.org","@graph":[{"@type":"WebPage","@id":"https:\/\/gjuteriteknik.se\/de\/zinkdruckguss\/","url":"https:\/\/gjuteriteknik.se\/de\/zinkdruckguss\/","name":"Zinkdruckguss - Gjuteriteknik AB","isPartOf":{"@id":"https:\/\/gjuteriteknik.se\/#website"},"primaryImageOfPage":{"@id":"https:\/\/gjuteriteknik.se\/de\/zinkdruckguss\/#primaryimage"},"image":{"@id":"https:\/\/gjuteriteknik.se\/de\/zinkdruckguss\/#primaryimage"},"thumbnailUrl":"https:\/\/gjuteriteknik.se\/wp-content\/uploads\/2023\/06\/pressgjutning_kostnadseffektivt-1.jpg","datePublished":"2023-06-03T21:56:01+00:00","dateModified":"2023-06-19T21:29:23+00:00","breadcrumb":{"@id":"https:\/\/gjuteriteknik.se\/de\/zinkdruckguss\/#breadcrumb"},"inLanguage":"de","potentialAction":[{"@type":"ReadAction","target":["https:\/\/gjuteriteknik.se\/de\/zinkdruckguss\/"]}]},{"@type":"ImageObject","inLanguage":"de","@id":"https:\/\/gjuteriteknik.se\/de\/zinkdruckguss\/#primaryimage","url":"https:\/\/gjuteriteknik.se\/wp-content\/uploads\/2023\/06\/pressgjutning_kostnadseffektivt-1.jpg","contentUrl":"https:\/\/gjuteriteknik.se\/wp-content\/uploads\/2023\/06\/pressgjutning_kostnadseffektivt-1.jpg","width":522,"height":338},{"@type":"BreadcrumbList","@id":"https:\/\/gjuteriteknik.se\/de\/zinkdruckguss\/#breadcrumb","itemListElement":[{"@type":"ListItem","position":1,"name":"Hem","item":"https:\/\/gjuteriteknik.se\/"},{"@type":"ListItem","position":2,"name":"Zinkdruckguss"}]},{"@type":"WebSite","@id":"https:\/\/gjuteriteknik.se\/#website","url":"https:\/\/gjuteriteknik.se\/","name":"Gjuteriteknik","description":"Specialister inom pressgjutning av zink","publisher":{"@id":"https:\/\/gjuteriteknik.se\/#organization"},"potentialAction":[{"@type":"SearchAction","target":{"@type":"EntryPoint","urlTemplate":"https:\/\/gjuteriteknik.se\/?s={search_term_string}"},"query-input":{"@type":"PropertyValueSpecification","valueRequired":true,"valueName":"search_term_string"}}],"inLanguage":"de"},{"@type":"Organization","@id":"https:\/\/gjuteriteknik.se\/#organization","name":"Gjuteriteknik","url":"https:\/\/gjuteriteknik.se\/","logo":{"@type":"ImageObject","inLanguage":"de","@id":"https:\/\/gjuteriteknik.se\/#\/schema\/logo\/image\/","url":"https:\/\/gjuteriteknik.se\/wp-content\/uploads\/2023\/08\/gtlogo.jpg","contentUrl":"https:\/\/gjuteriteknik.se\/wp-content\/uploads\/2023\/08\/gtlogo.jpg","width":514,"height":515,"caption":"Gjuteriteknik"},"image":{"@id":"https:\/\/gjuteriteknik.se\/#\/schema\/logo\/image\/"},"sameAs":["https:\/\/www.facebook.com\/gjuteriteknik\/"]}]}},"_links":{"self":[{"href":"https:\/\/gjuteriteknik.se\/de\/wp-json\/wp\/v2\/pages\/1550","targetHints":{"allow":["GET"]}}],"collection":[{"href":"https:\/\/gjuteriteknik.se\/de\/wp-json\/wp\/v2\/pages"}],"about":[{"href":"https:\/\/gjuteriteknik.se\/de\/wp-json\/wp\/v2\/types\/page"}],"author":[{"embeddable":true,"href":"https:\/\/gjuteriteknik.se\/de\/wp-json\/wp\/v2\/users\/1"}],"replies":[{"embeddable":true,"href":"https:\/\/gjuteriteknik.se\/de\/wp-json\/wp\/v2\/comments?post=1550"}],"version-history":[{"count":5,"href":"https:\/\/gjuteriteknik.se\/de\/wp-json\/wp\/v2\/pages\/1550\/revisions"}],"predecessor-version":[{"id":1808,"href":"https:\/\/gjuteriteknik.se\/de\/wp-json\/wp\/v2\/pages\/1550\/revisions\/1808"}],"wp:featuredmedia":[{"embeddable":true,"href":"https:\/\/gjuteriteknik.se\/de\/wp-json\/wp\/v2\/media\/1196"}],"wp:attachment":[{"href":"https:\/\/gjuteriteknik.se\/de\/wp-json\/wp\/v2\/media?parent=1550"}],"curies":[{"name":"wp","href":"https:\/\/api.w.org\/{rel}","templated":true}]}}