{"id":1568,"date":"2023-06-07T21:21:36","date_gmt":"2023-06-07T21:21:36","guid":{"rendered":"https:\/\/gjuteriteknik.se\/?page_id=1568"},"modified":"2023-06-17T21:33:19","modified_gmt":"2023-06-17T21:33:19","slug":"referenzen","status":"publish","type":"page","link":"https:\/\/gjuteriteknik.se\/de\/referenzen\/","title":{"rendered":"Referenzen"},"content":{"rendered":"<p>[vc_row equal_height=&#8220;yes&#8220; bg_position=&#8220;center top&#8220; bg_attachment=&#8220;fixed&#8220; enable_loading_bg=&#8220;yes&#8220; css=&#8220;.vc_custom_1686172727900{background-image: url(https:\/\/gjuteriteknik.se\/wp-content\/uploads\/2023\/06\/referenser_main.jpg?id=686) !important;background-position: center !important;background-repeat: no-repeat !important;background-size: cover !important;}&#8220;][vc_column enable_content_animation=&#8220;yes&#8220; ca_init_scale_x=&#8220;1&#8243; ca_init_scale_y=&#8220;1&#8243; ca_init_opacity=&#8220;0&#8243; ca_an_scale_x=&#8220;1&#8243; ca_an_scale_y=&#8220;1&#8243; ca_an_opacity=&#8220;1&#8243; offset=&#8220;vc_col-md-12&#8243; ca_duration=&#8220;1600&#8243; ca_start_delay=&#8220;600&#8243; ca_delay=&#8220;160&#8243; ca_init_translate_y=&#8220;50&#8243; responsive_css=&#8220;padding_top_medium:300px|padding_bottom_medium:300px&#8220; css=&#8220;.vc_custom_1685661738291{padding-top: 140px !important;padding-bottom: 140px !important;}&#8220;][\/vc_column][\/vc_row][vc_row content_placement=&#8220;middle&#8220; responsive_css=&#8220;margin_top_large:60px&#8220; css=&#8220;.vc_custom_1685659638776{margin-top: 30px !important;}&#8220;][vc_column width=&#8220;1\/2&#8243;]<style>.ld_fancy_heading_6a045c1ed9fc8 .lqd-highlight-inner{height:0.275em!important;bottom:0px!important;}<\/style><div class=\"ld-fancy-heading ld_fancy_heading_6a045c1ed9fc8\">\n\t<h1 class=\"ld-fh-element lqd-highlight-underline lqd-highlight-grow-left text-decoration-default\"   >  Zitat einkauf Ericsson<\/h1><\/div><style>.ld_fancy_heading_6a045c1eda269 .lqd-highlight-inner{height:0.275em!important;bottom:0px!important;}<\/style><div class=\"ld-fancy-heading ld_fancy_heading_6a045c1eda269\">\n\t<p class=\"ld-fh-element lqd-highlight-underline lqd-highlight-grow-left text-decoration-default\"   >  Gjuteriteknik leistet w\u00e4hrend der Designphase hervorragende Arbeit und bietet unserer eigenen Designabteilung gute Unterst\u00fctzung. Es werden h\u00e4ufig Verbesserungs- und \u00c4nderungsvorschl\u00e4ge gemacht, die zu Kosteneinsparungen f\u00fchren, und Probeteile schnell und einfach hergestellt. Die Teile haben durchgehend eine hohe Qualit\u00e4t und die Lieferung erfolgt sehr z\u00fcgig. Dass Gjuteriteknik die volle Verantwortung sowohl f\u00fcr die Oberfl\u00e4chenbehandlung als auch f\u00fcr die Montage \u00fcbernimmt, gef\u00e4llt uns sehr gut. Mit Gjuteriteknik l\u00e4sst sich sehr einfach und gut zusammenarbeiten und das Unternehmen h\u00e4lt stets, was es verspricht.<\/p><\/div>[\/vc_column][vc_column width=&#8220;1\/2&#8243;][vc_single_image image=&#8220;682&#8243; style=&#8220;vc_box_shadow_border&#8220;][\/vc_column][\/vc_row][vc_row full_width=&#8220;stretch_row&#8220; gap=&#8220;0&#8243; responsive_css=&#8220;padding_top_large:20px|padding_bottom_large:20px&#8220; row_hide=&#8220;hidden-xs hidden-sm&#8220;][vc_column][vc_separator][\/vc_column][\/vc_row][vc_row content_placement=&#8220;middle&#8220;][vc_column width=&#8220;1\/2&#8243;][vc_single_image image=&#8220;683&#8243; style=&#8220;vc_box_shadow_border&#8220;][\/vc_column][vc_column width=&#8220;1\/2&#8243; column_top_onmobile=&#8220;yes&#8220;]<style>.ld_fancy_heading_6a045c1eda42b .lqd-highlight-inner{height:0.275em!important;bottom:0px!important;}<\/style><div class=\"ld-fancy-heading ld_fancy_heading_6a045c1eda42b\">\n\t<h1 class=\"ld-fh-element lqd-highlight-underline lqd-highlight-grow-left text-decoration-default\"   >  Zitat Hasselblad<\/h1><\/div><style>.ld_fancy_heading_6a045c1eda5de .lqd-highlight-inner{height:0.275em!important;bottom:0px!important;}<\/style><div class=\"ld-fancy-heading ld_fancy_heading_6a045c1eda5de\">\n\t<p class=\"ld-fh-element lqd-highlight-underline lqd-highlight-grow-left text-decoration-default\"   >  Wir haben bei allen Teilen sehr hohe Anforderungen und deshalb sind uns langfristige Beziehungen zu unseren Lieferanten sehr wichtig. Im Jahr 2000 haben wir mit der Verwendung von Zinkteilen in unseren Kameras begonnen und seither arbeiten wir mit Gjuteriteknik zusammen. Sie freuen sich \u00fcber hohe Anforderungen und geben nicht auf, bevor die erforderliche Qualit\u00e4t erreicht wurde. Jonas und Peter sind Br\u00fcder, die in einer Gussform geboren sein k\u00f6nnten. Sie verstehen, was gemacht werden muss, und machen es. Insgesamt gesehen l\u00e4sst sich mit Gjuteriteknik sehr leicht zusammenarbeiten: Sie sind schnell, flexibel und die Lieferung erfolgt p\u00fcnktlich. Sie gehen als Partner an die Arbeit heran, was f\u00fcr uns sehr wertvoll ist.<\/p><\/div>[\/vc_column][\/vc_row][vc_row full_width=&#8220;stretch_row&#8220; gap=&#8220;0&#8243; responsive_css=&#8220;padding_top_large:20px|padding_bottom_large:20px&#8220; row_hide=&#8220;hidden-xs hidden-sm&#8220;][vc_column][vc_separator][\/vc_column][\/vc_row][vc_row content_placement=&#8220;middle&#8220;][vc_column width=&#8220;1\/2&#8243;]<style>.ld_fancy_heading_6a045c1eda7cf .lqd-highlight-inner{height:0.275em!important;bottom:0px!important;}<\/style><div class=\"ld-fancy-heading ld_fancy_heading_6a045c1eda7cf\">\n\t<h1 class=\"ld-fh-element lqd-highlight-underline lqd-highlight-grow-left text-decoration-default\"   >  Quote einkauf Schneider Electric<\/h1><\/div><style>.ld_fancy_heading_6a045c1eda929 .lqd-highlight-inner{height:0.275em!important;bottom:0px!important;}<\/style><div class=\"ld-fancy-heading ld_fancy_heading_6a045c1eda929\">\n\t<p class=\"ld-fh-element lqd-highlight-underline lqd-highlight-grow-left text-decoration-default\"   >  Gjuteriteknik ist ein sehr zuverl\u00e4ssiger Lieferant. Die Kommunikation funktioniert bei der Entwicklung neuer Teile einwandfrei und die Lieferung erfolgt z\u00fcgig innerhalb der vereinbarten Zeit. Die Qualit\u00e4t ist durch und durch sehr hoch und wir sch\u00e4tzen auch ihre Vielseitigkeit, dass Sie sich z. B. auch um die Verpackung k\u00fcmmern.<\/p><\/div>[\/vc_column][vc_column width=&#8220;1\/2&#8243;][vc_single_image image=&#8220;684&#8243; style=&#8220;vc_box_shadow_border&#8220;][\/vc_column][\/vc_row][vc_row full_width=&#8220;stretch_row&#8220; gap=&#8220;0&#8243; responsive_css=&#8220;padding_top_large:20px|padding_bottom_large:20px&#8220; row_hide=&#8220;hidden-xs hidden-sm&#8220;][vc_column][vc_separator][\/vc_column][\/vc_row][vc_row content_placement=&#8220;middle&#8220; responsive_css=&#8220;margin_bottom_large:60px&#8220; css=&#8220;.vc_custom_1686172783647{margin-bottom: 30px !important;}&#8220;][vc_column width=&#8220;1\/2&#8243;][vc_single_image image=&#8220;685&#8243; style=&#8220;vc_box_shadow_border&#8220;][\/vc_column][vc_column width=&#8220;1\/2&#8243; column_top_onmobile=&#8220;yes&#8220;]<style>.ld_fancy_heading_6a045c1edab07 .lqd-highlight-inner{height:0.275em!important;bottom:0px!important;}<\/style><div class=\"ld-fancy-heading ld_fancy_heading_6a045c1edab07\">\n\t<h1 class=\"ld-fh-element lqd-highlight-underline lqd-highlight-grow-left text-decoration-default\"   >  Zitat Parker<\/h1><\/div><style>.ld_fancy_heading_6a045c1edacc5 .lqd-highlight-inner{height:0.275em!important;bottom:0px!important;}<\/style><div class=\"ld-fancy-heading ld_fancy_heading_6a045c1edacc5\">\n\t<p class=\"ld-fh-element lqd-highlight-underline lqd-highlight-grow-left text-decoration-default\"   >  Gjuteriteknik ist ein Anbieter, der wirklich etwas von Zink versteht. F\u00fcr Parker sind Sie eine erstklassige Wahl.<\/p><\/div>[\/vc_column][\/vc_row]<\/p>\n","protected":false},"excerpt":{"rendered":"<p>[vc_row equal_height=&#8220;yes&#8220; bg_position=&#8220;center top&#8220; bg_attachment=&#8220;fixed&#8220; enable_loading_bg=&#8220;yes&#8220; css=&#8220;.vc_custom_1686172727900{background-image: url(https:\/\/gjuteriteknik.se\/wp-content\/uploads\/2023\/06\/referenser_main.jpg?id=686) !important;background-position: center !important;background-repeat: no-repeat !important;background-size: cover !important;}&#8220;][vc_column enable_content_animation=&#8220;yes&#8220; ca_init_scale_x=&#8220;1&#8243; ca_init_scale_y=&#8220;1&#8243; ca_init_opacity=&#8220;0&#8243; ca_an_scale_x=&#8220;1&#8243; ca_an_scale_y=&#8220;1&#8243; ca_an_opacity=&#8220;1&#8243; offset=&#8220;vc_col-md-12&#8243; ca_duration=&#8220;1600&#8243; ca_start_delay=&#8220;600&#8243; ca_delay=&#8220;160&#8243; ca_init_translate_y=&#8220;50&#8243; responsive_css=&#8220;padding_top_medium:300px|padding_bottom_medium:300px&#8220; css=&#8220;.vc_custom_1685661738291{padding-top: 140px !important;padding-bottom: 140px !important;}&#8220;][\/vc_column][\/vc_row][vc_row content_placement=&#8220;middle&#8220; responsive_css=&#8220;margin_top_large:60px&#8220; css=&#8220;.vc_custom_1685659638776{margin-top: 30px !important;}&#8220;][vc_column width=&#8220;1\/2&#8243;][\/vc_column][vc_column width=&#8220;1\/2&#8243;][vc_single_image image=&#8220;682&#8243; style=&#8220;vc_box_shadow_border&#8220;][\/vc_column][\/vc_row][vc_row full_width=&#8220;stretch_row&#8220; gap=&#8220;0&#8243; responsive_css=&#8220;padding_top_large:20px|padding_bottom_large:20px&#8220; row_hide=&#8220;hidden-xs hidden-sm&#8220;][vc_column][vc_separator][\/vc_column][\/vc_row][vc_row content_placement=&#8220;middle&#8220;][vc_column width=&#8220;1\/2&#8243;][vc_single_image image=&#8220;683&#8243; style=&#8220;vc_box_shadow_border&#8220;][\/vc_column][vc_column width=&#8220;1\/2&#8243; column_top_onmobile=&#8220;yes&#8220;][\/vc_column][\/vc_row][vc_row full_width=&#8220;stretch_row&#8220; gap=&#8220;0&#8243; [&hellip;]<\/p>\n","protected":false},"author":1,"featured_media":1416,"parent":0,"menu_order":0,"comment_status":"closed","ping_status":"closed","template":"","meta":{"iawp_total_views":100,"footnotes":""},"class_list":["post-1568","page","type-page","status-publish","has-post-thumbnail","hentry"],"yoast_head":"<!-- This site is optimized with the Yoast SEO plugin v26.7 - https:\/\/yoast.com\/wordpress\/plugins\/seo\/ -->\n<title>Referenzen - Gjuteriteknik AB<\/title>\n<meta name=\"robots\" content=\"index, follow, max-snippet:-1, max-image-preview:large, max-video-preview:-1\" \/>\n<link rel=\"canonical\" href=\"https:\/\/gjuteriteknik.se\/de\/referenzen\/\" \/>\n<meta property=\"og:locale\" content=\"de_DE\" \/>\n<meta property=\"og:type\" content=\"article\" \/>\n<meta property=\"og:title\" content=\"Referenzen - Gjuteriteknik AB\" \/>\n<meta property=\"og:description\" content=\"[vc_row equal_height=&#8220;yes&#8220; bg_position=&#8220;center top&#8220; bg_attachment=&#8220;fixed&#8220; enable_loading_bg=&#8220;yes&#8220; css=&#8220;.vc_custom_1686172727900{background-image: url(https:\/\/gjuteriteknik.se\/wp-content\/uploads\/2023\/06\/referenser_main.jpg?id=686) !important;background-position: center !important;background-repeat: no-repeat !important;background-size: cover !important;}&#8220;][vc_column enable_content_animation=&#8220;yes&#8220; ca_init_scale_x=&#8220;1&#8243; ca_init_scale_y=&#8220;1&#8243; ca_init_opacity=&#8220;0&#8243; ca_an_scale_x=&#8220;1&#8243; ca_an_scale_y=&#8220;1&#8243; ca_an_opacity=&#8220;1&#8243; offset=&#8220;vc_col-md-12&#8243; ca_duration=&#8220;1600&#8243; ca_start_delay=&#8220;600&#8243; ca_delay=&#8220;160&#8243; ca_init_translate_y=&#8220;50&#8243; responsive_css=&#8220;padding_top_medium:300px|padding_bottom_medium:300px&#8220; css=&#8220;.vc_custom_1685661738291{padding-top: 140px !important;padding-bottom: 140px !important;}&#8220;][\/vc_column][\/vc_row][vc_row content_placement=&#8220;middle&#8220; responsive_css=&#8220;margin_top_large:60px&#8220; css=&#8220;.vc_custom_1685659638776{margin-top: 30px !important;}&#8220;][vc_column width=&#8220;1\/2&#8243;][\/vc_column][vc_column width=&#8220;1\/2&#8243;][vc_single_image image=&#8220;682&#8243; style=&#8220;vc_box_shadow_border&#8220;][\/vc_column][\/vc_row][vc_row full_width=&#8220;stretch_row&#8220; gap=&#8220;0&#8243; responsive_css=&#8220;padding_top_large:20px|padding_bottom_large:20px&#8220; row_hide=&#8220;hidden-xs hidden-sm&#8220;][vc_column][vc_separator][\/vc_column][\/vc_row][vc_row content_placement=&#8220;middle&#8220;][vc_column width=&#8220;1\/2&#8243;][vc_single_image image=&#8220;683&#8243; style=&#8220;vc_box_shadow_border&#8220;][\/vc_column][vc_column width=&#8220;1\/2&#8243; column_top_onmobile=&#8220;yes&#8220;][\/vc_column][\/vc_row][vc_row full_width=&#8220;stretch_row&#8220; gap=&#8220;0&#8243; [&hellip;]\" \/>\n<meta property=\"og:url\" content=\"https:\/\/gjuteriteknik.se\/de\/referenzen\/\" \/>\n<meta property=\"og:site_name\" content=\"Gjuteriteknik AB\" \/>\n<meta property=\"article:publisher\" content=\"https:\/\/www.facebook.com\/gjuteriteknik\/\" \/>\n<meta property=\"article:modified_time\" content=\"2023-06-17T21:33:19+00:00\" \/>\n<meta name=\"twitter:card\" content=\"summary_large_image\" \/>\n<meta name=\"twitter:label1\" content=\"Gesch\u00e4tzte Lesezeit\" \/>\n\t<meta name=\"twitter:data1\" content=\"3\u00a0Minuten\" \/>\n<script type=\"application\/ld+json\" class=\"yoast-schema-graph\">{\"@context\":\"https:\/\/schema.org\",\"@graph\":[{\"@type\":\"WebPage\",\"@id\":\"https:\/\/gjuteriteknik.se\/de\/referenzen\/\",\"url\":\"https:\/\/gjuteriteknik.se\/de\/referenzen\/\",\"name\":\"Referenzen - Gjuteriteknik AB\",\"isPartOf\":{\"@id\":\"https:\/\/gjuteriteknik.se\/#website\"},\"primaryImageOfPage\":{\"@id\":\"https:\/\/gjuteriteknik.se\/de\/referenzen\/#primaryimage\"},\"image\":{\"@id\":\"https:\/\/gjuteriteknik.se\/de\/referenzen\/#primaryimage\"},\"thumbnailUrl\":\"https:\/\/gjuteriteknik.se\/wp-content\/uploads\/2023\/06\/referenser-meny.jpg\",\"datePublished\":\"2023-06-07T21:21:36+00:00\",\"dateModified\":\"2023-06-17T21:33:19+00:00\",\"breadcrumb\":{\"@id\":\"https:\/\/gjuteriteknik.se\/de\/referenzen\/#breadcrumb\"},\"inLanguage\":\"de\",\"potentialAction\":[{\"@type\":\"ReadAction\",\"target\":[\"https:\/\/gjuteriteknik.se\/de\/referenzen\/\"]}]},{\"@type\":\"ImageObject\",\"inLanguage\":\"de\",\"@id\":\"https:\/\/gjuteriteknik.se\/de\/referenzen\/#primaryimage\",\"url\":\"https:\/\/gjuteriteknik.se\/wp-content\/uploads\/2023\/06\/referenser-meny.jpg\",\"contentUrl\":\"https:\/\/gjuteriteknik.se\/wp-content\/uploads\/2023\/06\/referenser-meny.jpg\",\"width\":522,\"height\":338},{\"@type\":\"BreadcrumbList\",\"@id\":\"https:\/\/gjuteriteknik.se\/de\/referenzen\/#breadcrumb\",\"itemListElement\":[{\"@type\":\"ListItem\",\"position\":1,\"name\":\"Hem\",\"item\":\"https:\/\/gjuteriteknik.se\/\"},{\"@type\":\"ListItem\",\"position\":2,\"name\":\"Referenzen\"}]},{\"@type\":\"WebSite\",\"@id\":\"https:\/\/gjuteriteknik.se\/#website\",\"url\":\"https:\/\/gjuteriteknik.se\/\",\"name\":\"Gjuteriteknik\",\"description\":\"Specialister inom pressgjutning av zink\",\"publisher\":{\"@id\":\"https:\/\/gjuteriteknik.se\/#organization\"},\"potentialAction\":[{\"@type\":\"SearchAction\",\"target\":{\"@type\":\"EntryPoint\",\"urlTemplate\":\"https:\/\/gjuteriteknik.se\/?s={search_term_string}\"},\"query-input\":{\"@type\":\"PropertyValueSpecification\",\"valueRequired\":true,\"valueName\":\"search_term_string\"}}],\"inLanguage\":\"de\"},{\"@type\":\"Organization\",\"@id\":\"https:\/\/gjuteriteknik.se\/#organization\",\"name\":\"Gjuteriteknik\",\"url\":\"https:\/\/gjuteriteknik.se\/\",\"logo\":{\"@type\":\"ImageObject\",\"inLanguage\":\"de\",\"@id\":\"https:\/\/gjuteriteknik.se\/#\/schema\/logo\/image\/\",\"url\":\"https:\/\/gjuteriteknik.se\/wp-content\/uploads\/2023\/08\/gtlogo.jpg\",\"contentUrl\":\"https:\/\/gjuteriteknik.se\/wp-content\/uploads\/2023\/08\/gtlogo.jpg\",\"width\":514,\"height\":515,\"caption\":\"Gjuteriteknik\"},\"image\":{\"@id\":\"https:\/\/gjuteriteknik.se\/#\/schema\/logo\/image\/\"},\"sameAs\":[\"https:\/\/www.facebook.com\/gjuteriteknik\/\"]}]}<\/script>\n<!-- \/ Yoast SEO plugin. -->","yoast_head_json":{"title":"Referenzen - Gjuteriteknik AB","robots":{"index":"index","follow":"follow","max-snippet":"max-snippet:-1","max-image-preview":"max-image-preview:large","max-video-preview":"max-video-preview:-1"},"canonical":"https:\/\/gjuteriteknik.se\/de\/referenzen\/","og_locale":"de_DE","og_type":"article","og_title":"Referenzen - Gjuteriteknik AB","og_description":"[vc_row equal_height=&#8220;yes&#8220; bg_position=&#8220;center top&#8220; bg_attachment=&#8220;fixed&#8220; enable_loading_bg=&#8220;yes&#8220; css=&#8220;.vc_custom_1686172727900{background-image: url(https:\/\/gjuteriteknik.se\/wp-content\/uploads\/2023\/06\/referenser_main.jpg?id=686) !important;background-position: center !important;background-repeat: no-repeat !important;background-size: cover !important;}&#8220;][vc_column enable_content_animation=&#8220;yes&#8220; ca_init_scale_x=&#8220;1&#8243; ca_init_scale_y=&#8220;1&#8243; ca_init_opacity=&#8220;0&#8243; ca_an_scale_x=&#8220;1&#8243; ca_an_scale_y=&#8220;1&#8243; ca_an_opacity=&#8220;1&#8243; offset=&#8220;vc_col-md-12&#8243; ca_duration=&#8220;1600&#8243; ca_start_delay=&#8220;600&#8243; ca_delay=&#8220;160&#8243; ca_init_translate_y=&#8220;50&#8243; responsive_css=&#8220;padding_top_medium:300px|padding_bottom_medium:300px&#8220; css=&#8220;.vc_custom_1685661738291{padding-top: 140px !important;padding-bottom: 140px !important;}&#8220;][\/vc_column][\/vc_row][vc_row content_placement=&#8220;middle&#8220; responsive_css=&#8220;margin_top_large:60px&#8220; css=&#8220;.vc_custom_1685659638776{margin-top: 30px !important;}&#8220;][vc_column width=&#8220;1\/2&#8243;][\/vc_column][vc_column width=&#8220;1\/2&#8243;][vc_single_image image=&#8220;682&#8243; style=&#8220;vc_box_shadow_border&#8220;][\/vc_column][\/vc_row][vc_row full_width=&#8220;stretch_row&#8220; gap=&#8220;0&#8243; responsive_css=&#8220;padding_top_large:20px|padding_bottom_large:20px&#8220; row_hide=&#8220;hidden-xs hidden-sm&#8220;][vc_column][vc_separator][\/vc_column][\/vc_row][vc_row content_placement=&#8220;middle&#8220;][vc_column width=&#8220;1\/2&#8243;][vc_single_image image=&#8220;683&#8243; style=&#8220;vc_box_shadow_border&#8220;][\/vc_column][vc_column width=&#8220;1\/2&#8243; column_top_onmobile=&#8220;yes&#8220;][\/vc_column][\/vc_row][vc_row full_width=&#8220;stretch_row&#8220; gap=&#8220;0&#8243; [&hellip;]","og_url":"https:\/\/gjuteriteknik.se\/de\/referenzen\/","og_site_name":"Gjuteriteknik AB","article_publisher":"https:\/\/www.facebook.com\/gjuteriteknik\/","article_modified_time":"2023-06-17T21:33:19+00:00","twitter_card":"summary_large_image","twitter_misc":{"Gesch\u00e4tzte Lesezeit":"3\u00a0Minuten"},"schema":{"@context":"https:\/\/schema.org","@graph":[{"@type":"WebPage","@id":"https:\/\/gjuteriteknik.se\/de\/referenzen\/","url":"https:\/\/gjuteriteknik.se\/de\/referenzen\/","name":"Referenzen - Gjuteriteknik AB","isPartOf":{"@id":"https:\/\/gjuteriteknik.se\/#website"},"primaryImageOfPage":{"@id":"https:\/\/gjuteriteknik.se\/de\/referenzen\/#primaryimage"},"image":{"@id":"https:\/\/gjuteriteknik.se\/de\/referenzen\/#primaryimage"},"thumbnailUrl":"https:\/\/gjuteriteknik.se\/wp-content\/uploads\/2023\/06\/referenser-meny.jpg","datePublished":"2023-06-07T21:21:36+00:00","dateModified":"2023-06-17T21:33:19+00:00","breadcrumb":{"@id":"https:\/\/gjuteriteknik.se\/de\/referenzen\/#breadcrumb"},"inLanguage":"de","potentialAction":[{"@type":"ReadAction","target":["https:\/\/gjuteriteknik.se\/de\/referenzen\/"]}]},{"@type":"ImageObject","inLanguage":"de","@id":"https:\/\/gjuteriteknik.se\/de\/referenzen\/#primaryimage","url":"https:\/\/gjuteriteknik.se\/wp-content\/uploads\/2023\/06\/referenser-meny.jpg","contentUrl":"https:\/\/gjuteriteknik.se\/wp-content\/uploads\/2023\/06\/referenser-meny.jpg","width":522,"height":338},{"@type":"BreadcrumbList","@id":"https:\/\/gjuteriteknik.se\/de\/referenzen\/#breadcrumb","itemListElement":[{"@type":"ListItem","position":1,"name":"Hem","item":"https:\/\/gjuteriteknik.se\/"},{"@type":"ListItem","position":2,"name":"Referenzen"}]},{"@type":"WebSite","@id":"https:\/\/gjuteriteknik.se\/#website","url":"https:\/\/gjuteriteknik.se\/","name":"Gjuteriteknik","description":"Specialister inom pressgjutning av zink","publisher":{"@id":"https:\/\/gjuteriteknik.se\/#organization"},"potentialAction":[{"@type":"SearchAction","target":{"@type":"EntryPoint","urlTemplate":"https:\/\/gjuteriteknik.se\/?s={search_term_string}"},"query-input":{"@type":"PropertyValueSpecification","valueRequired":true,"valueName":"search_term_string"}}],"inLanguage":"de"},{"@type":"Organization","@id":"https:\/\/gjuteriteknik.se\/#organization","name":"Gjuteriteknik","url":"https:\/\/gjuteriteknik.se\/","logo":{"@type":"ImageObject","inLanguage":"de","@id":"https:\/\/gjuteriteknik.se\/#\/schema\/logo\/image\/","url":"https:\/\/gjuteriteknik.se\/wp-content\/uploads\/2023\/08\/gtlogo.jpg","contentUrl":"https:\/\/gjuteriteknik.se\/wp-content\/uploads\/2023\/08\/gtlogo.jpg","width":514,"height":515,"caption":"Gjuteriteknik"},"image":{"@id":"https:\/\/gjuteriteknik.se\/#\/schema\/logo\/image\/"},"sameAs":["https:\/\/www.facebook.com\/gjuteriteknik\/"]}]}},"_links":{"self":[{"href":"https:\/\/gjuteriteknik.se\/de\/wp-json\/wp\/v2\/pages\/1568","targetHints":{"allow":["GET"]}}],"collection":[{"href":"https:\/\/gjuteriteknik.se\/de\/wp-json\/wp\/v2\/pages"}],"about":[{"href":"https:\/\/gjuteriteknik.se\/de\/wp-json\/wp\/v2\/types\/page"}],"author":[{"embeddable":true,"href":"https:\/\/gjuteriteknik.se\/de\/wp-json\/wp\/v2\/users\/1"}],"replies":[{"embeddable":true,"href":"https:\/\/gjuteriteknik.se\/de\/wp-json\/wp\/v2\/comments?post=1568"}],"version-history":[{"count":3,"href":"https:\/\/gjuteriteknik.se\/de\/wp-json\/wp\/v2\/pages\/1568\/revisions"}],"predecessor-version":[{"id":1571,"href":"https:\/\/gjuteriteknik.se\/de\/wp-json\/wp\/v2\/pages\/1568\/revisions\/1571"}],"wp:featuredmedia":[{"embeddable":true,"href":"https:\/\/gjuteriteknik.se\/de\/wp-json\/wp\/v2\/media\/1416"}],"wp:attachment":[{"href":"https:\/\/gjuteriteknik.se\/de\/wp-json\/wp\/v2\/media?parent=1568"}],"curies":[{"name":"wp","href":"https:\/\/api.w.org\/{rel}","templated":true}]}}