{"id":1577,"date":"2023-06-07T20:54:59","date_gmt":"2023-06-07T20:54:59","guid":{"rendered":"https:\/\/gjuteriteknik.se\/?page_id=1577"},"modified":"2024-02-26T15:35:42","modified_gmt":"2024-02-26T15:35:42","slug":"sponsoring","status":"publish","type":"page","link":"https:\/\/gjuteriteknik.se\/de\/sponsoring\/","title":{"rendered":"Sponsoring"},"content":{"rendered":"<p>[vc_row equal_height=&#8220;yes&#8220; bg_position=&#8220;center top&#8220; bg_attachment=&#8220;fixed&#8220; enable_loading_bg=&#8220;yes&#8220; css=&#8220;.vc_custom_1686263004478{background-image: url(https:\/\/gjuteriteknik.se\/wp-content\/uploads\/2023\/06\/g02.jpg?id=644) !important;background-position: center !important;background-repeat: no-repeat !important;background-size: cover !important;}&#8220;][vc_column enable_content_animation=&#8220;yes&#8220; ca_init_scale_x=&#8220;1&#8243; ca_init_scale_y=&#8220;1&#8243; ca_init_opacity=&#8220;0&#8243; ca_an_scale_x=&#8220;1&#8243; ca_an_scale_y=&#8220;1&#8243; ca_an_opacity=&#8220;1&#8243; offset=&#8220;vc_col-md-12&#8243; ca_duration=&#8220;1600&#8243; ca_start_delay=&#8220;600&#8243; ca_delay=&#8220;160&#8243; ca_init_translate_y=&#8220;50&#8243; responsive_css=&#8220;padding_top_medium:300px|padding_bottom_medium:300px&#8220; css=&#8220;.vc_custom_1685661752422{padding-top: 140px !important;padding-bottom: 140px !important;}&#8220;][\/vc_column][\/vc_row][vc_row content_placement=&#8220;middle&#8220; responsive_css=&#8220;margin_top_large:60px|margin_bottom_large:60px&#8220; css=&#8220;.vc_custom_1685665903200{margin-top: 30px !important;margin-bottom: 30px !important;}&#8220;][vc_column width=&#8220;1\/2&#8243;]<style>.ld_fancy_heading_6a045c0a44786 .lqd-highlight-inner{height:0.275em!important;bottom:0px!important;}<\/style><div class=\"ld-fancy-heading ld_fancy_heading_6a045c0a44786\">\n\t<h1 class=\"ld-fh-element lqd-highlight-underline lqd-highlight-grow-left text-decoration-default\"   >  Gegebenes kommt zur\u00fcck<\/h1><\/div><style>.ld_fancy_heading_6a045c0a44a37 .lqd-highlight-inner{height:0.275em!important;bottom:0px!important;}<\/style><div class=\"ld-fancy-heading ld_fancy_heading_6a045c0a44a37\">\n\t<p class=\"ld-fh-element lqd-highlight-underline lqd-highlight-grow-left text-decoration-default\"   >  Gegebenes bekommt man zur\u00fcck. Deshalb versuchen wir, die lokalen Vereine so viel wie m\u00f6glich zu sponsern. Au\u00dferdem gef\u00e4llt uns selbstverst\u00e4ndlich der eigentliche Kern des Sports: Der Wille, besser zu werden, sein \u00c4u\u00dferstes zu geben und das Ziel zu fokussieren.<\/p><\/div>[\/vc_column][vc_column width=&#8220;1\/2&#8243;][vc_single_image image=&#8220;2206&#8243; style=&#8220;vc_box_shadow_border&#8220;][\/vc_column][\/vc_row][vc_row content_placement=&#8220;middle&#8220; responsive_css=&#8220;margin_top_large:60px&#8220; css=&#8220;.vc_custom_1686171421766{margin-top: 30px !important;margin-bottom: 30px !important;}&#8220;][vc_column]<style>.ld_fancy_heading_6a045c0a44c2c .lqd-highlight-inner{height:0.275em!important;bottom:0px!important;}<\/style><div class=\"ld-fancy-heading text-center ld_fancy_heading_6a045c0a44c2c\">\n\t<h1 class=\"ld-fh-element lqd-highlight-underline lqd-highlight-grow-left text-decoration-default\"   >  Eine auswahl der von uns gesponserten vereine:<\/h1><\/div>[vc_separator][\/vc_column][\/vc_row][vc_row][vc_column width=&#8220;1\/5&#8243;][vc_single_image image=&#8220;647&#8243; alignment=&#8220;center&#8220; style=&#8220;vc_box_shadow_border&#8220;][\/vc_column][vc_column width=&#8220;1\/5&#8243;][vc_single_image image=&#8220;655&#8243; alignment=&#8220;center&#8220; style=&#8220;vc_box_shadow_border&#8220;][\/vc_column][vc_column width=&#8220;1\/5&#8243;][vc_single_image image=&#8220;656&#8243; alignment=&#8220;center&#8220; style=&#8220;vc_box_shadow_border&#8220;][\/vc_column][vc_column width=&#8220;1\/5&#8243;][vc_single_image image=&#8220;653&#8243; alignment=&#8220;center&#8220; style=&#8220;vc_box_shadow_border&#8220;][\/vc_column][vc_column width=&#8220;1\/5&#8243;][vc_single_image image=&#8220;654&#8243; alignment=&#8220;center&#8220; style=&#8220;vc_box_shadow_border&#8220;][\/vc_column][\/vc_row][vc_row][vc_column width=&#8220;1\/5&#8243;][vc_single_image image=&#8220;651&#8243; alignment=&#8220;center&#8220; style=&#8220;vc_box_shadow_border&#8220;][\/vc_column][vc_column width=&#8220;1\/5&#8243;][vc_single_image image=&#8220;652&#8243; alignment=&#8220;center&#8220; style=&#8220;vc_box_shadow_border&#8220;][\/vc_column][vc_column width=&#8220;1\/5&#8243;][vc_single_image image=&#8220;649&#8243; alignment=&#8220;center&#8220; style=&#8220;vc_box_shadow_border&#8220;][\/vc_column][vc_column width=&#8220;1\/5&#8243;][vc_single_image image=&#8220;646&#8243; alignment=&#8220;center&#8220; style=&#8220;vc_box_shadow_border&#8220;][\/vc_column][vc_column width=&#8220;1\/5&#8243;][vc_single_image image=&#8220;645&#8243; alignment=&#8220;center&#8220; style=&#8220;vc_box_shadow_border&#8220;][\/vc_column][\/vc_row][vc_row responsive_css=&#8220;margin_bottom_medium:60px&#8220; css=&#8220;.vc_custom_1686171663737{margin-bottom: 30px !important;}&#8220;][vc_column width=&#8220;1\/5&#8243;][vc_single_image image=&#8220;658&#8243; alignment=&#8220;center&#8220; style=&#8220;vc_box_shadow_border&#8220;][\/vc_column][vc_column width=&#8220;1\/5&#8243;][vc_single_image image=&#8220;650&#8243; alignment=&#8220;center&#8220; style=&#8220;vc_box_shadow_border&#8220;][\/vc_column][vc_column width=&#8220;1\/5&#8243;][vc_single_image image=&#8220;643&#8243; alignment=&#8220;center&#8220; style=&#8220;vc_box_shadow_border&#8220;][\/vc_column][vc_column width=&#8220;1\/5&#8243;][vc_single_image image=&#8220;642&#8243; alignment=&#8220;center&#8220; style=&#8220;vc_box_shadow_border&#8220;][\/vc_column][vc_column width=&#8220;1\/5&#8243;][vc_single_image image=&#8220;657&#8243; alignment=&#8220;center&#8220; style=&#8220;vc_box_shadow_border&#8220;][\/vc_column][\/vc_row]<\/p>\n","protected":false},"excerpt":{"rendered":"<p>[vc_row equal_height=&#8220;yes&#8220; bg_position=&#8220;center top&#8220; bg_attachment=&#8220;fixed&#8220; enable_loading_bg=&#8220;yes&#8220; css=&#8220;.vc_custom_1686263004478{background-image: url(https:\/\/gjuteriteknik.se\/wp-content\/uploads\/2023\/06\/g02.jpg?id=644) !important;background-position: center !important;background-repeat: no-repeat !important;background-size: cover !important;}&#8220;][vc_column enable_content_animation=&#8220;yes&#8220; ca_init_scale_x=&#8220;1&#8243; ca_init_scale_y=&#8220;1&#8243; ca_init_opacity=&#8220;0&#8243; ca_an_scale_x=&#8220;1&#8243; ca_an_scale_y=&#8220;1&#8243; ca_an_opacity=&#8220;1&#8243; offset=&#8220;vc_col-md-12&#8243; ca_duration=&#8220;1600&#8243; ca_start_delay=&#8220;600&#8243; ca_delay=&#8220;160&#8243; ca_init_translate_y=&#8220;50&#8243; responsive_css=&#8220;padding_top_medium:300px|padding_bottom_medium:300px&#8220; css=&#8220;.vc_custom_1685661752422{padding-top: 140px !important;padding-bottom: 140px !important;}&#8220;][\/vc_column][\/vc_row][vc_row content_placement=&#8220;middle&#8220; responsive_css=&#8220;margin_top_large:60px|margin_bottom_large:60px&#8220; css=&#8220;.vc_custom_1685665903200{margin-top: 30px !important;margin-bottom: 30px !important;}&#8220;][vc_column width=&#8220;1\/2&#8243;][\/vc_column][vc_column width=&#8220;1\/2&#8243;][vc_single_image image=&#8220;2206&#8243; style=&#8220;vc_box_shadow_border&#8220;][\/vc_column][\/vc_row][vc_row content_placement=&#8220;middle&#8220; responsive_css=&#8220;margin_top_large:60px&#8220; css=&#8220;.vc_custom_1686171421766{margin-top: 30px !important;margin-bottom: 30px !important;}&#8220;][vc_column][vc_separator][\/vc_column][\/vc_row][vc_row][vc_column width=&#8220;1\/5&#8243;][vc_single_image image=&#8220;647&#8243; alignment=&#8220;center&#8220; style=&#8220;vc_box_shadow_border&#8220;][\/vc_column][vc_column [&hellip;]<\/p>\n","protected":false},"author":1,"featured_media":1248,"parent":0,"menu_order":0,"comment_status":"closed","ping_status":"closed","template":"","meta":{"iawp_total_views":38,"footnotes":""},"class_list":["post-1577","page","type-page","status-publish","has-post-thumbnail","hentry"],"yoast_head":"<!-- This site is optimized with the Yoast SEO plugin v26.7 - https:\/\/yoast.com\/wordpress\/plugins\/seo\/ -->\n<title>Sponsoring - Gjuteriteknik AB<\/title>\n<meta name=\"robots\" content=\"index, follow, max-snippet:-1, max-image-preview:large, max-video-preview:-1\" \/>\n<link rel=\"canonical\" href=\"https:\/\/gjuteriteknik.se\/en\/sponsoring\/\" \/>\n<meta property=\"og:locale\" content=\"de_DE\" \/>\n<meta property=\"og:type\" content=\"article\" \/>\n<meta property=\"og:title\" content=\"Sponsoring - Gjuteriteknik AB\" \/>\n<meta property=\"og:description\" content=\"[vc_row equal_height=&#8220;yes&#8220; bg_position=&#8220;center top&#8220; bg_attachment=&#8220;fixed&#8220; enable_loading_bg=&#8220;yes&#8220; css=&#8220;.vc_custom_1686263004478{background-image: url(https:\/\/gjuteriteknik.se\/wp-content\/uploads\/2023\/06\/g02.jpg?id=644) !important;background-position: center !important;background-repeat: no-repeat !important;background-size: cover !important;}&#8220;][vc_column enable_content_animation=&#8220;yes&#8220; ca_init_scale_x=&#8220;1&#8243; ca_init_scale_y=&#8220;1&#8243; ca_init_opacity=&#8220;0&#8243; ca_an_scale_x=&#8220;1&#8243; ca_an_scale_y=&#8220;1&#8243; ca_an_opacity=&#8220;1&#8243; offset=&#8220;vc_col-md-12&#8243; ca_duration=&#8220;1600&#8243; ca_start_delay=&#8220;600&#8243; ca_delay=&#8220;160&#8243; ca_init_translate_y=&#8220;50&#8243; responsive_css=&#8220;padding_top_medium:300px|padding_bottom_medium:300px&#8220; css=&#8220;.vc_custom_1685661752422{padding-top: 140px !important;padding-bottom: 140px !important;}&#8220;][\/vc_column][\/vc_row][vc_row content_placement=&#8220;middle&#8220; responsive_css=&#8220;margin_top_large:60px|margin_bottom_large:60px&#8220; css=&#8220;.vc_custom_1685665903200{margin-top: 30px !important;margin-bottom: 30px !important;}&#8220;][vc_column width=&#8220;1\/2&#8243;][\/vc_column][vc_column width=&#8220;1\/2&#8243;][vc_single_image image=&#8220;2206&#8243; style=&#8220;vc_box_shadow_border&#8220;][\/vc_column][\/vc_row][vc_row content_placement=&#8220;middle&#8220; responsive_css=&#8220;margin_top_large:60px&#8220; css=&#8220;.vc_custom_1686171421766{margin-top: 30px !important;margin-bottom: 30px !important;}&#8220;][vc_column][vc_separator][\/vc_column][\/vc_row][vc_row][vc_column width=&#8220;1\/5&#8243;][vc_single_image image=&#8220;647&#8243; alignment=&#8220;center&#8220; style=&#8220;vc_box_shadow_border&#8220;][\/vc_column][vc_column [&hellip;]\" \/>\n<meta property=\"og:url\" content=\"https:\/\/gjuteriteknik.se\/en\/sponsoring\/\" \/>\n<meta property=\"og:site_name\" content=\"Gjuteriteknik AB\" \/>\n<meta property=\"article:publisher\" content=\"https:\/\/www.facebook.com\/gjuteriteknik\/\" \/>\n<meta property=\"article:modified_time\" content=\"2024-02-26T15:35:42+00:00\" \/>\n<meta property=\"og:image\" content=\"https:\/\/gjuteriteknik.se\/wp-content\/uploads\/2023\/06\/g02.jpg\" \/>\n\t<meta property=\"og:image:width\" content=\"1920\" \/>\n\t<meta property=\"og:image:height\" content=\"650\" \/>\n\t<meta property=\"og:image:type\" content=\"image\/jpeg\" \/>\n<meta name=\"twitter:card\" content=\"summary_large_image\" \/>\n<meta name=\"twitter:label1\" content=\"Gesch\u00e4tzte Lesezeit\" \/>\n\t<meta name=\"twitter:data1\" content=\"3\u00a0Minuten\" \/>\n<script type=\"application\/ld+json\" class=\"yoast-schema-graph\">{\"@context\":\"https:\/\/schema.org\",\"@graph\":[{\"@type\":\"WebPage\",\"@id\":\"https:\/\/gjuteriteknik.se\/en\/sponsoring\/\",\"url\":\"https:\/\/gjuteriteknik.se\/en\/sponsoring\/\",\"name\":\"Sponsoring - Gjuteriteknik AB\",\"isPartOf\":{\"@id\":\"https:\/\/gjuteriteknik.se\/#website\"},\"primaryImageOfPage\":{\"@id\":\"https:\/\/gjuteriteknik.se\/en\/sponsoring\/#primaryimage\"},\"image\":{\"@id\":\"https:\/\/gjuteriteknik.se\/en\/sponsoring\/#primaryimage\"},\"thumbnailUrl\":\"https:\/\/gjuteriteknik.se\/wp-content\/uploads\/2023\/06\/g02.jpg\",\"datePublished\":\"2023-06-07T20:54:59+00:00\",\"dateModified\":\"2024-02-26T15:35:42+00:00\",\"breadcrumb\":{\"@id\":\"https:\/\/gjuteriteknik.se\/en\/sponsoring\/#breadcrumb\"},\"inLanguage\":\"de\",\"potentialAction\":[{\"@type\":\"ReadAction\",\"target\":[\"https:\/\/gjuteriteknik.se\/en\/sponsoring\/\"]}]},{\"@type\":\"ImageObject\",\"inLanguage\":\"de\",\"@id\":\"https:\/\/gjuteriteknik.se\/en\/sponsoring\/#primaryimage\",\"url\":\"https:\/\/gjuteriteknik.se\/wp-content\/uploads\/2023\/06\/g02.jpg\",\"contentUrl\":\"https:\/\/gjuteriteknik.se\/wp-content\/uploads\/2023\/06\/g02.jpg\",\"width\":1920,\"height\":650},{\"@type\":\"BreadcrumbList\",\"@id\":\"https:\/\/gjuteriteknik.se\/en\/sponsoring\/#breadcrumb\",\"itemListElement\":[{\"@type\":\"ListItem\",\"position\":1,\"name\":\"Hem\",\"item\":\"https:\/\/gjuteriteknik.se\/\"},{\"@type\":\"ListItem\",\"position\":2,\"name\":\"Sponsoring\"}]},{\"@type\":\"WebSite\",\"@id\":\"https:\/\/gjuteriteknik.se\/#website\",\"url\":\"https:\/\/gjuteriteknik.se\/\",\"name\":\"Gjuteriteknik\",\"description\":\"Specialister inom pressgjutning av zink\",\"publisher\":{\"@id\":\"https:\/\/gjuteriteknik.se\/#organization\"},\"potentialAction\":[{\"@type\":\"SearchAction\",\"target\":{\"@type\":\"EntryPoint\",\"urlTemplate\":\"https:\/\/gjuteriteknik.se\/?s={search_term_string}\"},\"query-input\":{\"@type\":\"PropertyValueSpecification\",\"valueRequired\":true,\"valueName\":\"search_term_string\"}}],\"inLanguage\":\"de\"},{\"@type\":\"Organization\",\"@id\":\"https:\/\/gjuteriteknik.se\/#organization\",\"name\":\"Gjuteriteknik\",\"url\":\"https:\/\/gjuteriteknik.se\/\",\"logo\":{\"@type\":\"ImageObject\",\"inLanguage\":\"de\",\"@id\":\"https:\/\/gjuteriteknik.se\/#\/schema\/logo\/image\/\",\"url\":\"https:\/\/gjuteriteknik.se\/wp-content\/uploads\/2023\/08\/gtlogo.jpg\",\"contentUrl\":\"https:\/\/gjuteriteknik.se\/wp-content\/uploads\/2023\/08\/gtlogo.jpg\",\"width\":514,\"height\":515,\"caption\":\"Gjuteriteknik\"},\"image\":{\"@id\":\"https:\/\/gjuteriteknik.se\/#\/schema\/logo\/image\/\"},\"sameAs\":[\"https:\/\/www.facebook.com\/gjuteriteknik\/\"]}]}<\/script>\n<!-- \/ Yoast SEO plugin. -->","yoast_head_json":{"title":"Sponsoring - Gjuteriteknik AB","robots":{"index":"index","follow":"follow","max-snippet":"max-snippet:-1","max-image-preview":"max-image-preview:large","max-video-preview":"max-video-preview:-1"},"canonical":"https:\/\/gjuteriteknik.se\/en\/sponsoring\/","og_locale":"de_DE","og_type":"article","og_title":"Sponsoring - Gjuteriteknik AB","og_description":"[vc_row equal_height=&#8220;yes&#8220; bg_position=&#8220;center top&#8220; bg_attachment=&#8220;fixed&#8220; enable_loading_bg=&#8220;yes&#8220; css=&#8220;.vc_custom_1686263004478{background-image: url(https:\/\/gjuteriteknik.se\/wp-content\/uploads\/2023\/06\/g02.jpg?id=644) !important;background-position: center !important;background-repeat: no-repeat !important;background-size: cover !important;}&#8220;][vc_column enable_content_animation=&#8220;yes&#8220; ca_init_scale_x=&#8220;1&#8243; ca_init_scale_y=&#8220;1&#8243; ca_init_opacity=&#8220;0&#8243; ca_an_scale_x=&#8220;1&#8243; ca_an_scale_y=&#8220;1&#8243; ca_an_opacity=&#8220;1&#8243; offset=&#8220;vc_col-md-12&#8243; ca_duration=&#8220;1600&#8243; ca_start_delay=&#8220;600&#8243; ca_delay=&#8220;160&#8243; ca_init_translate_y=&#8220;50&#8243; responsive_css=&#8220;padding_top_medium:300px|padding_bottom_medium:300px&#8220; css=&#8220;.vc_custom_1685661752422{padding-top: 140px !important;padding-bottom: 140px !important;}&#8220;][\/vc_column][\/vc_row][vc_row content_placement=&#8220;middle&#8220; responsive_css=&#8220;margin_top_large:60px|margin_bottom_large:60px&#8220; css=&#8220;.vc_custom_1685665903200{margin-top: 30px !important;margin-bottom: 30px !important;}&#8220;][vc_column width=&#8220;1\/2&#8243;][\/vc_column][vc_column width=&#8220;1\/2&#8243;][vc_single_image image=&#8220;2206&#8243; style=&#8220;vc_box_shadow_border&#8220;][\/vc_column][\/vc_row][vc_row content_placement=&#8220;middle&#8220; responsive_css=&#8220;margin_top_large:60px&#8220; css=&#8220;.vc_custom_1686171421766{margin-top: 30px !important;margin-bottom: 30px !important;}&#8220;][vc_column][vc_separator][\/vc_column][\/vc_row][vc_row][vc_column width=&#8220;1\/5&#8243;][vc_single_image image=&#8220;647&#8243; alignment=&#8220;center&#8220; style=&#8220;vc_box_shadow_border&#8220;][\/vc_column][vc_column [&hellip;]","og_url":"https:\/\/gjuteriteknik.se\/en\/sponsoring\/","og_site_name":"Gjuteriteknik AB","article_publisher":"https:\/\/www.facebook.com\/gjuteriteknik\/","article_modified_time":"2024-02-26T15:35:42+00:00","og_image":[{"width":1920,"height":650,"url":"https:\/\/gjuteriteknik.se\/wp-content\/uploads\/2023\/06\/g02.jpg","type":"image\/jpeg"}],"twitter_card":"summary_large_image","twitter_misc":{"Gesch\u00e4tzte Lesezeit":"3\u00a0Minuten"},"schema":{"@context":"https:\/\/schema.org","@graph":[{"@type":"WebPage","@id":"https:\/\/gjuteriteknik.se\/en\/sponsoring\/","url":"https:\/\/gjuteriteknik.se\/en\/sponsoring\/","name":"Sponsoring - Gjuteriteknik AB","isPartOf":{"@id":"https:\/\/gjuteriteknik.se\/#website"},"primaryImageOfPage":{"@id":"https:\/\/gjuteriteknik.se\/en\/sponsoring\/#primaryimage"},"image":{"@id":"https:\/\/gjuteriteknik.se\/en\/sponsoring\/#primaryimage"},"thumbnailUrl":"https:\/\/gjuteriteknik.se\/wp-content\/uploads\/2023\/06\/g02.jpg","datePublished":"2023-06-07T20:54:59+00:00","dateModified":"2024-02-26T15:35:42+00:00","breadcrumb":{"@id":"https:\/\/gjuteriteknik.se\/en\/sponsoring\/#breadcrumb"},"inLanguage":"de","potentialAction":[{"@type":"ReadAction","target":["https:\/\/gjuteriteknik.se\/en\/sponsoring\/"]}]},{"@type":"ImageObject","inLanguage":"de","@id":"https:\/\/gjuteriteknik.se\/en\/sponsoring\/#primaryimage","url":"https:\/\/gjuteriteknik.se\/wp-content\/uploads\/2023\/06\/g02.jpg","contentUrl":"https:\/\/gjuteriteknik.se\/wp-content\/uploads\/2023\/06\/g02.jpg","width":1920,"height":650},{"@type":"BreadcrumbList","@id":"https:\/\/gjuteriteknik.se\/en\/sponsoring\/#breadcrumb","itemListElement":[{"@type":"ListItem","position":1,"name":"Hem","item":"https:\/\/gjuteriteknik.se\/"},{"@type":"ListItem","position":2,"name":"Sponsoring"}]},{"@type":"WebSite","@id":"https:\/\/gjuteriteknik.se\/#website","url":"https:\/\/gjuteriteknik.se\/","name":"Gjuteriteknik","description":"Specialister inom pressgjutning av zink","publisher":{"@id":"https:\/\/gjuteriteknik.se\/#organization"},"potentialAction":[{"@type":"SearchAction","target":{"@type":"EntryPoint","urlTemplate":"https:\/\/gjuteriteknik.se\/?s={search_term_string}"},"query-input":{"@type":"PropertyValueSpecification","valueRequired":true,"valueName":"search_term_string"}}],"inLanguage":"de"},{"@type":"Organization","@id":"https:\/\/gjuteriteknik.se\/#organization","name":"Gjuteriteknik","url":"https:\/\/gjuteriteknik.se\/","logo":{"@type":"ImageObject","inLanguage":"de","@id":"https:\/\/gjuteriteknik.se\/#\/schema\/logo\/image\/","url":"https:\/\/gjuteriteknik.se\/wp-content\/uploads\/2023\/08\/gtlogo.jpg","contentUrl":"https:\/\/gjuteriteknik.se\/wp-content\/uploads\/2023\/08\/gtlogo.jpg","width":514,"height":515,"caption":"Gjuteriteknik"},"image":{"@id":"https:\/\/gjuteriteknik.se\/#\/schema\/logo\/image\/"},"sameAs":["https:\/\/www.facebook.com\/gjuteriteknik\/"]}]}},"_links":{"self":[{"href":"https:\/\/gjuteriteknik.se\/de\/wp-json\/wp\/v2\/pages\/1577","targetHints":{"allow":["GET"]}}],"collection":[{"href":"https:\/\/gjuteriteknik.se\/de\/wp-json\/wp\/v2\/pages"}],"about":[{"href":"https:\/\/gjuteriteknik.se\/de\/wp-json\/wp\/v2\/types\/page"}],"author":[{"embeddable":true,"href":"https:\/\/gjuteriteknik.se\/de\/wp-json\/wp\/v2\/users\/1"}],"replies":[{"embeddable":true,"href":"https:\/\/gjuteriteknik.se\/de\/wp-json\/wp\/v2\/comments?post=1577"}],"version-history":[{"count":5,"href":"https:\/\/gjuteriteknik.se\/de\/wp-json\/wp\/v2\/pages\/1577\/revisions"}],"predecessor-version":[{"id":2210,"href":"https:\/\/gjuteriteknik.se\/de\/wp-json\/wp\/v2\/pages\/1577\/revisions\/2210"}],"wp:featuredmedia":[{"embeddable":true,"href":"https:\/\/gjuteriteknik.se\/de\/wp-json\/wp\/v2\/media\/1248"}],"wp:attachment":[{"href":"https:\/\/gjuteriteknik.se\/de\/wp-json\/wp\/v2\/media?parent=1577"}],"curies":[{"name":"wp","href":"https:\/\/api.w.org\/{rel}","templated":true}]}}