{"id":1585,"date":"2021-03-03T10:01:03","date_gmt":"2021-03-03T10:01:03","guid":{"rendered":"https:\/\/gjuteriteknik.se\/?page_id=1585"},"modified":"2023-06-17T21:43:06","modified_gmt":"2023-06-17T21:43:06","slug":"unser-prozess","status":"publish","type":"page","link":"https:\/\/gjuteriteknik.se\/de\/unser-prozess\/","title":{"rendered":"Unser prozess"},"content":{"rendered":"<p>[vc_row equal_height=&#8220;yes&#8220; bg_position=&#8220;center top&#8220; bg_attachment=&#8220;fixed&#8220; enable_loading_bg=&#8220;yes&#8220; css=&#8220;.vc_custom_1686263013477{background-image: url(https:\/\/gjuteriteknik.se\/wp-content\/uploads\/2023\/06\/var_process_2_main.jpg?id=475) !important;background-position: center !important;background-repeat: no-repeat !important;background-size: cover !important;}&#8220;][vc_column enable_content_animation=&#8220;yes&#8220; ca_init_scale_x=&#8220;1&#8243; ca_init_scale_y=&#8220;1&#8243; ca_init_opacity=&#8220;0&#8243; ca_an_scale_x=&#8220;1&#8243; ca_an_scale_y=&#8220;1&#8243; ca_an_opacity=&#8220;1&#8243; offset=&#8220;vc_col-md-12&#8243; ca_duration=&#8220;1600&#8243; ca_start_delay=&#8220;600&#8243; ca_delay=&#8220;160&#8243; ca_init_translate_y=&#8220;50&#8243; responsive_css=&#8220;padding_top_medium:300px|padding_bottom_medium:300px&#8220; css=&#8220;.vc_custom_1685661752422{padding-top: 140px !important;padding-bottom: 140px !important;}&#8220;][\/vc_column][\/vc_row][vc_row content_placement=&#8220;middle&#8220; responsive_css=&#8220;margin_top_large:60px&#8220; css=&#8220;.vc_custom_1685659638776{margin-top: 30px !important;}&#8220;][vc_column width=&#8220;1\/2&#8243;]<style>.ld_fancy_heading_69f08ca299132 .lqd-highlight-inner{height:0.275em!important;bottom:0px!important;}<\/style><div class=\"ld-fancy-heading ld_fancy_heading_69f08ca299132\">\n\t<h1 class=\"ld-fh-element lqd-highlight-underline lqd-highlight-grow-left text-decoration-default\"   >  Vorstudie<\/h1><\/div><style>.ld_fancy_heading_69f08ca29933a .lqd-highlight-inner{height:0.275em!important;bottom:0px!important;}<\/style><div class=\"ld-fancy-heading ld_fancy_heading_69f08ca29933a\">\n\t<p class=\"ld-fh-element lqd-highlight-underline lqd-highlight-grow-left text-decoration-default\"   >  Die Definition der richtigen Produktkriterien ist \u00e4u\u00dferst wichtig, um eine Optimierung des Produkts und seiner \u201eGie\u00dffreundlichkeit\u201c erreichen zu k\u00f6nnen. In dieser Phase konzentrieren wir uns vor allem auf Faktoren wie Form-Schr\u00e4gwinkel, Toleranzen, Materialst\u00e4rke und Nachbearbeitungsprozesse. Und wir \u201egie\u00dfen\u201c so viele Eigenschaften ein, wie Sie f\u00fcr die Teile w\u00fcnschen. &#8211; Wahre Produktentwicklung also!<\/p><\/div>[\/vc_column][vc_column width=&#8220;1\/2&#8243;][vc_single_image image=&#8220;466&#8243; style=&#8220;vc_box_shadow_border&#8220;][\/vc_column][\/vc_row][vc_row full_width=&#8220;stretch_row&#8220; gap=&#8220;0&#8243; css=&#8220;.vc_custom_1686260178944{padding-top: 20px !important;padding-bottom: 20px !important;}&#8220;][vc_column][vc_separator][\/vc_column][\/vc_row][vc_row content_placement=&#8220;middle&#8220;][vc_column width=&#8220;1\/2&#8243;]<style>.ld_fancy_heading_69f08ca299475 .lqd-highlight-inner{height:0.275em!important;bottom:0px!important;}<\/style><div class=\"ld-fancy-heading ld_fancy_heading_69f08ca299475\">\n\t<h1 class=\"ld-fh-element lqd-highlight-underline lqd-highlight-grow-left text-decoration-default\"   >  Werkzeugdesign<\/h1><\/div><style>.ld_fancy_heading_69f08ca299599 .lqd-highlight-inner{height:0.275em!important;bottom:0px!important;}<\/style><div class=\"ld-fancy-heading ld_fancy_heading_69f08ca299599\">\n\t<p class=\"ld-fh-element lqd-highlight-underline lqd-highlight-grow-left text-decoration-default\"   >  Wir sorgen daf\u00fcr, dass die Werkzeugkonstrukteure fr\u00fchzeitig in den Prozess eingebunden werden. Werkzeuge h\u00f6chster Qualit\u00e4t werden durch die enge Zusammenarbeit mit hoher Kompetenz aus der Region sichergestellt. Computersimulationen und Gie\u00dfberechnungen unterst\u00fctzen uns, die Wirklichkeit weitestgehend nachzuempfinden, um eventuell im Produktionsprozess auftretenden Problemen zuvorzukommen und zu eliminieren. Passendes Design und qualitativ hochwertiges Material f\u00fchren zu langlebigen Werkzeugen.<\/p><\/div>[\/vc_column][vc_column width=&#8220;1\/2&#8243;][vc_single_image image=&#8220;467&#8243; style=&#8220;vc_box_shadow_border&#8220;][\/vc_column][\/vc_row][vc_row full_width=&#8220;stretch_row&#8220; gap=&#8220;0&#8243; css=&#8220;.vc_custom_1686260178944{padding-top: 20px !important;padding-bottom: 20px !important;}&#8220;][vc_column][vc_separator][\/vc_column][\/vc_row][vc_row content_placement=&#8220;middle&#8220;][vc_column width=&#8220;1\/2&#8243;]<style>.ld_fancy_heading_69f08ca2996c9 .lqd-highlight-inner{height:0.275em!important;bottom:0px!important;}<\/style><div class=\"ld-fancy-heading ld_fancy_heading_69f08ca2996c9\">\n\t<h1 class=\"ld-fh-element lqd-highlight-underline lqd-highlight-grow-left text-decoration-default\"   >  Produktion<\/h1><\/div><style>.ld_fancy_heading_69f08ca2997db .lqd-highlight-inner{height:0.275em!important;bottom:0px!important;}<\/style><div class=\"ld-fancy-heading ld_fancy_heading_69f08ca2997db\">\n\t<p class=\"ld-fh-element lqd-highlight-underline lqd-highlight-grow-left text-decoration-default\"   >  Durch die Verwendung von Werkzeugen mit hydraulischen oder mechanischen \u00d6ffnungs- und Schlie\u00dfvorrichtungen k\u00f6nnen wir sehr viel Zeit und Geld f\u00fcr Sie sparen, da sonst vielleicht Nachbearbeitungen erforderlich w\u00e4ren. Um schnell und effizient arbeiten zu k\u00f6nnen verwenden wir f\u00fcr unsere Prozesse einen robotergesteuerten Maschinenpark. Kurzum: Wir haben einen modernen und hoch automatisierten Maschinenpark.<\/p><\/div>[\/vc_column][vc_column width=&#8220;1\/2&#8243;][vc_single_image image=&#8220;468&#8243; style=&#8220;vc_box_shadow_border&#8220;][\/vc_column][\/vc_row][vc_row full_width=&#8220;stretch_row&#8220; gap=&#8220;0&#8243; css=&#8220;.vc_custom_1686260178944{padding-top: 20px !important;padding-bottom: 20px !important;}&#8220;][vc_column][vc_separator][\/vc_column][\/vc_row][vc_row content_placement=&#8220;middle&#8220;][vc_column width=&#8220;1\/2&#8243;]<style>.ld_fancy_heading_69f08ca2998f0 .lqd-highlight-inner{height:0.275em!important;bottom:0px!important;}<\/style><div class=\"ld-fancy-heading ld_fancy_heading_69f08ca2998f0\">\n\t<h1 class=\"ld-fh-element lqd-highlight-underline lqd-highlight-grow-left text-decoration-default\"   >  Bearbeitung\/ Oberfl\u00e4chenbehandlung<\/h1><\/div><style>.ld_fancy_heading_69f08ca299a07 .lqd-highlight-inner{height:0.275em!important;bottom:0px!important;}<\/style><div class=\"ld-fancy-heading ld_fancy_heading_69f08ca299a07\">\n\t<p class=\"ld-fh-element lqd-highlight-underline lqd-highlight-grow-left text-decoration-default\"   >  Wir sind ein Komplettanbieter und sorgen selbstverst\u00e4ndlich f\u00fcr alle erforderlichen Bearbeitungen und Oberfl\u00e4chenbehandlungen. Wenn wir das nicht hausintern machen, greifen wir auf unser Netzwerk schneller und zuverl\u00e4ssiger Zulieferer zur\u00fcck.<\/p><\/div>[\/vc_column][vc_column width=&#8220;1\/2&#8243;][vc_single_image image=&#8220;469&#8243; style=&#8220;vc_box_shadow_border&#8220;][\/vc_column][\/vc_row][vc_row full_width=&#8220;stretch_row&#8220; gap=&#8220;0&#8243; css=&#8220;.vc_custom_1686260178944{padding-top: 20px !important;padding-bottom: 20px !important;}&#8220;][vc_column][vc_separator][\/vc_column][\/vc_row][vc_row content_placement=&#8220;middle&#8220; responsive_css=&#8220;margin_bottom_medium:60px&#8220; css=&#8220;.vc_custom_1685664341517{margin-bottom: 30px !important;}&#8220;][vc_column width=&#8220;1\/2&#8243;]<style>.ld_fancy_heading_69f08ca299b1f .lqd-highlight-inner{height:0.275em!important;bottom:0px!important;}<\/style><div class=\"ld-fancy-heading ld_fancy_heading_69f08ca299b1f\">\n\t<h1 class=\"ld-fh-element lqd-highlight-underline lqd-highlight-grow-left text-decoration-default\"   >  Lager\/Logistik<\/h1><\/div><style>.ld_fancy_heading_69f08ca299c34 .lqd-highlight-inner{height:0.275em!important;bottom:0px!important;}<\/style><div class=\"ld-fancy-heading ld_fancy_heading_69f08ca299c34\">\n\t<p class=\"ld-fh-element lqd-highlight-underline lqd-highlight-grow-left text-decoration-default\"   >  Sie legen fest, wann, wo und wie Sie Ihre Lieferungen bekommen wollen. Wir managen alle m\u00f6glichen Logistikl\u00f6sungen \u2013 von t\u00e4glichen Lieferungen bis hin zu Konsignationslagerung bei Ihnen. Flexibilit\u00e4t ist eine Auszeichnung von uns!<\/p><\/div>[\/vc_column][vc_column width=&#8220;1\/2&#8243;][vc_single_image image=&#8220;470&#8243; style=&#8220;vc_box_shadow_border&#8220;][\/vc_column][\/vc_row]<\/p>\n","protected":false},"excerpt":{"rendered":"<p>[vc_row equal_height=&#8220;yes&#8220; bg_position=&#8220;center top&#8220; bg_attachment=&#8220;fixed&#8220; enable_loading_bg=&#8220;yes&#8220; css=&#8220;.vc_custom_1686263013477{background-image: url(https:\/\/gjuteriteknik.se\/wp-content\/uploads\/2023\/06\/var_process_2_main.jpg?id=475) !important;background-position: center !important;background-repeat: no-repeat !important;background-size: cover !important;}&#8220;][vc_column enable_content_animation=&#8220;yes&#8220; ca_init_scale_x=&#8220;1&#8243; ca_init_scale_y=&#8220;1&#8243; ca_init_opacity=&#8220;0&#8243; ca_an_scale_x=&#8220;1&#8243; ca_an_scale_y=&#8220;1&#8243; ca_an_opacity=&#8220;1&#8243; offset=&#8220;vc_col-md-12&#8243; ca_duration=&#8220;1600&#8243; ca_start_delay=&#8220;600&#8243; ca_delay=&#8220;160&#8243; ca_init_translate_y=&#8220;50&#8243; responsive_css=&#8220;padding_top_medium:300px|padding_bottom_medium:300px&#8220; css=&#8220;.vc_custom_1685661752422{padding-top: 140px !important;padding-bottom: 140px !important;}&#8220;][\/vc_column][\/vc_row][vc_row content_placement=&#8220;middle&#8220; responsive_css=&#8220;margin_top_large:60px&#8220; css=&#8220;.vc_custom_1685659638776{margin-top: 30px !important;}&#8220;][vc_column width=&#8220;1\/2&#8243;][\/vc_column][vc_column width=&#8220;1\/2&#8243;][vc_single_image image=&#8220;466&#8243; style=&#8220;vc_box_shadow_border&#8220;][\/vc_column][\/vc_row][vc_row full_width=&#8220;stretch_row&#8220; gap=&#8220;0&#8243; css=&#8220;.vc_custom_1686260178944{padding-top: 20px !important;padding-bottom: 20px !important;}&#8220;][vc_column][vc_separator][\/vc_column][\/vc_row][vc_row content_placement=&#8220;middle&#8220;][vc_column width=&#8220;1\/2&#8243;][\/vc_column][vc_column width=&#8220;1\/2&#8243;][vc_single_image image=&#8220;467&#8243; style=&#8220;vc_box_shadow_border&#8220;][\/vc_column][\/vc_row][vc_row full_width=&#8220;stretch_row&#8220; [&hellip;]<\/p>\n","protected":false},"author":1,"featured_media":1172,"parent":0,"menu_order":0,"comment_status":"closed","ping_status":"closed","template":"","meta":{"iawp_total_views":87,"footnotes":""},"class_list":["post-1585","page","type-page","status-publish","has-post-thumbnail","hentry"],"yoast_head":"<!-- This site is optimized with the Yoast SEO plugin v26.7 - https:\/\/yoast.com\/wordpress\/plugins\/seo\/ -->\n<title>Unser prozess - Gjuteriteknik AB<\/title>\n<meta name=\"robots\" content=\"index, follow, max-snippet:-1, max-image-preview:large, max-video-preview:-1\" \/>\n<link rel=\"canonical\" href=\"https:\/\/gjuteriteknik.se\/de\/unser-prozess\/\" \/>\n<meta property=\"og:locale\" content=\"de_DE\" \/>\n<meta property=\"og:type\" content=\"article\" \/>\n<meta property=\"og:title\" content=\"Unser prozess - Gjuteriteknik AB\" \/>\n<meta property=\"og:description\" content=\"[vc_row equal_height=&#8220;yes&#8220; bg_position=&#8220;center top&#8220; bg_attachment=&#8220;fixed&#8220; enable_loading_bg=&#8220;yes&#8220; css=&#8220;.vc_custom_1686263013477{background-image: url(https:\/\/gjuteriteknik.se\/wp-content\/uploads\/2023\/06\/var_process_2_main.jpg?id=475) !important;background-position: center !important;background-repeat: no-repeat !important;background-size: cover !important;}&#8220;][vc_column enable_content_animation=&#8220;yes&#8220; ca_init_scale_x=&#8220;1&#8243; ca_init_scale_y=&#8220;1&#8243; ca_init_opacity=&#8220;0&#8243; ca_an_scale_x=&#8220;1&#8243; ca_an_scale_y=&#8220;1&#8243; ca_an_opacity=&#8220;1&#8243; offset=&#8220;vc_col-md-12&#8243; ca_duration=&#8220;1600&#8243; ca_start_delay=&#8220;600&#8243; ca_delay=&#8220;160&#8243; ca_init_translate_y=&#8220;50&#8243; responsive_css=&#8220;padding_top_medium:300px|padding_bottom_medium:300px&#8220; css=&#8220;.vc_custom_1685661752422{padding-top: 140px !important;padding-bottom: 140px !important;}&#8220;][\/vc_column][\/vc_row][vc_row content_placement=&#8220;middle&#8220; responsive_css=&#8220;margin_top_large:60px&#8220; css=&#8220;.vc_custom_1685659638776{margin-top: 30px !important;}&#8220;][vc_column width=&#8220;1\/2&#8243;][\/vc_column][vc_column width=&#8220;1\/2&#8243;][vc_single_image image=&#8220;466&#8243; style=&#8220;vc_box_shadow_border&#8220;][\/vc_column][\/vc_row][vc_row full_width=&#8220;stretch_row&#8220; gap=&#8220;0&#8243; css=&#8220;.vc_custom_1686260178944{padding-top: 20px !important;padding-bottom: 20px !important;}&#8220;][vc_column][vc_separator][\/vc_column][\/vc_row][vc_row content_placement=&#8220;middle&#8220;][vc_column width=&#8220;1\/2&#8243;][\/vc_column][vc_column width=&#8220;1\/2&#8243;][vc_single_image image=&#8220;467&#8243; style=&#8220;vc_box_shadow_border&#8220;][\/vc_column][\/vc_row][vc_row full_width=&#8220;stretch_row&#8220; [&hellip;]\" \/>\n<meta property=\"og:url\" content=\"https:\/\/gjuteriteknik.se\/de\/unser-prozess\/\" \/>\n<meta property=\"og:site_name\" content=\"Gjuteriteknik AB\" \/>\n<meta property=\"article:publisher\" content=\"https:\/\/www.facebook.com\/gjuteriteknik\/\" \/>\n<meta property=\"article:modified_time\" content=\"2023-06-17T21:43:06+00:00\" \/>\n<meta name=\"twitter:card\" content=\"summary_large_image\" \/>\n<meta name=\"twitter:label1\" content=\"Gesch\u00e4tzte Lesezeit\" \/>\n\t<meta name=\"twitter:data1\" content=\"3\u00a0Minuten\" \/>\n<script type=\"application\/ld+json\" class=\"yoast-schema-graph\">{\"@context\":\"https:\/\/schema.org\",\"@graph\":[{\"@type\":\"WebPage\",\"@id\":\"https:\/\/gjuteriteknik.se\/de\/unser-prozess\/\",\"url\":\"https:\/\/gjuteriteknik.se\/de\/unser-prozess\/\",\"name\":\"Unser prozess - Gjuteriteknik AB\",\"isPartOf\":{\"@id\":\"https:\/\/gjuteriteknik.se\/#website\"},\"primaryImageOfPage\":{\"@id\":\"https:\/\/gjuteriteknik.se\/de\/unser-prozess\/#primaryimage\"},\"image\":{\"@id\":\"https:\/\/gjuteriteknik.se\/de\/unser-prozess\/#primaryimage\"},\"thumbnailUrl\":\"https:\/\/gjuteriteknik.se\/wp-content\/uploads\/2023\/06\/var_process_2_main.jpg\",\"datePublished\":\"2021-03-03T10:01:03+00:00\",\"dateModified\":\"2023-06-17T21:43:06+00:00\",\"breadcrumb\":{\"@id\":\"https:\/\/gjuteriteknik.se\/de\/unser-prozess\/#breadcrumb\"},\"inLanguage\":\"de\",\"potentialAction\":[{\"@type\":\"ReadAction\",\"target\":[\"https:\/\/gjuteriteknik.se\/de\/unser-prozess\/\"]}]},{\"@type\":\"ImageObject\",\"inLanguage\":\"de\",\"@id\":\"https:\/\/gjuteriteknik.se\/de\/unser-prozess\/#primaryimage\",\"url\":\"https:\/\/gjuteriteknik.se\/wp-content\/uploads\/2023\/06\/var_process_2_main.jpg\",\"contentUrl\":\"https:\/\/gjuteriteknik.se\/wp-content\/uploads\/2023\/06\/var_process_2_main.jpg\",\"width\":1920,\"height\":650},{\"@type\":\"BreadcrumbList\",\"@id\":\"https:\/\/gjuteriteknik.se\/de\/unser-prozess\/#breadcrumb\",\"itemListElement\":[{\"@type\":\"ListItem\",\"position\":1,\"name\":\"Hem\",\"item\":\"https:\/\/gjuteriteknik.se\/\"},{\"@type\":\"ListItem\",\"position\":2,\"name\":\"Unser prozess\"}]},{\"@type\":\"WebSite\",\"@id\":\"https:\/\/gjuteriteknik.se\/#website\",\"url\":\"https:\/\/gjuteriteknik.se\/\",\"name\":\"Gjuteriteknik\",\"description\":\"Specialister inom pressgjutning av zink\",\"publisher\":{\"@id\":\"https:\/\/gjuteriteknik.se\/#organization\"},\"potentialAction\":[{\"@type\":\"SearchAction\",\"target\":{\"@type\":\"EntryPoint\",\"urlTemplate\":\"https:\/\/gjuteriteknik.se\/?s={search_term_string}\"},\"query-input\":{\"@type\":\"PropertyValueSpecification\",\"valueRequired\":true,\"valueName\":\"search_term_string\"}}],\"inLanguage\":\"de\"},{\"@type\":\"Organization\",\"@id\":\"https:\/\/gjuteriteknik.se\/#organization\",\"name\":\"Gjuteriteknik\",\"url\":\"https:\/\/gjuteriteknik.se\/\",\"logo\":{\"@type\":\"ImageObject\",\"inLanguage\":\"de\",\"@id\":\"https:\/\/gjuteriteknik.se\/#\/schema\/logo\/image\/\",\"url\":\"https:\/\/gjuteriteknik.se\/wp-content\/uploads\/2023\/08\/gtlogo.jpg\",\"contentUrl\":\"https:\/\/gjuteriteknik.se\/wp-content\/uploads\/2023\/08\/gtlogo.jpg\",\"width\":514,\"height\":515,\"caption\":\"Gjuteriteknik\"},\"image\":{\"@id\":\"https:\/\/gjuteriteknik.se\/#\/schema\/logo\/image\/\"},\"sameAs\":[\"https:\/\/www.facebook.com\/gjuteriteknik\/\"]}]}<\/script>\n<!-- \/ Yoast SEO plugin. -->","yoast_head_json":{"title":"Unser prozess - Gjuteriteknik AB","robots":{"index":"index","follow":"follow","max-snippet":"max-snippet:-1","max-image-preview":"max-image-preview:large","max-video-preview":"max-video-preview:-1"},"canonical":"https:\/\/gjuteriteknik.se\/de\/unser-prozess\/","og_locale":"de_DE","og_type":"article","og_title":"Unser prozess - Gjuteriteknik AB","og_description":"[vc_row equal_height=&#8220;yes&#8220; bg_position=&#8220;center top&#8220; bg_attachment=&#8220;fixed&#8220; enable_loading_bg=&#8220;yes&#8220; css=&#8220;.vc_custom_1686263013477{background-image: url(https:\/\/gjuteriteknik.se\/wp-content\/uploads\/2023\/06\/var_process_2_main.jpg?id=475) !important;background-position: center !important;background-repeat: no-repeat !important;background-size: cover !important;}&#8220;][vc_column enable_content_animation=&#8220;yes&#8220; ca_init_scale_x=&#8220;1&#8243; ca_init_scale_y=&#8220;1&#8243; ca_init_opacity=&#8220;0&#8243; ca_an_scale_x=&#8220;1&#8243; ca_an_scale_y=&#8220;1&#8243; ca_an_opacity=&#8220;1&#8243; offset=&#8220;vc_col-md-12&#8243; ca_duration=&#8220;1600&#8243; ca_start_delay=&#8220;600&#8243; ca_delay=&#8220;160&#8243; ca_init_translate_y=&#8220;50&#8243; responsive_css=&#8220;padding_top_medium:300px|padding_bottom_medium:300px&#8220; css=&#8220;.vc_custom_1685661752422{padding-top: 140px !important;padding-bottom: 140px !important;}&#8220;][\/vc_column][\/vc_row][vc_row content_placement=&#8220;middle&#8220; responsive_css=&#8220;margin_top_large:60px&#8220; css=&#8220;.vc_custom_1685659638776{margin-top: 30px !important;}&#8220;][vc_column width=&#8220;1\/2&#8243;][\/vc_column][vc_column width=&#8220;1\/2&#8243;][vc_single_image image=&#8220;466&#8243; style=&#8220;vc_box_shadow_border&#8220;][\/vc_column][\/vc_row][vc_row full_width=&#8220;stretch_row&#8220; gap=&#8220;0&#8243; css=&#8220;.vc_custom_1686260178944{padding-top: 20px !important;padding-bottom: 20px !important;}&#8220;][vc_column][vc_separator][\/vc_column][\/vc_row][vc_row content_placement=&#8220;middle&#8220;][vc_column width=&#8220;1\/2&#8243;][\/vc_column][vc_column width=&#8220;1\/2&#8243;][vc_single_image image=&#8220;467&#8243; style=&#8220;vc_box_shadow_border&#8220;][\/vc_column][\/vc_row][vc_row full_width=&#8220;stretch_row&#8220; [&hellip;]","og_url":"https:\/\/gjuteriteknik.se\/de\/unser-prozess\/","og_site_name":"Gjuteriteknik AB","article_publisher":"https:\/\/www.facebook.com\/gjuteriteknik\/","article_modified_time":"2023-06-17T21:43:06+00:00","twitter_card":"summary_large_image","twitter_misc":{"Gesch\u00e4tzte Lesezeit":"3\u00a0Minuten"},"schema":{"@context":"https:\/\/schema.org","@graph":[{"@type":"WebPage","@id":"https:\/\/gjuteriteknik.se\/de\/unser-prozess\/","url":"https:\/\/gjuteriteknik.se\/de\/unser-prozess\/","name":"Unser prozess - Gjuteriteknik AB","isPartOf":{"@id":"https:\/\/gjuteriteknik.se\/#website"},"primaryImageOfPage":{"@id":"https:\/\/gjuteriteknik.se\/de\/unser-prozess\/#primaryimage"},"image":{"@id":"https:\/\/gjuteriteknik.se\/de\/unser-prozess\/#primaryimage"},"thumbnailUrl":"https:\/\/gjuteriteknik.se\/wp-content\/uploads\/2023\/06\/var_process_2_main.jpg","datePublished":"2021-03-03T10:01:03+00:00","dateModified":"2023-06-17T21:43:06+00:00","breadcrumb":{"@id":"https:\/\/gjuteriteknik.se\/de\/unser-prozess\/#breadcrumb"},"inLanguage":"de","potentialAction":[{"@type":"ReadAction","target":["https:\/\/gjuteriteknik.se\/de\/unser-prozess\/"]}]},{"@type":"ImageObject","inLanguage":"de","@id":"https:\/\/gjuteriteknik.se\/de\/unser-prozess\/#primaryimage","url":"https:\/\/gjuteriteknik.se\/wp-content\/uploads\/2023\/06\/var_process_2_main.jpg","contentUrl":"https:\/\/gjuteriteknik.se\/wp-content\/uploads\/2023\/06\/var_process_2_main.jpg","width":1920,"height":650},{"@type":"BreadcrumbList","@id":"https:\/\/gjuteriteknik.se\/de\/unser-prozess\/#breadcrumb","itemListElement":[{"@type":"ListItem","position":1,"name":"Hem","item":"https:\/\/gjuteriteknik.se\/"},{"@type":"ListItem","position":2,"name":"Unser prozess"}]},{"@type":"WebSite","@id":"https:\/\/gjuteriteknik.se\/#website","url":"https:\/\/gjuteriteknik.se\/","name":"Gjuteriteknik","description":"Specialister inom pressgjutning av zink","publisher":{"@id":"https:\/\/gjuteriteknik.se\/#organization"},"potentialAction":[{"@type":"SearchAction","target":{"@type":"EntryPoint","urlTemplate":"https:\/\/gjuteriteknik.se\/?s={search_term_string}"},"query-input":{"@type":"PropertyValueSpecification","valueRequired":true,"valueName":"search_term_string"}}],"inLanguage":"de"},{"@type":"Organization","@id":"https:\/\/gjuteriteknik.se\/#organization","name":"Gjuteriteknik","url":"https:\/\/gjuteriteknik.se\/","logo":{"@type":"ImageObject","inLanguage":"de","@id":"https:\/\/gjuteriteknik.se\/#\/schema\/logo\/image\/","url":"https:\/\/gjuteriteknik.se\/wp-content\/uploads\/2023\/08\/gtlogo.jpg","contentUrl":"https:\/\/gjuteriteknik.se\/wp-content\/uploads\/2023\/08\/gtlogo.jpg","width":514,"height":515,"caption":"Gjuteriteknik"},"image":{"@id":"https:\/\/gjuteriteknik.se\/#\/schema\/logo\/image\/"},"sameAs":["https:\/\/www.facebook.com\/gjuteriteknik\/"]}]}},"_links":{"self":[{"href":"https:\/\/gjuteriteknik.se\/de\/wp-json\/wp\/v2\/pages\/1585","targetHints":{"allow":["GET"]}}],"collection":[{"href":"https:\/\/gjuteriteknik.se\/de\/wp-json\/wp\/v2\/pages"}],"about":[{"href":"https:\/\/gjuteriteknik.se\/de\/wp-json\/wp\/v2\/types\/page"}],"author":[{"embeddable":true,"href":"https:\/\/gjuteriteknik.se\/de\/wp-json\/wp\/v2\/users\/1"}],"replies":[{"embeddable":true,"href":"https:\/\/gjuteriteknik.se\/de\/wp-json\/wp\/v2\/comments?post=1585"}],"version-history":[{"count":4,"href":"https:\/\/gjuteriteknik.se\/de\/wp-json\/wp\/v2\/pages\/1585\/revisions"}],"predecessor-version":[{"id":1589,"href":"https:\/\/gjuteriteknik.se\/de\/wp-json\/wp\/v2\/pages\/1585\/revisions\/1589"}],"wp:featuredmedia":[{"embeddable":true,"href":"https:\/\/gjuteriteknik.se\/de\/wp-json\/wp\/v2\/media\/1172"}],"wp:attachment":[{"href":"https:\/\/gjuteriteknik.se\/de\/wp-json\/wp\/v2\/media?parent=1585"}],"curies":[{"name":"wp","href":"https:\/\/api.w.org\/{rel}","templated":true}]}}