{"id":1610,"date":"2023-06-02T00:31:18","date_gmt":"2023-06-02T00:31:18","guid":{"rendered":"https:\/\/gjuteriteknik.se\/?page_id=1610"},"modified":"2023-06-17T21:53:04","modified_gmt":"2023-06-17T21:53:04","slug":"oberflaechenbehandlung","status":"publish","type":"page","link":"https:\/\/gjuteriteknik.se\/de\/oberflaechenbehandlung\/","title":{"rendered":"Oberfl\u00e4chenbehandlung"},"content":{"rendered":"<p>[vc_row equal_height=&#8220;yes&#8220; bg_position=&#8220;center top&#8220; bg_attachment=&#8220;fixed&#8220; enable_loading_bg=&#8220;yes&#8220; css=&#8220;.vc_custom_1686263033659{background-image: url(https:\/\/gjuteriteknik.se\/wp-content\/uploads\/2023\/06\/ytbehandling_main.jpg?id=484) !important;background-position: center !important;background-repeat: no-repeat !important;background-size: cover !important;}&#8220;][vc_column enable_content_animation=&#8220;yes&#8220; ca_init_scale_x=&#8220;1&#8243; ca_init_scale_y=&#8220;1&#8243; ca_init_opacity=&#8220;0&#8243; ca_an_scale_x=&#8220;1&#8243; ca_an_scale_y=&#8220;1&#8243; ca_an_opacity=&#8220;1&#8243; offset=&#8220;vc_col-md-12&#8243; ca_duration=&#8220;1600&#8243; ca_start_delay=&#8220;600&#8243; ca_delay=&#8220;160&#8243; ca_init_translate_y=&#8220;50&#8243; responsive_css=&#8220;padding_top_medium:300px|padding_bottom_medium:300px&#8220; css=&#8220;.vc_custom_1685661752422{padding-top: 140px !important;padding-bottom: 140px !important;}&#8220;][\/vc_column][\/vc_row][vc_row content_placement=&#8220;middle&#8220; responsive_css=&#8220;margin_top_large:60px|margin_bottom_large:60px&#8220; css=&#8220;.vc_custom_1685665903200{margin-top: 30px !important;margin-bottom: 30px !important;}&#8220;][vc_column width=&#8220;1\/2&#8243;]<style>.ld_fancy_heading_69f07c679c784 .lqd-highlight-inner{height:0.275em!important;bottom:0px!important;}<\/style><div class=\"ld-fancy-heading ld_fancy_heading_69f07c679c784\">\n\t<h1 class=\"ld-fh-element lqd-highlight-underline lqd-highlight-grow-left text-decoration-default\"   >  Veredelung durch oberfl\u00e4chenbehandlung \u2013 Mehr als nur ein oberfl\u00e4chenfinish<\/h1><\/div><style>.ld_fancy_heading_69f07c679c9a6 .lqd-highlight-inner{height:0.275em!important;bottom:0px!important;}<\/style><div class=\"ld-fancy-heading ld_fancy_heading_69f07c679c9a6\">\n\t<p class=\"ld-fh-element lqd-highlight-underline lqd-highlight-grow-left text-decoration-default\"   >  Die Art der Oberfl\u00e4chenbehandlung ist h\u00e4ufig entscheidend f\u00fcr die Funktion eines Produkts. Wir k\u00f6nnen Verschlei\u00dffestigkeit, Leitwert, Festigkeit und Abschirmeigenschaften sowie selbstverst\u00e4ndlich das Aussehen der Produkte beeinflussen. Pulverlack, Gelbmetallic, Schwarzmetallic, Gr\u00fcnmetallic, Messing, Chrom, Gold, Nickel, Kupfer, Galvanisierung, Mattchrom, chemischer Nickel, Zinn, Silber \u2013 Sie m\u00fcssen nur sagen, was Sie haben wollen.<\/p><\/div>[\/vc_column][vc_column width=&#8220;1\/2&#8243;][vc_single_image image=&#8220;485&#8243; style=&#8220;vc_box_shadow_border&#8220;][\/vc_column][\/vc_row]<\/p>\n","protected":false},"excerpt":{"rendered":"<p>[vc_row equal_height=&#8220;yes&#8220; bg_position=&#8220;center top&#8220; bg_attachment=&#8220;fixed&#8220; enable_loading_bg=&#8220;yes&#8220; css=&#8220;.vc_custom_1686263033659{background-image: url(https:\/\/gjuteriteknik.se\/wp-content\/uploads\/2023\/06\/ytbehandling_main.jpg?id=484) !important;background-position: center !important;background-repeat: no-repeat !important;background-size: cover !important;}&#8220;][vc_column enable_content_animation=&#8220;yes&#8220; ca_init_scale_x=&#8220;1&#8243; ca_init_scale_y=&#8220;1&#8243; ca_init_opacity=&#8220;0&#8243; ca_an_scale_x=&#8220;1&#8243; ca_an_scale_y=&#8220;1&#8243; ca_an_opacity=&#8220;1&#8243; offset=&#8220;vc_col-md-12&#8243; ca_duration=&#8220;1600&#8243; ca_start_delay=&#8220;600&#8243; ca_delay=&#8220;160&#8243; ca_init_translate_y=&#8220;50&#8243; responsive_css=&#8220;padding_top_medium:300px|padding_bottom_medium:300px&#8220; css=&#8220;.vc_custom_1685661752422{padding-top: 140px !important;padding-bottom: 140px !important;}&#8220;][\/vc_column][\/vc_row][vc_row content_placement=&#8220;middle&#8220; responsive_css=&#8220;margin_top_large:60px|margin_bottom_large:60px&#8220; css=&#8220;.vc_custom_1685665903200{margin-top: 30px !important;margin-bottom: 30px !important;}&#8220;][vc_column width=&#8220;1\/2&#8243;][\/vc_column][vc_column width=&#8220;1\/2&#8243;][vc_single_image image=&#8220;485&#8243; style=&#8220;vc_box_shadow_border&#8220;][\/vc_column][\/vc_row]<\/p>\n","protected":false},"author":1,"featured_media":1182,"parent":0,"menu_order":0,"comment_status":"closed","ping_status":"closed","template":"","meta":{"iawp_total_views":67,"footnotes":""},"class_list":["post-1610","page","type-page","status-publish","has-post-thumbnail","hentry"],"yoast_head":"<!-- This site is optimized with the Yoast SEO plugin v26.7 - https:\/\/yoast.com\/wordpress\/plugins\/seo\/ -->\n<title>Oberfl\u00e4chenbehandlung - Gjuteriteknik AB<\/title>\n<meta name=\"robots\" content=\"index, follow, max-snippet:-1, max-image-preview:large, max-video-preview:-1\" \/>\n<link rel=\"canonical\" href=\"https:\/\/gjuteriteknik.se\/de\/oberflaechenbehandlung\/\" \/>\n<meta property=\"og:locale\" content=\"de_DE\" \/>\n<meta property=\"og:type\" content=\"article\" \/>\n<meta property=\"og:title\" content=\"Oberfl\u00e4chenbehandlung - Gjuteriteknik AB\" \/>\n<meta property=\"og:description\" content=\"[vc_row equal_height=&#8220;yes&#8220; bg_position=&#8220;center top&#8220; bg_attachment=&#8220;fixed&#8220; enable_loading_bg=&#8220;yes&#8220; css=&#8220;.vc_custom_1686263033659{background-image: url(https:\/\/gjuteriteknik.se\/wp-content\/uploads\/2023\/06\/ytbehandling_main.jpg?id=484) !important;background-position: center !important;background-repeat: no-repeat !important;background-size: cover !important;}&#8220;][vc_column enable_content_animation=&#8220;yes&#8220; ca_init_scale_x=&#8220;1&#8243; ca_init_scale_y=&#8220;1&#8243; ca_init_opacity=&#8220;0&#8243; ca_an_scale_x=&#8220;1&#8243; ca_an_scale_y=&#8220;1&#8243; ca_an_opacity=&#8220;1&#8243; offset=&#8220;vc_col-md-12&#8243; ca_duration=&#8220;1600&#8243; ca_start_delay=&#8220;600&#8243; ca_delay=&#8220;160&#8243; ca_init_translate_y=&#8220;50&#8243; responsive_css=&#8220;padding_top_medium:300px|padding_bottom_medium:300px&#8220; css=&#8220;.vc_custom_1685661752422{padding-top: 140px !important;padding-bottom: 140px !important;}&#8220;][\/vc_column][\/vc_row][vc_row content_placement=&#8220;middle&#8220; responsive_css=&#8220;margin_top_large:60px|margin_bottom_large:60px&#8220; css=&#8220;.vc_custom_1685665903200{margin-top: 30px !important;margin-bottom: 30px !important;}&#8220;][vc_column width=&#8220;1\/2&#8243;][\/vc_column][vc_column width=&#8220;1\/2&#8243;][vc_single_image image=&#8220;485&#8243; style=&#8220;vc_box_shadow_border&#8220;][\/vc_column][\/vc_row]\" \/>\n<meta property=\"og:url\" content=\"https:\/\/gjuteriteknik.se\/de\/oberflaechenbehandlung\/\" \/>\n<meta property=\"og:site_name\" content=\"Gjuteriteknik AB\" \/>\n<meta property=\"article:publisher\" content=\"https:\/\/www.facebook.com\/gjuteriteknik\/\" \/>\n<meta property=\"article:modified_time\" content=\"2023-06-17T21:53:04+00:00\" \/>\n<meta name=\"twitter:card\" content=\"summary_large_image\" \/>\n<meta name=\"twitter:label1\" content=\"Gesch\u00e4tzte Lesezeit\" \/>\n\t<meta name=\"twitter:data1\" content=\"1\u00a0Minute\" \/>\n<script type=\"application\/ld+json\" class=\"yoast-schema-graph\">{\"@context\":\"https:\/\/schema.org\",\"@graph\":[{\"@type\":\"WebPage\",\"@id\":\"https:\/\/gjuteriteknik.se\/de\/oberflaechenbehandlung\/\",\"url\":\"https:\/\/gjuteriteknik.se\/de\/oberflaechenbehandlung\/\",\"name\":\"Oberfl\u00e4chenbehandlung - Gjuteriteknik AB\",\"isPartOf\":{\"@id\":\"https:\/\/gjuteriteknik.se\/#website\"},\"primaryImageOfPage\":{\"@id\":\"https:\/\/gjuteriteknik.se\/de\/oberflaechenbehandlung\/#primaryimage\"},\"image\":{\"@id\":\"https:\/\/gjuteriteknik.se\/de\/oberflaechenbehandlung\/#primaryimage\"},\"thumbnailUrl\":\"https:\/\/gjuteriteknik.se\/wp-content\/uploads\/2023\/06\/ytbehandling_main.jpg\",\"datePublished\":\"2023-06-02T00:31:18+00:00\",\"dateModified\":\"2023-06-17T21:53:04+00:00\",\"breadcrumb\":{\"@id\":\"https:\/\/gjuteriteknik.se\/de\/oberflaechenbehandlung\/#breadcrumb\"},\"inLanguage\":\"de\",\"potentialAction\":[{\"@type\":\"ReadAction\",\"target\":[\"https:\/\/gjuteriteknik.se\/de\/oberflaechenbehandlung\/\"]}]},{\"@type\":\"ImageObject\",\"inLanguage\":\"de\",\"@id\":\"https:\/\/gjuteriteknik.se\/de\/oberflaechenbehandlung\/#primaryimage\",\"url\":\"https:\/\/gjuteriteknik.se\/wp-content\/uploads\/2023\/06\/ytbehandling_main.jpg\",\"contentUrl\":\"https:\/\/gjuteriteknik.se\/wp-content\/uploads\/2023\/06\/ytbehandling_main.jpg\",\"width\":1920,\"height\":650},{\"@type\":\"BreadcrumbList\",\"@id\":\"https:\/\/gjuteriteknik.se\/de\/oberflaechenbehandlung\/#breadcrumb\",\"itemListElement\":[{\"@type\":\"ListItem\",\"position\":1,\"name\":\"Hem\",\"item\":\"https:\/\/gjuteriteknik.se\/\"},{\"@type\":\"ListItem\",\"position\":2,\"name\":\"Oberfl\u00e4chenbehandlung\"}]},{\"@type\":\"WebSite\",\"@id\":\"https:\/\/gjuteriteknik.se\/#website\",\"url\":\"https:\/\/gjuteriteknik.se\/\",\"name\":\"Gjuteriteknik\",\"description\":\"Specialister inom pressgjutning av zink\",\"publisher\":{\"@id\":\"https:\/\/gjuteriteknik.se\/#organization\"},\"potentialAction\":[{\"@type\":\"SearchAction\",\"target\":{\"@type\":\"EntryPoint\",\"urlTemplate\":\"https:\/\/gjuteriteknik.se\/?s={search_term_string}\"},\"query-input\":{\"@type\":\"PropertyValueSpecification\",\"valueRequired\":true,\"valueName\":\"search_term_string\"}}],\"inLanguage\":\"de\"},{\"@type\":\"Organization\",\"@id\":\"https:\/\/gjuteriteknik.se\/#organization\",\"name\":\"Gjuteriteknik\",\"url\":\"https:\/\/gjuteriteknik.se\/\",\"logo\":{\"@type\":\"ImageObject\",\"inLanguage\":\"de\",\"@id\":\"https:\/\/gjuteriteknik.se\/#\/schema\/logo\/image\/\",\"url\":\"https:\/\/gjuteriteknik.se\/wp-content\/uploads\/2023\/08\/gtlogo.jpg\",\"contentUrl\":\"https:\/\/gjuteriteknik.se\/wp-content\/uploads\/2023\/08\/gtlogo.jpg\",\"width\":514,\"height\":515,\"caption\":\"Gjuteriteknik\"},\"image\":{\"@id\":\"https:\/\/gjuteriteknik.se\/#\/schema\/logo\/image\/\"},\"sameAs\":[\"https:\/\/www.facebook.com\/gjuteriteknik\/\"]}]}<\/script>\n<!-- \/ Yoast SEO plugin. -->","yoast_head_json":{"title":"Oberfl\u00e4chenbehandlung - Gjuteriteknik AB","robots":{"index":"index","follow":"follow","max-snippet":"max-snippet:-1","max-image-preview":"max-image-preview:large","max-video-preview":"max-video-preview:-1"},"canonical":"https:\/\/gjuteriteknik.se\/de\/oberflaechenbehandlung\/","og_locale":"de_DE","og_type":"article","og_title":"Oberfl\u00e4chenbehandlung - Gjuteriteknik AB","og_description":"[vc_row equal_height=&#8220;yes&#8220; bg_position=&#8220;center top&#8220; bg_attachment=&#8220;fixed&#8220; enable_loading_bg=&#8220;yes&#8220; css=&#8220;.vc_custom_1686263033659{background-image: url(https:\/\/gjuteriteknik.se\/wp-content\/uploads\/2023\/06\/ytbehandling_main.jpg?id=484) !important;background-position: center !important;background-repeat: no-repeat !important;background-size: cover !important;}&#8220;][vc_column enable_content_animation=&#8220;yes&#8220; ca_init_scale_x=&#8220;1&#8243; ca_init_scale_y=&#8220;1&#8243; ca_init_opacity=&#8220;0&#8243; ca_an_scale_x=&#8220;1&#8243; ca_an_scale_y=&#8220;1&#8243; ca_an_opacity=&#8220;1&#8243; offset=&#8220;vc_col-md-12&#8243; ca_duration=&#8220;1600&#8243; ca_start_delay=&#8220;600&#8243; ca_delay=&#8220;160&#8243; ca_init_translate_y=&#8220;50&#8243; responsive_css=&#8220;padding_top_medium:300px|padding_bottom_medium:300px&#8220; css=&#8220;.vc_custom_1685661752422{padding-top: 140px !important;padding-bottom: 140px !important;}&#8220;][\/vc_column][\/vc_row][vc_row content_placement=&#8220;middle&#8220; responsive_css=&#8220;margin_top_large:60px|margin_bottom_large:60px&#8220; css=&#8220;.vc_custom_1685665903200{margin-top: 30px !important;margin-bottom: 30px !important;}&#8220;][vc_column width=&#8220;1\/2&#8243;][\/vc_column][vc_column width=&#8220;1\/2&#8243;][vc_single_image image=&#8220;485&#8243; style=&#8220;vc_box_shadow_border&#8220;][\/vc_column][\/vc_row]","og_url":"https:\/\/gjuteriteknik.se\/de\/oberflaechenbehandlung\/","og_site_name":"Gjuteriteknik AB","article_publisher":"https:\/\/www.facebook.com\/gjuteriteknik\/","article_modified_time":"2023-06-17T21:53:04+00:00","twitter_card":"summary_large_image","twitter_misc":{"Gesch\u00e4tzte Lesezeit":"1\u00a0Minute"},"schema":{"@context":"https:\/\/schema.org","@graph":[{"@type":"WebPage","@id":"https:\/\/gjuteriteknik.se\/de\/oberflaechenbehandlung\/","url":"https:\/\/gjuteriteknik.se\/de\/oberflaechenbehandlung\/","name":"Oberfl\u00e4chenbehandlung - Gjuteriteknik AB","isPartOf":{"@id":"https:\/\/gjuteriteknik.se\/#website"},"primaryImageOfPage":{"@id":"https:\/\/gjuteriteknik.se\/de\/oberflaechenbehandlung\/#primaryimage"},"image":{"@id":"https:\/\/gjuteriteknik.se\/de\/oberflaechenbehandlung\/#primaryimage"},"thumbnailUrl":"https:\/\/gjuteriteknik.se\/wp-content\/uploads\/2023\/06\/ytbehandling_main.jpg","datePublished":"2023-06-02T00:31:18+00:00","dateModified":"2023-06-17T21:53:04+00:00","breadcrumb":{"@id":"https:\/\/gjuteriteknik.se\/de\/oberflaechenbehandlung\/#breadcrumb"},"inLanguage":"de","potentialAction":[{"@type":"ReadAction","target":["https:\/\/gjuteriteknik.se\/de\/oberflaechenbehandlung\/"]}]},{"@type":"ImageObject","inLanguage":"de","@id":"https:\/\/gjuteriteknik.se\/de\/oberflaechenbehandlung\/#primaryimage","url":"https:\/\/gjuteriteknik.se\/wp-content\/uploads\/2023\/06\/ytbehandling_main.jpg","contentUrl":"https:\/\/gjuteriteknik.se\/wp-content\/uploads\/2023\/06\/ytbehandling_main.jpg","width":1920,"height":650},{"@type":"BreadcrumbList","@id":"https:\/\/gjuteriteknik.se\/de\/oberflaechenbehandlung\/#breadcrumb","itemListElement":[{"@type":"ListItem","position":1,"name":"Hem","item":"https:\/\/gjuteriteknik.se\/"},{"@type":"ListItem","position":2,"name":"Oberfl\u00e4chenbehandlung"}]},{"@type":"WebSite","@id":"https:\/\/gjuteriteknik.se\/#website","url":"https:\/\/gjuteriteknik.se\/","name":"Gjuteriteknik","description":"Specialister inom pressgjutning av zink","publisher":{"@id":"https:\/\/gjuteriteknik.se\/#organization"},"potentialAction":[{"@type":"SearchAction","target":{"@type":"EntryPoint","urlTemplate":"https:\/\/gjuteriteknik.se\/?s={search_term_string}"},"query-input":{"@type":"PropertyValueSpecification","valueRequired":true,"valueName":"search_term_string"}}],"inLanguage":"de"},{"@type":"Organization","@id":"https:\/\/gjuteriteknik.se\/#organization","name":"Gjuteriteknik","url":"https:\/\/gjuteriteknik.se\/","logo":{"@type":"ImageObject","inLanguage":"de","@id":"https:\/\/gjuteriteknik.se\/#\/schema\/logo\/image\/","url":"https:\/\/gjuteriteknik.se\/wp-content\/uploads\/2023\/08\/gtlogo.jpg","contentUrl":"https:\/\/gjuteriteknik.se\/wp-content\/uploads\/2023\/08\/gtlogo.jpg","width":514,"height":515,"caption":"Gjuteriteknik"},"image":{"@id":"https:\/\/gjuteriteknik.se\/#\/schema\/logo\/image\/"},"sameAs":["https:\/\/www.facebook.com\/gjuteriteknik\/"]}]}},"_links":{"self":[{"href":"https:\/\/gjuteriteknik.se\/de\/wp-json\/wp\/v2\/pages\/1610","targetHints":{"allow":["GET"]}}],"collection":[{"href":"https:\/\/gjuteriteknik.se\/de\/wp-json\/wp\/v2\/pages"}],"about":[{"href":"https:\/\/gjuteriteknik.se\/de\/wp-json\/wp\/v2\/types\/page"}],"author":[{"embeddable":true,"href":"https:\/\/gjuteriteknik.se\/de\/wp-json\/wp\/v2\/users\/1"}],"replies":[{"embeddable":true,"href":"https:\/\/gjuteriteknik.se\/de\/wp-json\/wp\/v2\/comments?post=1610"}],"version-history":[{"count":3,"href":"https:\/\/gjuteriteknik.se\/de\/wp-json\/wp\/v2\/pages\/1610\/revisions"}],"predecessor-version":[{"id":1613,"href":"https:\/\/gjuteriteknik.se\/de\/wp-json\/wp\/v2\/pages\/1610\/revisions\/1613"}],"wp:featuredmedia":[{"embeddable":true,"href":"https:\/\/gjuteriteknik.se\/de\/wp-json\/wp\/v2\/media\/1182"}],"wp:attachment":[{"href":"https:\/\/gjuteriteknik.se\/de\/wp-json\/wp\/v2\/media?parent=1610"}],"curies":[{"name":"wp","href":"https:\/\/api.w.org\/{rel}","templated":true}]}}