{"id":1622,"date":"2023-06-04T21:56:09","date_gmt":"2023-06-04T21:56:09","guid":{"rendered":"https:\/\/gjuteriteknik.se\/?page_id=1622"},"modified":"2023-07-05T11:36:04","modified_gmt":"2023-07-05T11:36:04","slug":"die-vorteile-von-zink","status":"publish","type":"page","link":"https:\/\/gjuteriteknik.se\/de\/die-vorteile-von-zink\/","title":{"rendered":"Die vorteile von zink"},"content":{"rendered":"<p>[vc_row equal_height=&#8220;yes&#8220; bg_position=&#8220;center top&#8220; bg_attachment=&#8220;fixed&#8220; enable_loading_bg=&#8220;yes&#8220; css=&#8220;.vc_custom_1685915768304{background-image: url(https:\/\/gjuteriteknik.se\/wp-content\/uploads\/2023\/06\/zinkens_fordelar2_main-1.jpg?id=539) !important;background-position: center !important;background-repeat: no-repeat !important;background-size: cover !important;}&#8220;][vc_column enable_content_animation=&#8220;yes&#8220; ca_init_scale_x=&#8220;1&#8243; ca_init_scale_y=&#8220;1&#8243; ca_init_opacity=&#8220;0&#8243; ca_an_scale_x=&#8220;1&#8243; ca_an_scale_y=&#8220;1&#8243; ca_an_opacity=&#8220;1&#8243; offset=&#8220;vc_col-md-12&#8243; ca_duration=&#8220;1600&#8243; ca_start_delay=&#8220;600&#8243; ca_delay=&#8220;160&#8243; ca_init_translate_y=&#8220;50&#8243; responsive_css=&#8220;padding_top_medium:300px|padding_bottom_medium:300px&#8220; css=&#8220;.vc_custom_1685661738291{padding-top: 140px !important;padding-bottom: 140px !important;}&#8220;][\/vc_column][\/vc_row][vc_row responsive_css=&#8220;margin_top_large:60px|margin_bottom_large:30px&#8220; css=&#8220;.vc_custom_1685915939523{margin-top: 30px !important;margin-bottom: 20px !important;}&#8220;][vc_column width=&#8220;5\/12&#8243;]<style>.ld_fancy_heading_69fc66ee454b8 .lqd-highlight-inner{height:0.275em!important;bottom:0px!important;}<\/style><div class=\"ld-fancy-heading ld_fancy_heading_69fc66ee454b8\">\n\t<h1 class=\"ld-fh-element lqd-highlight-underline lqd-highlight-grow-left text-decoration-default\"   >  Die vorteile von zink<\/h1><\/div><style>.ld_fancy_heading_69fc66ee4569f .lqd-highlight-inner{height:0.275em!important;bottom:0px!important;}<\/style><div class=\"ld-fancy-heading ld_fancy_heading_69fc66ee4569f\">\n\t<p class=\"ld-fh-element lqd-highlight-underline lqd-highlight-grow-left text-decoration-default\"   >  Zink hat von Natur aus viele Vorteile, hier folgen die wichtigsten.:<\/p><\/div>[\/vc_column][vc_column width=&#8220;3\/12&#8243;]<style>.ld_list_69fc66ee45771 li{margin-bottom:px;}<\/style><div class=\"one-bullet-list\">\n\n\t<ul id=\"ld_list_69fc66ee45771\" class=\"reset-ul ld_list_69fc66ee45771\">\n\t\t<li>Bessere Pr\u00e4zision<\/li><li>Lebenslange Werkzeuggarantie<\/li><li>\u00dcberlegene Zug- und Dehnungsfestigkeit<\/li><li>Kleinere und l\u00e4ngere Kernl\u00f6cher<\/li><li>D\u00fcnne Wandteile sind m\u00f6glich<\/li><li>Kleinere Form-Schr\u00e4gwinkel<\/li><li>\u00dcberlegene Schlagz\u00e4higkeit<\/li><li>Einfachere Bearbeitung<\/li>\t<\/ul>\n\n<\/div><!-- \/.one-bullet-list -->[\/vc_column][vc_column width=&#8220;3\/12&#8243;]<style>.ld_list_69fc66ee457fd li{margin-bottom:px;}<\/style><div class=\"one-bullet-list\">\n\n\t<ul id=\"ld_list_69fc66ee457fd\" class=\"reset-ul ld_list_69fc66ee457fd\">\n\t\t<li>Bessere Formbarkeit<\/li><li>Schnellere Schussgeschwindigkeit \u2013 geringerer Produktionspreis<\/li><li>\u00dcberlegene Druckdichtigkeit \u2013 Impr\u00e4gnierung nicht erforderlich<\/li><li>Verschiedene Nachbearbeitungsm\u00f6glichkeiten<\/li><li>Das Material erzeugt keine Funken<\/li>\t<\/ul>\n\n<\/div><!-- \/.one-bullet-list -->[\/vc_column][\/vc_row][vc_row content_placement=&#8220;middle&#8220; responsive_css=&#8220;margin_bottom_large:60px&#8220; css=&#8220;.vc_custom_1685916314443{margin-bottom: 10px !important;}&#8220;][vc_column][vc_single_image image=&#8220;1934&#8243; style=&#8220;vc_box_shadow_border&#8220;][\/vc_column][\/vc_row][vc_row content_placement=&#8220;middle&#8220; responsive_css=&#8220;margin_bottom_large:60px&#8220;][vc_column width=&#8220;1\/2&#8243;][vc_single_image image=&#8220;553&#8243; style=&#8220;vc_box_shadow_border&#8220;][\/vc_column][vc_column width=&#8220;1\/2&#8243; column_top_onmobile=&#8220;yes&#8220;]<style>.ld_fancy_heading_69fc66ee458d3 .lqd-highlight-inner{height:0.275em!important;bottom:0px!important;}<\/style><div class=\"ld-fancy-heading ld_fancy_heading_69fc66ee458d3\">\n\t<h1 class=\"ld-fh-element lqd-highlight-underline lqd-highlight-grow-left text-decoration-default\"   >  Zink verglichen mit\u00a0aluminium<\/h1><\/div><style>.ld_fancy_heading_69fc66ee459f7 .lqd-highlight-inner{height:0.275em!important;bottom:0px!important;}<\/style><div class=\"ld-fancy-heading ld_fancy_heading_69fc66ee459f7\">\n\t<p class=\"ld-fh-element lqd-highlight-underline lqd-highlight-grow-left text-decoration-default\"   >  Das Druckgussverfahren wird sowohl f\u00fcr die Herstellung mit Zink als auch Aluminium verwendet. Den gro\u00dfen Unterschied machen vor allem das Gewicht und die Schmelztemperatur aus. Aluminium ist leichter als Zink, Zink hat aber eine geringere Schmelztemperatur. Dadurch erfolgt die Produktion mit Zink sowohl schneller als auch energieeffizienter und die Herstellungskosten werden geringer. Zink ist daher besser f\u00fcr etwas kleinere Produkte geeignet, bei denen das Gewicht keine so gro\u00dfe Rolle spielt. Ein weiterer wichtiger Unterschied liegt auch darin, dass die Gie\u00dfpr\u00e4zision sehr viel besser ist und dass Zink eine wesentlich h\u00f6here Festigkeit besitzt, wodurch d\u00fcnnere W\u00e4nde gegossen werden k\u00f6nnen. Sie k\u00f6nnen bis zu 0,4 mm d\u00fcnn werden. W\u00e4hrend die maximale Lebensdauer f\u00fcr ein Aluminiumwerkzeug h\u00e4ufig 100 000 Schuss betr\u00e4gt, gew\u00e4hren wir eine lebenslange Garantie auf unsere Werkzeuge.<\/p><\/div>[\/vc_column][\/vc_row][vc_row full_width=&#8220;stretch_row&#8220; gap=&#8220;0&#8243;][vc_column][vc_separator css=&#8220;.vc_custom_1687039078089{margin-top: 20px !important;margin-bottom: 20px !important;}&#8220;][\/vc_column][\/vc_row][vc_row content_placement=&#8220;middle&#8220; responsive_css=&#8220;margin_bottom_large:60px&#8220;][vc_column width=&#8220;1\/2&#8243;]<style>.ld_fancy_heading_69fc66ee45b0f .lqd-highlight-inner{height:0.275em!important;bottom:0px!important;}<\/style><div class=\"ld-fancy-heading ld_fancy_heading_69fc66ee45b0f\">\n\t<h1 class=\"ld-fh-element lqd-highlight-underline lqd-highlight-grow-left text-decoration-default\"   >  Zink verglichen mit kunststoff<\/h1><\/div><style>.ld_fancy_heading_69fc66ee45c32 .lqd-highlight-inner{height:0.275em!important;bottom:0px!important;}<\/style><div class=\"ld-fancy-heading ld_fancy_heading_69fc66ee45c32\">\n\t<p class=\"ld-fh-element lqd-highlight-underline lqd-highlight-grow-left text-decoration-default\"   >  Unter Betrachtung des Herstellungsverfahrens \u00e4hneln sich Kunststoffspritzguss und Zinkdruckguss sehr stark. Die Materialien unterscheiden sich aber extrem: mit Zink wird eine h\u00f6here Festigkeit erreicht und die metallischen Eigenschaften von Zink sorgen dar\u00fcber hinaus f\u00fcr einige weitere Vorteile, z.B. wird Zink in der Elektronikindustrie h\u00e4ufig verwendet, weil es elektromagnetische Strahlung gut abschirmt. Zink verl\u00e4ngert h\u00e4ufig die Lebensdauer des Produkts und vertr\u00e4gt eine h\u00e4rtere Behandlung. Auch der Umweltaspekt ist wichtig.: Kunststoff ist nicht abbaubar, Zink hingegen kann zu 100 % recycelt werden.<\/p><\/div>[\/vc_column][vc_column width=&#8220;1\/2&#8243;][vc_single_image image=&#8220;552&#8243; style=&#8220;vc_box_shadow_border&#8220;][\/vc_column][\/vc_row][vc_row full_width=&#8220;stretch_row&#8220; gap=&#8220;0&#8243;][vc_column][vc_separator css=&#8220;.vc_custom_1687039078089{margin-top: 20px !important;margin-bottom: 20px !important;}&#8220;][\/vc_column][\/vc_row][vc_row content_placement=&#8220;middle&#8220; responsive_css=&#8220;margin_bottom_large:60px&#8220;][vc_column width=&#8220;1\/2&#8243;][vc_single_image image=&#8220;551&#8243; style=&#8220;vc_box_shadow_border&#8220;][\/vc_column][vc_column width=&#8220;1\/2&#8243; column_top_onmobile=&#8220;yes&#8220;]<style>.ld_fancy_heading_69fc66ee45d53 .lqd-highlight-inner{height:0.275em!important;bottom:0px!important;}<\/style><div class=\"ld-fancy-heading ld_fancy_heading_69fc66ee45d53\">\n\t<h1 class=\"ld-fh-element lqd-highlight-underline lqd-highlight-grow-left text-decoration-default\"   >  Zink verglichen mit bearbeitete produkten<\/h1><\/div><style>.ld_fancy_heading_69fc66ee45e68 .lqd-highlight-inner{height:0.275em!important;bottom:0px!important;}<\/style><div class=\"ld-fancy-heading ld_fancy_heading_69fc66ee45e68\">\n\t<p class=\"ld-fh-element lqd-highlight-underline lqd-highlight-grow-left text-decoration-default\"   >  Bei einem geringeren Produktionsvolumen eines Produkts kann die Industrie die Geometrie aus einem Rohling herausfr\u00e4sen. Dieses Verfahren wird verwendet, wenn die Kosten f\u00fcr den Bau eines Gusswerkzeugs im Vergleich zum Volumen zu hoch sind. Zinkdruckguss ist auch bei geringeren Volumina konkurrenzf\u00e4hig. Je gr\u00f6\u00dfer das Produktionsvolumen aber ist, umso mehr w\u00e4chst die Wahrscheinlichkeit, dass Zinkdruckguss zur kosteneffizientesten Alternative wird.<\/p><\/div>[\/vc_column][\/vc_row][vc_row full_width=&#8220;stretch_row&#8220; gap=&#8220;0&#8243;][vc_column][vc_separator css=&#8220;.vc_custom_1687039078089{margin-top: 20px !important;margin-bottom: 20px !important;}&#8220;][\/vc_column][\/vc_row][vc_row content_placement=&#8220;middle&#8220; responsive_css=&#8220;margin_bottom_large:60px&#8220;][vc_column width=&#8220;1\/2&#8243;]<style>.ld_fancy_heading_69fc66ee45f79 .lqd-highlight-inner{height:0.275em!important;bottom:0px!important;}<\/style><div class=\"ld-fancy-heading ld_fancy_heading_69fc66ee45f79\">\n\t<h1 class=\"ld-fh-element lqd-highlight-underline lqd-highlight-grow-left text-decoration-default\"   >  Zink verglichen mit messing<\/h1><\/div><style>.ld_fancy_heading_69fc66ee460a2 .lqd-highlight-inner{height:0.275em!important;bottom:0px!important;}<\/style><div class=\"ld-fancy-heading ld_fancy_heading_69fc66ee460a2\">\n\t<p class=\"ld-fh-element lqd-highlight-underline lqd-highlight-grow-left text-decoration-default\"   >  Auch Messing kann gegossen werden. Bei Messing handelt es sich aber um ein teures Material, das h\u00e4ufig nachbearbeitet werden muss, w\u00e4hrend Zink in der Maschine fertig gegossen werden kann. Messing sollte deshalb nur verwendet werden, wenn spezifische Messingeigenschaften ben\u00f6tigt werden, wie zum Beispiel ein sehr gutes W\u00e4rmeleitverm\u00f6gen. Wenn es aber nur darum geht, eine besondere Geometrie zu gie\u00dfen, ist Zink \u00fcberlegen.<\/p><\/div>[\/vc_column][vc_column width=&#8220;1\/2&#8243;][vc_single_image image=&#8220;550&#8243; style=&#8220;vc_box_shadow_border&#8220;][\/vc_column][\/vc_row][vc_row full_width=&#8220;stretch_row&#8220; gap=&#8220;0&#8243;][vc_column][vc_separator css=&#8220;.vc_custom_1687039078089{margin-top: 20px !important;margin-bottom: 20px !important;}&#8220;][\/vc_column][\/vc_row][vc_row content_placement=&#8220;middle&#8220; responsive_css=&#8220;margin_bottom_large:60px&#8220; css=&#8220;.vc_custom_1685916290268{margin-bottom: 30px !important;}&#8220;][vc_column width=&#8220;1\/2&#8243;][vc_single_image image=&#8220;549&#8243; style=&#8220;vc_box_shadow_border&#8220;][\/vc_column][vc_column width=&#8220;1\/2&#8243; column_top_onmobile=&#8220;yes&#8220;]<style>.ld_fancy_heading_69fc66ee461b2 .lqd-highlight-inner{height:0.275em!important;bottom:0px!important;}<\/style><div class=\"ld-fancy-heading ld_fancy_heading_69fc66ee461b2\">\n\t<h1 class=\"ld-fh-element lqd-highlight-underline lqd-highlight-grow-left text-decoration-default\"   >  Zink verglichen mit blech<\/h1><\/div><style>.ld_fancy_heading_69fc66ee462bf .lqd-highlight-inner{height:0.275em!important;bottom:0px!important;}<\/style><div class=\"ld-fancy-heading ld_fancy_heading_69fc66ee462bf\">\n\t<p class=\"ld-fh-element lqd-highlight-underline lqd-highlight-grow-left text-decoration-default\"   >  Aus Blech hergestellte Produkte lassen sich sehr h\u00e4ufig durch Zinkdruckguss ersetzen. Zink l\u00e4sst sich mit sehr d\u00fcnnen W\u00e4nden gie\u00dfen, wodurch das Gewicht des fertigen Produkts sehr gering wird. W\u00e4hrend ein Produkt aus Blech geschnitten, gebogen und gestanzt werden muss, kann es aus Zink in einem St\u00fcck gegossen werden. Das macht den Herstellungsprozess rationeller und verringert h\u00e4ufig die Kosten f\u00fcr den Kunden.<\/p><\/div>[\/vc_column][\/vc_row]<\/p>\n","protected":false},"excerpt":{"rendered":"<p>[vc_row equal_height=&#8220;yes&#8220; bg_position=&#8220;center top&#8220; bg_attachment=&#8220;fixed&#8220; enable_loading_bg=&#8220;yes&#8220; css=&#8220;.vc_custom_1685915768304{background-image: url(https:\/\/gjuteriteknik.se\/wp-content\/uploads\/2023\/06\/zinkens_fordelar2_main-1.jpg?id=539) !important;background-position: center !important;background-repeat: no-repeat !important;background-size: cover !important;}&#8220;][vc_column enable_content_animation=&#8220;yes&#8220; ca_init_scale_x=&#8220;1&#8243; ca_init_scale_y=&#8220;1&#8243; ca_init_opacity=&#8220;0&#8243; ca_an_scale_x=&#8220;1&#8243; ca_an_scale_y=&#8220;1&#8243; ca_an_opacity=&#8220;1&#8243; offset=&#8220;vc_col-md-12&#8243; ca_duration=&#8220;1600&#8243; ca_start_delay=&#8220;600&#8243; ca_delay=&#8220;160&#8243; ca_init_translate_y=&#8220;50&#8243; responsive_css=&#8220;padding_top_medium:300px|padding_bottom_medium:300px&#8220; css=&#8220;.vc_custom_1685661738291{padding-top: 140px !important;padding-bottom: 140px !important;}&#8220;][\/vc_column][\/vc_row][vc_row responsive_css=&#8220;margin_top_large:60px|margin_bottom_large:30px&#8220; css=&#8220;.vc_custom_1685915939523{margin-top: 30px !important;margin-bottom: 20px !important;}&#8220;][vc_column width=&#8220;5\/12&#8243;][\/vc_column][vc_column width=&#8220;3\/12&#8243;][\/vc_column][vc_column width=&#8220;3\/12&#8243;][\/vc_column][\/vc_row][vc_row content_placement=&#8220;middle&#8220; responsive_css=&#8220;margin_bottom_large:60px&#8220; css=&#8220;.vc_custom_1685916314443{margin-bottom: 10px !important;}&#8220;][vc_column][vc_single_image image=&#8220;1934&#8243; style=&#8220;vc_box_shadow_border&#8220;][\/vc_column][\/vc_row][vc_row content_placement=&#8220;middle&#8220; responsive_css=&#8220;margin_bottom_large:60px&#8220;][vc_column width=&#8220;1\/2&#8243;][vc_single_image image=&#8220;553&#8243; style=&#8220;vc_box_shadow_border&#8220;][\/vc_column][vc_column width=&#8220;1\/2&#8243; [&hellip;]<\/p>\n","protected":false},"author":1,"featured_media":1218,"parent":0,"menu_order":0,"comment_status":"closed","ping_status":"closed","template":"","meta":{"iawp_total_views":112,"footnotes":""},"class_list":["post-1622","page","type-page","status-publish","has-post-thumbnail","hentry"],"yoast_head":"<!-- This site is optimized with the Yoast SEO plugin v26.7 - https:\/\/yoast.com\/wordpress\/plugins\/seo\/ -->\n<title>Die vorteile von zink - Gjuteriteknik AB<\/title>\n<meta name=\"robots\" content=\"index, follow, max-snippet:-1, max-image-preview:large, max-video-preview:-1\" \/>\n<link rel=\"canonical\" href=\"https:\/\/gjuteriteknik.se\/de\/die-vorteile-von-zink\/\" \/>\n<meta property=\"og:locale\" content=\"de_DE\" \/>\n<meta property=\"og:type\" content=\"article\" \/>\n<meta property=\"og:title\" content=\"Die vorteile von zink - Gjuteriteknik AB\" \/>\n<meta property=\"og:description\" content=\"[vc_row equal_height=&#8220;yes&#8220; bg_position=&#8220;center top&#8220; bg_attachment=&#8220;fixed&#8220; enable_loading_bg=&#8220;yes&#8220; css=&#8220;.vc_custom_1685915768304{background-image: url(https:\/\/gjuteriteknik.se\/wp-content\/uploads\/2023\/06\/zinkens_fordelar2_main-1.jpg?id=539) !important;background-position: center !important;background-repeat: no-repeat !important;background-size: cover !important;}&#8220;][vc_column enable_content_animation=&#8220;yes&#8220; ca_init_scale_x=&#8220;1&#8243; ca_init_scale_y=&#8220;1&#8243; ca_init_opacity=&#8220;0&#8243; ca_an_scale_x=&#8220;1&#8243; ca_an_scale_y=&#8220;1&#8243; ca_an_opacity=&#8220;1&#8243; offset=&#8220;vc_col-md-12&#8243; ca_duration=&#8220;1600&#8243; ca_start_delay=&#8220;600&#8243; ca_delay=&#8220;160&#8243; ca_init_translate_y=&#8220;50&#8243; responsive_css=&#8220;padding_top_medium:300px|padding_bottom_medium:300px&#8220; css=&#8220;.vc_custom_1685661738291{padding-top: 140px !important;padding-bottom: 140px !important;}&#8220;][\/vc_column][\/vc_row][vc_row responsive_css=&#8220;margin_top_large:60px|margin_bottom_large:30px&#8220; css=&#8220;.vc_custom_1685915939523{margin-top: 30px !important;margin-bottom: 20px !important;}&#8220;][vc_column width=&#8220;5\/12&#8243;][\/vc_column][vc_column width=&#8220;3\/12&#8243;][\/vc_column][vc_column width=&#8220;3\/12&#8243;][\/vc_column][\/vc_row][vc_row content_placement=&#8220;middle&#8220; responsive_css=&#8220;margin_bottom_large:60px&#8220; css=&#8220;.vc_custom_1685916314443{margin-bottom: 10px !important;}&#8220;][vc_column][vc_single_image image=&#8220;1934&#8243; style=&#8220;vc_box_shadow_border&#8220;][\/vc_column][\/vc_row][vc_row content_placement=&#8220;middle&#8220; responsive_css=&#8220;margin_bottom_large:60px&#8220;][vc_column width=&#8220;1\/2&#8243;][vc_single_image image=&#8220;553&#8243; style=&#8220;vc_box_shadow_border&#8220;][\/vc_column][vc_column width=&#8220;1\/2&#8243; [&hellip;]\" \/>\n<meta property=\"og:url\" content=\"https:\/\/gjuteriteknik.se\/de\/die-vorteile-von-zink\/\" \/>\n<meta property=\"og:site_name\" content=\"Gjuteriteknik AB\" \/>\n<meta property=\"article:publisher\" content=\"https:\/\/www.facebook.com\/gjuteriteknik\/\" \/>\n<meta property=\"article:modified_time\" content=\"2023-07-05T11:36:04+00:00\" \/>\n<meta name=\"twitter:card\" content=\"summary_large_image\" \/>\n<meta name=\"twitter:label1\" content=\"Gesch\u00e4tzte Lesezeit\" \/>\n\t<meta name=\"twitter:data1\" content=\"5\u00a0Minuten\" \/>\n<script type=\"application\/ld+json\" class=\"yoast-schema-graph\">{\"@context\":\"https:\/\/schema.org\",\"@graph\":[{\"@type\":\"WebPage\",\"@id\":\"https:\/\/gjuteriteknik.se\/de\/die-vorteile-von-zink\/\",\"url\":\"https:\/\/gjuteriteknik.se\/de\/die-vorteile-von-zink\/\",\"name\":\"Die vorteile von zink - Gjuteriteknik AB\",\"isPartOf\":{\"@id\":\"https:\/\/gjuteriteknik.se\/#website\"},\"primaryImageOfPage\":{\"@id\":\"https:\/\/gjuteriteknik.se\/de\/die-vorteile-von-zink\/#primaryimage\"},\"image\":{\"@id\":\"https:\/\/gjuteriteknik.se\/de\/die-vorteile-von-zink\/#primaryimage\"},\"thumbnailUrl\":\"https:\/\/gjuteriteknik.se\/wp-content\/uploads\/2023\/06\/zinkens_fordelar2_main-1.jpg\",\"datePublished\":\"2023-06-04T21:56:09+00:00\",\"dateModified\":\"2023-07-05T11:36:04+00:00\",\"breadcrumb\":{\"@id\":\"https:\/\/gjuteriteknik.se\/de\/die-vorteile-von-zink\/#breadcrumb\"},\"inLanguage\":\"de\",\"potentialAction\":[{\"@type\":\"ReadAction\",\"target\":[\"https:\/\/gjuteriteknik.se\/de\/die-vorteile-von-zink\/\"]}]},{\"@type\":\"ImageObject\",\"inLanguage\":\"de\",\"@id\":\"https:\/\/gjuteriteknik.se\/de\/die-vorteile-von-zink\/#primaryimage\",\"url\":\"https:\/\/gjuteriteknik.se\/wp-content\/uploads\/2023\/06\/zinkens_fordelar2_main-1.jpg\",\"contentUrl\":\"https:\/\/gjuteriteknik.se\/wp-content\/uploads\/2023\/06\/zinkens_fordelar2_main-1.jpg\",\"width\":1920,\"height\":650},{\"@type\":\"BreadcrumbList\",\"@id\":\"https:\/\/gjuteriteknik.se\/de\/die-vorteile-von-zink\/#breadcrumb\",\"itemListElement\":[{\"@type\":\"ListItem\",\"position\":1,\"name\":\"Hem\",\"item\":\"https:\/\/gjuteriteknik.se\/\"},{\"@type\":\"ListItem\",\"position\":2,\"name\":\"Die vorteile von zink\"}]},{\"@type\":\"WebSite\",\"@id\":\"https:\/\/gjuteriteknik.se\/#website\",\"url\":\"https:\/\/gjuteriteknik.se\/\",\"name\":\"Gjuteriteknik\",\"description\":\"Specialister inom pressgjutning av zink\",\"publisher\":{\"@id\":\"https:\/\/gjuteriteknik.se\/#organization\"},\"potentialAction\":[{\"@type\":\"SearchAction\",\"target\":{\"@type\":\"EntryPoint\",\"urlTemplate\":\"https:\/\/gjuteriteknik.se\/?s={search_term_string}\"},\"query-input\":{\"@type\":\"PropertyValueSpecification\",\"valueRequired\":true,\"valueName\":\"search_term_string\"}}],\"inLanguage\":\"de\"},{\"@type\":\"Organization\",\"@id\":\"https:\/\/gjuteriteknik.se\/#organization\",\"name\":\"Gjuteriteknik\",\"url\":\"https:\/\/gjuteriteknik.se\/\",\"logo\":{\"@type\":\"ImageObject\",\"inLanguage\":\"de\",\"@id\":\"https:\/\/gjuteriteknik.se\/#\/schema\/logo\/image\/\",\"url\":\"https:\/\/gjuteriteknik.se\/wp-content\/uploads\/2023\/08\/gtlogo.jpg\",\"contentUrl\":\"https:\/\/gjuteriteknik.se\/wp-content\/uploads\/2023\/08\/gtlogo.jpg\",\"width\":514,\"height\":515,\"caption\":\"Gjuteriteknik\"},\"image\":{\"@id\":\"https:\/\/gjuteriteknik.se\/#\/schema\/logo\/image\/\"},\"sameAs\":[\"https:\/\/www.facebook.com\/gjuteriteknik\/\"]}]}<\/script>\n<!-- \/ Yoast SEO plugin. -->","yoast_head_json":{"title":"Die vorteile von zink - Gjuteriteknik AB","robots":{"index":"index","follow":"follow","max-snippet":"max-snippet:-1","max-image-preview":"max-image-preview:large","max-video-preview":"max-video-preview:-1"},"canonical":"https:\/\/gjuteriteknik.se\/de\/die-vorteile-von-zink\/","og_locale":"de_DE","og_type":"article","og_title":"Die vorteile von zink - Gjuteriteknik AB","og_description":"[vc_row equal_height=&#8220;yes&#8220; bg_position=&#8220;center top&#8220; bg_attachment=&#8220;fixed&#8220; enable_loading_bg=&#8220;yes&#8220; css=&#8220;.vc_custom_1685915768304{background-image: url(https:\/\/gjuteriteknik.se\/wp-content\/uploads\/2023\/06\/zinkens_fordelar2_main-1.jpg?id=539) !important;background-position: center !important;background-repeat: no-repeat !important;background-size: cover !important;}&#8220;][vc_column enable_content_animation=&#8220;yes&#8220; ca_init_scale_x=&#8220;1&#8243; ca_init_scale_y=&#8220;1&#8243; ca_init_opacity=&#8220;0&#8243; ca_an_scale_x=&#8220;1&#8243; ca_an_scale_y=&#8220;1&#8243; ca_an_opacity=&#8220;1&#8243; offset=&#8220;vc_col-md-12&#8243; ca_duration=&#8220;1600&#8243; ca_start_delay=&#8220;600&#8243; ca_delay=&#8220;160&#8243; ca_init_translate_y=&#8220;50&#8243; responsive_css=&#8220;padding_top_medium:300px|padding_bottom_medium:300px&#8220; css=&#8220;.vc_custom_1685661738291{padding-top: 140px !important;padding-bottom: 140px !important;}&#8220;][\/vc_column][\/vc_row][vc_row responsive_css=&#8220;margin_top_large:60px|margin_bottom_large:30px&#8220; css=&#8220;.vc_custom_1685915939523{margin-top: 30px !important;margin-bottom: 20px !important;}&#8220;][vc_column width=&#8220;5\/12&#8243;][\/vc_column][vc_column width=&#8220;3\/12&#8243;][\/vc_column][vc_column width=&#8220;3\/12&#8243;][\/vc_column][\/vc_row][vc_row content_placement=&#8220;middle&#8220; responsive_css=&#8220;margin_bottom_large:60px&#8220; css=&#8220;.vc_custom_1685916314443{margin-bottom: 10px !important;}&#8220;][vc_column][vc_single_image image=&#8220;1934&#8243; style=&#8220;vc_box_shadow_border&#8220;][\/vc_column][\/vc_row][vc_row content_placement=&#8220;middle&#8220; responsive_css=&#8220;margin_bottom_large:60px&#8220;][vc_column width=&#8220;1\/2&#8243;][vc_single_image image=&#8220;553&#8243; style=&#8220;vc_box_shadow_border&#8220;][\/vc_column][vc_column width=&#8220;1\/2&#8243; [&hellip;]","og_url":"https:\/\/gjuteriteknik.se\/de\/die-vorteile-von-zink\/","og_site_name":"Gjuteriteknik AB","article_publisher":"https:\/\/www.facebook.com\/gjuteriteknik\/","article_modified_time":"2023-07-05T11:36:04+00:00","twitter_card":"summary_large_image","twitter_misc":{"Gesch\u00e4tzte Lesezeit":"5\u00a0Minuten"},"schema":{"@context":"https:\/\/schema.org","@graph":[{"@type":"WebPage","@id":"https:\/\/gjuteriteknik.se\/de\/die-vorteile-von-zink\/","url":"https:\/\/gjuteriteknik.se\/de\/die-vorteile-von-zink\/","name":"Die vorteile von zink - Gjuteriteknik AB","isPartOf":{"@id":"https:\/\/gjuteriteknik.se\/#website"},"primaryImageOfPage":{"@id":"https:\/\/gjuteriteknik.se\/de\/die-vorteile-von-zink\/#primaryimage"},"image":{"@id":"https:\/\/gjuteriteknik.se\/de\/die-vorteile-von-zink\/#primaryimage"},"thumbnailUrl":"https:\/\/gjuteriteknik.se\/wp-content\/uploads\/2023\/06\/zinkens_fordelar2_main-1.jpg","datePublished":"2023-06-04T21:56:09+00:00","dateModified":"2023-07-05T11:36:04+00:00","breadcrumb":{"@id":"https:\/\/gjuteriteknik.se\/de\/die-vorteile-von-zink\/#breadcrumb"},"inLanguage":"de","potentialAction":[{"@type":"ReadAction","target":["https:\/\/gjuteriteknik.se\/de\/die-vorteile-von-zink\/"]}]},{"@type":"ImageObject","inLanguage":"de","@id":"https:\/\/gjuteriteknik.se\/de\/die-vorteile-von-zink\/#primaryimage","url":"https:\/\/gjuteriteknik.se\/wp-content\/uploads\/2023\/06\/zinkens_fordelar2_main-1.jpg","contentUrl":"https:\/\/gjuteriteknik.se\/wp-content\/uploads\/2023\/06\/zinkens_fordelar2_main-1.jpg","width":1920,"height":650},{"@type":"BreadcrumbList","@id":"https:\/\/gjuteriteknik.se\/de\/die-vorteile-von-zink\/#breadcrumb","itemListElement":[{"@type":"ListItem","position":1,"name":"Hem","item":"https:\/\/gjuteriteknik.se\/"},{"@type":"ListItem","position":2,"name":"Die vorteile von zink"}]},{"@type":"WebSite","@id":"https:\/\/gjuteriteknik.se\/#website","url":"https:\/\/gjuteriteknik.se\/","name":"Gjuteriteknik","description":"Specialister inom pressgjutning av zink","publisher":{"@id":"https:\/\/gjuteriteknik.se\/#organization"},"potentialAction":[{"@type":"SearchAction","target":{"@type":"EntryPoint","urlTemplate":"https:\/\/gjuteriteknik.se\/?s={search_term_string}"},"query-input":{"@type":"PropertyValueSpecification","valueRequired":true,"valueName":"search_term_string"}}],"inLanguage":"de"},{"@type":"Organization","@id":"https:\/\/gjuteriteknik.se\/#organization","name":"Gjuteriteknik","url":"https:\/\/gjuteriteknik.se\/","logo":{"@type":"ImageObject","inLanguage":"de","@id":"https:\/\/gjuteriteknik.se\/#\/schema\/logo\/image\/","url":"https:\/\/gjuteriteknik.se\/wp-content\/uploads\/2023\/08\/gtlogo.jpg","contentUrl":"https:\/\/gjuteriteknik.se\/wp-content\/uploads\/2023\/08\/gtlogo.jpg","width":514,"height":515,"caption":"Gjuteriteknik"},"image":{"@id":"https:\/\/gjuteriteknik.se\/#\/schema\/logo\/image\/"},"sameAs":["https:\/\/www.facebook.com\/gjuteriteknik\/"]}]}},"_links":{"self":[{"href":"https:\/\/gjuteriteknik.se\/de\/wp-json\/wp\/v2\/pages\/1622","targetHints":{"allow":["GET"]}}],"collection":[{"href":"https:\/\/gjuteriteknik.se\/de\/wp-json\/wp\/v2\/pages"}],"about":[{"href":"https:\/\/gjuteriteknik.se\/de\/wp-json\/wp\/v2\/types\/page"}],"author":[{"embeddable":true,"href":"https:\/\/gjuteriteknik.se\/de\/wp-json\/wp\/v2\/users\/1"}],"replies":[{"embeddable":true,"href":"https:\/\/gjuteriteknik.se\/de\/wp-json\/wp\/v2\/comments?post=1622"}],"version-history":[{"count":3,"href":"https:\/\/gjuteriteknik.se\/de\/wp-json\/wp\/v2\/pages\/1622\/revisions"}],"predecessor-version":[{"id":1937,"href":"https:\/\/gjuteriteknik.se\/de\/wp-json\/wp\/v2\/pages\/1622\/revisions\/1937"}],"wp:featuredmedia":[{"embeddable":true,"href":"https:\/\/gjuteriteknik.se\/de\/wp-json\/wp\/v2\/media\/1218"}],"wp:attachment":[{"href":"https:\/\/gjuteriteknik.se\/de\/wp-json\/wp\/v2\/media?parent=1622"}],"curies":[{"name":"wp","href":"https:\/\/api.w.org\/{rel}","templated":true}]}}