{"id":1631,"date":"2023-06-07T22:13:06","date_gmt":"2023-06-07T22:13:06","guid":{"rendered":"https:\/\/gjuteriteknik.se\/?page_id=1631"},"modified":"2026-01-30T15:45:52","modified_gmt":"2026-01-30T15:45:52","slug":"umwelt-qualitaet","status":"publish","type":"page","link":"https:\/\/gjuteriteknik.se\/de\/umwelt-qualitaet\/","title":{"rendered":"Umwelt &#038; Qualit\u00e4t"},"content":{"rendered":"<p>[vc_row equal_height=&#8220;yes&#8220; bg_position=&#8220;center top&#8220; bg_attachment=&#8220;fixed&#8220; enable_loading_bg=&#8220;yes&#8220; css=&#8220;.vc_custom_1686175904105{background-image: url(https:\/\/gjuteriteknik.se\/wp-content\/uploads\/2023\/06\/kvalitetmiljo_main.jpg?id=708) !important;background-position: center !important;background-repeat: no-repeat !important;background-size: cover !important;}&#8220;][vc_column enable_content_animation=&#8220;yes&#8220; ca_init_scale_x=&#8220;1&#8243; ca_init_scale_y=&#8220;1&#8243; ca_init_opacity=&#8220;0&#8243; ca_an_scale_x=&#8220;1&#8243; ca_an_scale_y=&#8220;1&#8243; ca_an_opacity=&#8220;1&#8243; offset=&#8220;vc_col-md-12&#8243; ca_duration=&#8220;1600&#8243; ca_start_delay=&#8220;600&#8243; ca_delay=&#8220;160&#8243; ca_init_translate_y=&#8220;50&#8243; responsive_css=&#8220;padding_top_medium:300px|padding_bottom_medium:300px&#8220; css=&#8220;.vc_custom_1685661738291{padding-top: 140px !important;padding-bottom: 140px !important;}&#8220;][\/vc_column][\/vc_row][vc_row content_placement=&#8220;middle&#8220; responsive_css=&#8220;margin_top_large:60px&#8220; css=&#8220;.vc_custom_1685659638776{margin-top: 30px !important;}&#8220;][vc_column width=&#8220;1\/2&#8243;]<style>.ld_fancy_heading_69f08bbb58b55 .lqd-highlight-inner{height:0.275em!important;bottom:0px!important;}<\/style><div class=\"ld-fancy-heading ld_fancy_heading_69f08bbb58b55\">\n\t<h1 class=\"ld-fh-element lqd-highlight-underline lqd-highlight-grow-left text-decoration-default\"   >  Umwelt<\/h1><\/div><style>.ld_fancy_heading_69f08bbb594a2 .lqd-highlight-inner{height:0.275em!important;bottom:0px!important;}<\/style><div class=\"ld-fancy-heading ld_fancy_heading_69f08bbb594a2\">\n\t<p class=\"ld-fh-element lqd-highlight-underline lqd-highlight-grow-left text-decoration-default\"   >  Der Energieverbrauch beim Zinkdruckguss ist geringer als zum Beispiel f\u00fcr den Aluminiumguss und der Anteil an recyclierbarem Material liegt bei 100 %. Weil unser System vollst\u00e4ndig geschlossen ist, kommt es auch zu keinen Zinkemissionen. Au\u00dferdem haben wir gro\u00dfe Investitionen in Windkraft get\u00e4tigt und sind stolz auf unsere umweltfreundliche Entscheidung, die unser gesamtes Unternehmen mit Energie versorgt!<\/p><\/div><a href=\"https:\/\/gjuteriteknik.se\/wp-content\/uploads\/2025\/04\/Certifikat-IS09001-ISO14001-Cert-no-2762-Gjuteriteknik-AB-ENG.pdf\" target=\"_blank\" class=\"btn btn-default btn-xlg semi-round btn-bordered border-thin btn-has-label ld_button_69f08bbb59b05 vc_custom_1744814885159\" >\n\t<span>\n\t\n\t\t\t\t\t<span class=\"btn-txt\" data-text=\"ISO 14001-Zertifikat herunterladen\" >ISO 14001-Zertifikat herunterladen<\/span>\n\t\t\n\t\t\t\t\t<\/span>\n<\/a>\n[\/vc_column][vc_column width=&#8220;1\/2&#8243;][vc_single_image image=&#8220;2786&#8243; style=&#8220;vc_box_shadow_border&#8220;][\/vc_column][\/vc_row][vc_row full_width=&#8220;stretch_row&#8220; gap=&#8220;0&#8243; responsive_css=&#8220;padding_top_large:20px|padding_bottom_large:20px&#8220; row_hide=&#8220;hidden-xs hidden-sm&#8220;][vc_column][vc_separator][\/vc_column][\/vc_row][vc_row content_placement=&#8220;middle&#8220;][vc_column width=&#8220;1\/2&#8243;][vc_single_image image=&#8220;2790&#8243; style=&#8220;vc_box_shadow_border&#8220;][\/vc_column][vc_column width=&#8220;1\/2&#8243; column_top_onmobile=&#8220;yes&#8220;]<style>.ld_fancy_heading_69f08bbb5a126 .lqd-highlight-inner{height:0.275em!important;bottom:0px!important;}<\/style><div class=\"ld-fancy-heading ld_fancy_heading_69f08bbb5a126\">\n\t<h1 class=\"ld-fh-element lqd-highlight-underline lqd-highlight-grow-left text-decoration-default\"   >  Qualit\u00e4t<\/h1><\/div><style>.ld_fancy_heading_69f08bbb5a614 .lqd-highlight-inner{height:0.275em!important;bottom:0px!important;}<\/style><div class=\"ld-fancy-heading ld_fancy_heading_69f08bbb5a614\">\n\t<p class=\"ld-fh-element lqd-highlight-underline lqd-highlight-grow-left text-decoration-default\"   >  Uns stehen die modernsten Messmaschinen des gesamten Marktes zur Verf\u00fcgung. Unsere f\u00fcnf gesteuerten Messmaschinen und das Laserscanning sorgen f\u00fcr h\u00f6chste Qualit\u00e4t der Probest\u00fcckprotokolle und Belege. Wir f\u00fchren auch statistische Analysen durch, wie z. B. Prozessf\u00e4higkeitsuntersuchungen.<\/p><\/div><a href=\"https:\/\/gjuteriteknik.se\/wp-content\/uploads\/2025\/04\/Certifikat-IS09001-ISO14001-Cert-no-2762-Gjuteriteknik-AB-ENG.pdf\" target=\"_blank\" class=\"btn btn-default btn-xlg semi-round btn-bordered border-thin btn-has-label ld_button_69f08bbb5aab9 vc_custom_1769787938739\" >\n\t<span>\n\t\n\t\t\t\t\t<span class=\"btn-txt\" data-text=\"ISO 9001-Zertifikat herunterladen\" >ISO 9001-Zertifikat herunterladen<\/span>\n\t\t\n\t\t\t\t\t<\/span>\n<\/a>\n[\/vc_column][\/vc_row][vc_row full_width=&#8220;stretch_row&#8220; gap=&#8220;0&#8243; responsive_css=&#8220;padding_top_large:20px|padding_bottom_large:20px&#8220; row_hide=&#8220;hidden-xs hidden-sm&#8220;][vc_column][vc_separator][\/vc_column][\/vc_row][vc_row content_placement=&#8220;middle&#8220; responsive_css=&#8220;margin_bottom_large:60px&#8220; css=&#8220;.vc_custom_1685665160391{margin-bottom: 30px !important;}&#8220;][vc_column width=&#8220;1\/2&#8243;]<style>.ld_fancy_heading_69f08bbb5b120 .lqd-highlight-inner{height:0.275em!important;bottom:0px!important;}<\/style><div class=\"ld-fancy-heading ld_fancy_heading_69f08bbb5b120\">\n\t<h1 class=\"ld-fh-element lqd-highlight-underline lqd-highlight-grow-left text-decoration-default\"   >  AEOC &amp; AEOS<\/h1><\/div><a href=\"https:\/\/gjuteriteknik.se\/wp-content\/uploads\/2023\/06\/tullverket_aeoc_aeos_200226.pdf\" target=\"_blank\" class=\"btn btn-default btn-xlg semi-round btn-bordered border-thin btn-has-label ld_button_69f08bbb5b674 vc_custom_1687039958046\" >\n\t<span>\n\t\n\t\t\t\t\t<span class=\"btn-txt\" data-text=\"AEOC &amp; AEOS Zertifikat herunterladen\" >AEOC &amp; AEOS Zertifikat herunterladen<\/span>\n\t\t\n\t\t\t\t\t<\/span>\n<\/a>\n[\/vc_column][vc_column width=&#8220;1\/2&#8243;][vc_single_image image=&#8220;705&#8243; style=&#8220;vc_box_shadow_border&#8220;][\/vc_column][\/vc_row]<\/p>\n","protected":false},"excerpt":{"rendered":"<p>[vc_row equal_height=&#8220;yes&#8220; bg_position=&#8220;center top&#8220; bg_attachment=&#8220;fixed&#8220; enable_loading_bg=&#8220;yes&#8220; css=&#8220;.vc_custom_1686175904105{background-image: url(https:\/\/gjuteriteknik.se\/wp-content\/uploads\/2023\/06\/kvalitetmiljo_main.jpg?id=708) !important;background-position: center !important;background-repeat: no-repeat !important;background-size: cover !important;}&#8220;][vc_column enable_content_animation=&#8220;yes&#8220; ca_init_scale_x=&#8220;1&#8243; ca_init_scale_y=&#8220;1&#8243; ca_init_opacity=&#8220;0&#8243; ca_an_scale_x=&#8220;1&#8243; ca_an_scale_y=&#8220;1&#8243; ca_an_opacity=&#8220;1&#8243; offset=&#8220;vc_col-md-12&#8243; ca_duration=&#8220;1600&#8243; ca_start_delay=&#8220;600&#8243; ca_delay=&#8220;160&#8243; ca_init_translate_y=&#8220;50&#8243; responsive_css=&#8220;padding_top_medium:300px|padding_bottom_medium:300px&#8220; css=&#8220;.vc_custom_1685661738291{padding-top: 140px !important;padding-bottom: 140px !important;}&#8220;][\/vc_column][\/vc_row][vc_row content_placement=&#8220;middle&#8220; responsive_css=&#8220;margin_top_large:60px&#8220; css=&#8220;.vc_custom_1685659638776{margin-top: 30px !important;}&#8220;][vc_column width=&#8220;1\/2&#8243;][\/vc_column][vc_column width=&#8220;1\/2&#8243;][vc_single_image image=&#8220;2786&#8243; style=&#8220;vc_box_shadow_border&#8220;][\/vc_column][\/vc_row][vc_row full_width=&#8220;stretch_row&#8220; gap=&#8220;0&#8243; responsive_css=&#8220;padding_top_large:20px|padding_bottom_large:20px&#8220; row_hide=&#8220;hidden-xs hidden-sm&#8220;][vc_column][vc_separator][\/vc_column][\/vc_row][vc_row content_placement=&#8220;middle&#8220;][vc_column width=&#8220;1\/2&#8243;][vc_single_image image=&#8220;2790&#8243; style=&#8220;vc_box_shadow_border&#8220;][\/vc_column][vc_column width=&#8220;1\/2&#8243; column_top_onmobile=&#8220;yes&#8220;][\/vc_column][\/vc_row][vc_row full_width=&#8220;stretch_row&#8220; gap=&#8220;0&#8243; [&hellip;]<\/p>\n","protected":false},"author":1,"featured_media":1306,"parent":0,"menu_order":0,"comment_status":"closed","ping_status":"closed","template":"","meta":{"iawp_total_views":53,"footnotes":""},"class_list":["post-1631","page","type-page","status-publish","has-post-thumbnail","hentry"],"yoast_head":"<!-- This site is optimized with the Yoast SEO plugin v26.7 - https:\/\/yoast.com\/wordpress\/plugins\/seo\/ -->\n<title>Umwelt &amp; Qualit\u00e4t - Gjuteriteknik AB<\/title>\n<meta name=\"robots\" content=\"index, follow, max-snippet:-1, max-image-preview:large, max-video-preview:-1\" \/>\n<link rel=\"canonical\" href=\"https:\/\/gjuteriteknik.se\/miljo-kvalitet\/\" \/>\n<meta property=\"og:locale\" content=\"de_DE\" \/>\n<meta property=\"og:type\" content=\"article\" \/>\n<meta property=\"og:title\" content=\"Umwelt &amp; Qualit\u00e4t - Gjuteriteknik AB\" \/>\n<meta property=\"og:description\" content=\"[vc_row equal_height=&#8220;yes&#8220; bg_position=&#8220;center top&#8220; bg_attachment=&#8220;fixed&#8220; enable_loading_bg=&#8220;yes&#8220; css=&#8220;.vc_custom_1686175904105{background-image: url(https:\/\/gjuteriteknik.se\/wp-content\/uploads\/2023\/06\/kvalitetmiljo_main.jpg?id=708) !important;background-position: center !important;background-repeat: no-repeat !important;background-size: cover !important;}&#8220;][vc_column enable_content_animation=&#8220;yes&#8220; ca_init_scale_x=&#8220;1&#8243; ca_init_scale_y=&#8220;1&#8243; ca_init_opacity=&#8220;0&#8243; ca_an_scale_x=&#8220;1&#8243; ca_an_scale_y=&#8220;1&#8243; ca_an_opacity=&#8220;1&#8243; offset=&#8220;vc_col-md-12&#8243; ca_duration=&#8220;1600&#8243; ca_start_delay=&#8220;600&#8243; ca_delay=&#8220;160&#8243; ca_init_translate_y=&#8220;50&#8243; responsive_css=&#8220;padding_top_medium:300px|padding_bottom_medium:300px&#8220; css=&#8220;.vc_custom_1685661738291{padding-top: 140px !important;padding-bottom: 140px !important;}&#8220;][\/vc_column][\/vc_row][vc_row content_placement=&#8220;middle&#8220; responsive_css=&#8220;margin_top_large:60px&#8220; css=&#8220;.vc_custom_1685659638776{margin-top: 30px !important;}&#8220;][vc_column width=&#8220;1\/2&#8243;][\/vc_column][vc_column width=&#8220;1\/2&#8243;][vc_single_image image=&#8220;2786&#8243; style=&#8220;vc_box_shadow_border&#8220;][\/vc_column][\/vc_row][vc_row full_width=&#8220;stretch_row&#8220; gap=&#8220;0&#8243; responsive_css=&#8220;padding_top_large:20px|padding_bottom_large:20px&#8220; row_hide=&#8220;hidden-xs hidden-sm&#8220;][vc_column][vc_separator][\/vc_column][\/vc_row][vc_row content_placement=&#8220;middle&#8220;][vc_column width=&#8220;1\/2&#8243;][vc_single_image image=&#8220;2790&#8243; style=&#8220;vc_box_shadow_border&#8220;][\/vc_column][vc_column width=&#8220;1\/2&#8243; column_top_onmobile=&#8220;yes&#8220;][\/vc_column][\/vc_row][vc_row full_width=&#8220;stretch_row&#8220; gap=&#8220;0&#8243; [&hellip;]\" \/>\n<meta property=\"og:url\" content=\"https:\/\/gjuteriteknik.se\/miljo-kvalitet\/\" \/>\n<meta property=\"og:site_name\" content=\"Gjuteriteknik AB\" \/>\n<meta property=\"article:publisher\" content=\"https:\/\/www.facebook.com\/gjuteriteknik\/\" \/>\n<meta property=\"article:modified_time\" content=\"2026-01-30T15:45:52+00:00\" \/>\n<meta property=\"og:image\" content=\"https:\/\/gjuteriteknik.se\/wp-content\/uploads\/2023\/06\/kvalitetmiljo_main.jpg\" \/>\n\t<meta property=\"og:image:width\" content=\"1920\" \/>\n\t<meta property=\"og:image:height\" content=\"650\" \/>\n\t<meta property=\"og:image:type\" content=\"image\/jpeg\" \/>\n<meta name=\"twitter:card\" content=\"summary_large_image\" \/>\n<meta name=\"twitter:label1\" content=\"Gesch\u00e4tzte Lesezeit\" \/>\n\t<meta name=\"twitter:data1\" content=\"3\u00a0Minuten\" \/>\n<script type=\"application\/ld+json\" class=\"yoast-schema-graph\">{\"@context\":\"https:\/\/schema.org\",\"@graph\":[{\"@type\":\"WebPage\",\"@id\":\"https:\/\/gjuteriteknik.se\/miljo-kvalitet\/\",\"url\":\"https:\/\/gjuteriteknik.se\/miljo-kvalitet\/\",\"name\":\"Umwelt & Qualit\u00e4t - Gjuteriteknik AB\",\"isPartOf\":{\"@id\":\"https:\/\/gjuteriteknik.se\/#website\"},\"primaryImageOfPage\":{\"@id\":\"https:\/\/gjuteriteknik.se\/miljo-kvalitet\/#primaryimage\"},\"image\":{\"@id\":\"https:\/\/gjuteriteknik.se\/miljo-kvalitet\/#primaryimage\"},\"thumbnailUrl\":\"https:\/\/gjuteriteknik.se\/wp-content\/uploads\/2023\/06\/kvalitetmiljo_main.jpg\",\"datePublished\":\"2023-06-07T22:13:06+00:00\",\"dateModified\":\"2026-01-30T15:45:52+00:00\",\"breadcrumb\":{\"@id\":\"https:\/\/gjuteriteknik.se\/miljo-kvalitet\/#breadcrumb\"},\"inLanguage\":\"de\",\"potentialAction\":[{\"@type\":\"ReadAction\",\"target\":[\"https:\/\/gjuteriteknik.se\/miljo-kvalitet\/\"]}]},{\"@type\":\"ImageObject\",\"inLanguage\":\"de\",\"@id\":\"https:\/\/gjuteriteknik.se\/miljo-kvalitet\/#primaryimage\",\"url\":\"https:\/\/gjuteriteknik.se\/wp-content\/uploads\/2023\/06\/kvalitetmiljo_main.jpg\",\"contentUrl\":\"https:\/\/gjuteriteknik.se\/wp-content\/uploads\/2023\/06\/kvalitetmiljo_main.jpg\",\"width\":1920,\"height\":650},{\"@type\":\"BreadcrumbList\",\"@id\":\"https:\/\/gjuteriteknik.se\/miljo-kvalitet\/#breadcrumb\",\"itemListElement\":[{\"@type\":\"ListItem\",\"position\":1,\"name\":\"Hem\",\"item\":\"https:\/\/gjuteriteknik.se\/\"},{\"@type\":\"ListItem\",\"position\":2,\"name\":\"Umwelt &#038; Qualit\u00e4t\"}]},{\"@type\":\"WebSite\",\"@id\":\"https:\/\/gjuteriteknik.se\/#website\",\"url\":\"https:\/\/gjuteriteknik.se\/\",\"name\":\"Gjuteriteknik\",\"description\":\"Specialister inom pressgjutning av zink\",\"publisher\":{\"@id\":\"https:\/\/gjuteriteknik.se\/#organization\"},\"potentialAction\":[{\"@type\":\"SearchAction\",\"target\":{\"@type\":\"EntryPoint\",\"urlTemplate\":\"https:\/\/gjuteriteknik.se\/?s={search_term_string}\"},\"query-input\":{\"@type\":\"PropertyValueSpecification\",\"valueRequired\":true,\"valueName\":\"search_term_string\"}}],\"inLanguage\":\"de\"},{\"@type\":\"Organization\",\"@id\":\"https:\/\/gjuteriteknik.se\/#organization\",\"name\":\"Gjuteriteknik\",\"url\":\"https:\/\/gjuteriteknik.se\/\",\"logo\":{\"@type\":\"ImageObject\",\"inLanguage\":\"de\",\"@id\":\"https:\/\/gjuteriteknik.se\/#\/schema\/logo\/image\/\",\"url\":\"https:\/\/gjuteriteknik.se\/wp-content\/uploads\/2023\/08\/gtlogo.jpg\",\"contentUrl\":\"https:\/\/gjuteriteknik.se\/wp-content\/uploads\/2023\/08\/gtlogo.jpg\",\"width\":514,\"height\":515,\"caption\":\"Gjuteriteknik\"},\"image\":{\"@id\":\"https:\/\/gjuteriteknik.se\/#\/schema\/logo\/image\/\"},\"sameAs\":[\"https:\/\/www.facebook.com\/gjuteriteknik\/\"]}]}<\/script>\n<!-- \/ Yoast SEO plugin. -->","yoast_head_json":{"title":"Umwelt & Qualit\u00e4t - Gjuteriteknik AB","robots":{"index":"index","follow":"follow","max-snippet":"max-snippet:-1","max-image-preview":"max-image-preview:large","max-video-preview":"max-video-preview:-1"},"canonical":"https:\/\/gjuteriteknik.se\/miljo-kvalitet\/","og_locale":"de_DE","og_type":"article","og_title":"Umwelt & Qualit\u00e4t - Gjuteriteknik AB","og_description":"[vc_row equal_height=&#8220;yes&#8220; bg_position=&#8220;center top&#8220; bg_attachment=&#8220;fixed&#8220; enable_loading_bg=&#8220;yes&#8220; css=&#8220;.vc_custom_1686175904105{background-image: url(https:\/\/gjuteriteknik.se\/wp-content\/uploads\/2023\/06\/kvalitetmiljo_main.jpg?id=708) !important;background-position: center !important;background-repeat: no-repeat !important;background-size: cover !important;}&#8220;][vc_column enable_content_animation=&#8220;yes&#8220; ca_init_scale_x=&#8220;1&#8243; ca_init_scale_y=&#8220;1&#8243; ca_init_opacity=&#8220;0&#8243; ca_an_scale_x=&#8220;1&#8243; ca_an_scale_y=&#8220;1&#8243; ca_an_opacity=&#8220;1&#8243; offset=&#8220;vc_col-md-12&#8243; ca_duration=&#8220;1600&#8243; ca_start_delay=&#8220;600&#8243; ca_delay=&#8220;160&#8243; ca_init_translate_y=&#8220;50&#8243; responsive_css=&#8220;padding_top_medium:300px|padding_bottom_medium:300px&#8220; css=&#8220;.vc_custom_1685661738291{padding-top: 140px !important;padding-bottom: 140px !important;}&#8220;][\/vc_column][\/vc_row][vc_row content_placement=&#8220;middle&#8220; responsive_css=&#8220;margin_top_large:60px&#8220; css=&#8220;.vc_custom_1685659638776{margin-top: 30px !important;}&#8220;][vc_column width=&#8220;1\/2&#8243;][\/vc_column][vc_column width=&#8220;1\/2&#8243;][vc_single_image image=&#8220;2786&#8243; style=&#8220;vc_box_shadow_border&#8220;][\/vc_column][\/vc_row][vc_row full_width=&#8220;stretch_row&#8220; gap=&#8220;0&#8243; responsive_css=&#8220;padding_top_large:20px|padding_bottom_large:20px&#8220; row_hide=&#8220;hidden-xs hidden-sm&#8220;][vc_column][vc_separator][\/vc_column][\/vc_row][vc_row content_placement=&#8220;middle&#8220;][vc_column width=&#8220;1\/2&#8243;][vc_single_image image=&#8220;2790&#8243; style=&#8220;vc_box_shadow_border&#8220;][\/vc_column][vc_column width=&#8220;1\/2&#8243; column_top_onmobile=&#8220;yes&#8220;][\/vc_column][\/vc_row][vc_row full_width=&#8220;stretch_row&#8220; gap=&#8220;0&#8243; [&hellip;]","og_url":"https:\/\/gjuteriteknik.se\/miljo-kvalitet\/","og_site_name":"Gjuteriteknik AB","article_publisher":"https:\/\/www.facebook.com\/gjuteriteknik\/","article_modified_time":"2026-01-30T15:45:52+00:00","og_image":[{"width":1920,"height":650,"url":"https:\/\/gjuteriteknik.se\/wp-content\/uploads\/2023\/06\/kvalitetmiljo_main.jpg","type":"image\/jpeg"}],"twitter_card":"summary_large_image","twitter_misc":{"Gesch\u00e4tzte Lesezeit":"3\u00a0Minuten"},"schema":{"@context":"https:\/\/schema.org","@graph":[{"@type":"WebPage","@id":"https:\/\/gjuteriteknik.se\/miljo-kvalitet\/","url":"https:\/\/gjuteriteknik.se\/miljo-kvalitet\/","name":"Umwelt & Qualit\u00e4t - Gjuteriteknik AB","isPartOf":{"@id":"https:\/\/gjuteriteknik.se\/#website"},"primaryImageOfPage":{"@id":"https:\/\/gjuteriteknik.se\/miljo-kvalitet\/#primaryimage"},"image":{"@id":"https:\/\/gjuteriteknik.se\/miljo-kvalitet\/#primaryimage"},"thumbnailUrl":"https:\/\/gjuteriteknik.se\/wp-content\/uploads\/2023\/06\/kvalitetmiljo_main.jpg","datePublished":"2023-06-07T22:13:06+00:00","dateModified":"2026-01-30T15:45:52+00:00","breadcrumb":{"@id":"https:\/\/gjuteriteknik.se\/miljo-kvalitet\/#breadcrumb"},"inLanguage":"de","potentialAction":[{"@type":"ReadAction","target":["https:\/\/gjuteriteknik.se\/miljo-kvalitet\/"]}]},{"@type":"ImageObject","inLanguage":"de","@id":"https:\/\/gjuteriteknik.se\/miljo-kvalitet\/#primaryimage","url":"https:\/\/gjuteriteknik.se\/wp-content\/uploads\/2023\/06\/kvalitetmiljo_main.jpg","contentUrl":"https:\/\/gjuteriteknik.se\/wp-content\/uploads\/2023\/06\/kvalitetmiljo_main.jpg","width":1920,"height":650},{"@type":"BreadcrumbList","@id":"https:\/\/gjuteriteknik.se\/miljo-kvalitet\/#breadcrumb","itemListElement":[{"@type":"ListItem","position":1,"name":"Hem","item":"https:\/\/gjuteriteknik.se\/"},{"@type":"ListItem","position":2,"name":"Umwelt &#038; Qualit\u00e4t"}]},{"@type":"WebSite","@id":"https:\/\/gjuteriteknik.se\/#website","url":"https:\/\/gjuteriteknik.se\/","name":"Gjuteriteknik","description":"Specialister inom pressgjutning av zink","publisher":{"@id":"https:\/\/gjuteriteknik.se\/#organization"},"potentialAction":[{"@type":"SearchAction","target":{"@type":"EntryPoint","urlTemplate":"https:\/\/gjuteriteknik.se\/?s={search_term_string}"},"query-input":{"@type":"PropertyValueSpecification","valueRequired":true,"valueName":"search_term_string"}}],"inLanguage":"de"},{"@type":"Organization","@id":"https:\/\/gjuteriteknik.se\/#organization","name":"Gjuteriteknik","url":"https:\/\/gjuteriteknik.se\/","logo":{"@type":"ImageObject","inLanguage":"de","@id":"https:\/\/gjuteriteknik.se\/#\/schema\/logo\/image\/","url":"https:\/\/gjuteriteknik.se\/wp-content\/uploads\/2023\/08\/gtlogo.jpg","contentUrl":"https:\/\/gjuteriteknik.se\/wp-content\/uploads\/2023\/08\/gtlogo.jpg","width":514,"height":515,"caption":"Gjuteriteknik"},"image":{"@id":"https:\/\/gjuteriteknik.se\/#\/schema\/logo\/image\/"},"sameAs":["https:\/\/www.facebook.com\/gjuteriteknik\/"]}]}},"_links":{"self":[{"href":"https:\/\/gjuteriteknik.se\/de\/wp-json\/wp\/v2\/pages\/1631","targetHints":{"allow":["GET"]}}],"collection":[{"href":"https:\/\/gjuteriteknik.se\/de\/wp-json\/wp\/v2\/pages"}],"about":[{"href":"https:\/\/gjuteriteknik.se\/de\/wp-json\/wp\/v2\/types\/page"}],"author":[{"embeddable":true,"href":"https:\/\/gjuteriteknik.se\/de\/wp-json\/wp\/v2\/users\/1"}],"replies":[{"embeddable":true,"href":"https:\/\/gjuteriteknik.se\/de\/wp-json\/wp\/v2\/comments?post=1631"}],"version-history":[{"count":5,"href":"https:\/\/gjuteriteknik.se\/de\/wp-json\/wp\/v2\/pages\/1631\/revisions"}],"predecessor-version":[{"id":2813,"href":"https:\/\/gjuteriteknik.se\/de\/wp-json\/wp\/v2\/pages\/1631\/revisions\/2813"}],"wp:featuredmedia":[{"embeddable":true,"href":"https:\/\/gjuteriteknik.se\/de\/wp-json\/wp\/v2\/media\/1306"}],"wp:attachment":[{"href":"https:\/\/gjuteriteknik.se\/de\/wp-json\/wp\/v2\/media?parent=1631"}],"curies":[{"name":"wp","href":"https:\/\/api.w.org\/{rel}","templated":true}]}}